{"id":1124,"date":"2021-12-03T12:57:19","date_gmt":"2021-12-03T11:57:19","guid":{"rendered":"http:\/\/drmsrl.it\/politique-de-confidentialite\/"},"modified":"2023-10-10T16:46:19","modified_gmt":"2023-10-10T14:46:19","slug":"politique-de-confidentialite","status":"publish","type":"page","link":"https:\/\/www.drmsrl.it\/fr\/politique-de-confidentialite\/","title":{"rendered":"Politique de confidentialit\u00e9"},"content":{"rendered":"\t\t<div data-elementor-type=\"wp-page\" data-elementor-id=\"1124\" class=\"elementor elementor-1124 elementor-3\">\n\t\t\t\t\t\t\t\t\t<section class=\"elementor-section elementor-top-section elementor-element elementor-element-be4f632 elementor-section-boxed elementor-section-height-default elementor-section-height-default\" data-id=\"be4f632\" data-element_type=\"section\">\n\t\t\t\t\t\t<div class=\"elementor-container elementor-column-gap-default\">\n\t\t\t\t\t<div class=\"elementor-column elementor-col-100 elementor-top-column elementor-element elementor-element-3bb37bd\" data-id=\"3bb37bd\" data-element_type=\"column\">\n\t\t\t<div class=\"elementor-widget-wrap elementor-element-populated\">\n\t\t\t\t\t\t\t\t<div class=\"elementor-element elementor-element-2a65c7b elementor-widget elementor-widget-heading\" data-id=\"2a65c7b\" data-element_type=\"widget\" data-widget_type=\"heading.default\">\n\t\t\t\t<div class=\"elementor-widget-container\">\n\t\t\t<style>\/*! elementor - v3.11.5 - 14-03-2023 *\/\n.elementor-heading-title{padding:0;margin:0;line-height:1}.elementor-widget-heading .elementor-heading-title[class*=elementor-size-]>a{color:inherit;font-size:inherit;line-height:inherit}.elementor-widget-heading .elementor-heading-title.elementor-size-small{font-size:15px}.elementor-widget-heading .elementor-heading-title.elementor-size-medium{font-size:19px}.elementor-widget-heading .elementor-heading-title.elementor-size-large{font-size:29px}.elementor-widget-heading .elementor-heading-title.elementor-size-xl{font-size:39px}.elementor-widget-heading .elementor-heading-title.elementor-size-xxl{font-size:59px}<\/style><h2 class=\"elementor-heading-title elementor-size-default\">Politique de confidentialit\u00e9<\/h2>\t\t<\/div>\n\t\t\t\t<\/div>\n\t\t\t\t<div class=\"elementor-element elementor-element-cbba689 elementor-widget elementor-widget-text-editor\" data-id=\"cbba689\" data-element_type=\"widget\" data-widget_type=\"text-editor.default\">\n\t\t\t\t<div class=\"elementor-widget-container\">\n\t\t\t<style>\/*! elementor - v3.11.5 - 14-03-2023 *\/\n.elementor-widget-text-editor.elementor-drop-cap-view-stacked .elementor-drop-cap{background-color:#818a91;color:#fff}.elementor-widget-text-editor.elementor-drop-cap-view-framed .elementor-drop-cap{color:#818a91;border:3px solid;background-color:transparent}.elementor-widget-text-editor:not(.elementor-drop-cap-view-default) .elementor-drop-cap{margin-top:8px}.elementor-widget-text-editor:not(.elementor-drop-cap-view-default) .elementor-drop-cap-letter{width:1em;height:1em}.elementor-widget-text-editor .elementor-drop-cap{float:left;text-align:center;line-height:1;font-size:50px}.elementor-widget-text-editor .elementor-drop-cap-letter{display:inline-block}<\/style>\t\t\t\t<div class=\"column mcb-column mcb-item-e3a9fc265 one column_divider\">\r\n<p class=\"p1\">Cette page d\u00e9crit les modes de gestion du site en r\u00e9f\u00e9rence au traitement des donn\u00e9es \u00e0 caract\u00e8re personnel des utilisateurs qui le consultent.\r\nIl s&#8217;agit d&#8217;une information \u00e9galement fournie conform\u00e9ment \u00e0 l&#8217;art. 13 du R\u00e8glement europ\u00e9en 2016\/679 aux personnes qui interagissent avec les services Web accessibles par voie \u00e9lectronique \u00e0 partir de l&#8217;adresse :\u00a0<a href=\"http:\/\/www.drmsrl.it\/\"><span class=\"s1\">www.drmsrl.it<\/span><\/a>.\r\nLa note d&#8217;information est fournie uniquement pour le site en question et non pour d&#8217;autres sites Web \u00e9ventuellement consult\u00e9s par l&#8217;utilisateur via des liens.<\/p>\r\n<p class=\"p1\"><b>Le titulaire du traitement.<\/b><\/p>\r\n<p class=\"p1\">Suite \u00e0 la consultation de ce site, des donn\u00e9es relatives \u00e0 des personnes identifi\u00e9es ou identifiables peuvent \u00eatre trait\u00e9es.\r\nLe \u00ab\u00a0titulaire \u00bb de leur traitement est <b>D.R.M. S.r.l.<\/b> dont le si\u00e8ge social se situe <b>Via Piva, 2 &#8211; 46025 Poggio Rusco (MN)<\/b>.<\/p>\r\n<p class=\"p1\"><b>Lieu de traitement des donn\u00e9es.<\/b><\/p>\r\n<p class=\"p1\">Le site suivant est physiquement h\u00e9berg\u00e9 en Italie, au sein de l&#8217;Union europ\u00e9enne.<\/p>\r\n<p class=\"p1\">Les donn\u00e9es \u00e0 caract\u00e8re personnel des utilisateurs sont trait\u00e9es par le personnel autoris\u00e9 de D.R.M. Srl ainsi que par des soci\u00e9t\u00e9s informatiques externes pour les activit\u00e9s d&#8217;assistance et de maintenance, en qualit\u00e9 de responsables du traitement.<\/p>\r\n<p class=\"p1\">Le titulaire peut communiquer les donn\u00e9es pr\u00e9sentes sur le site \u00e0 des organismes ou autorit\u00e9s publiques lorsque la loi l&#8217;exige ou que cela est n\u00e9cessaire dans le but de prot\u00e9ger leurs droits.<\/p>\r\n<p class=\"p1\">Aucune donn\u00e9e d\u00e9rivant de l&#8217;interaction avec le site Web n&#8217;est diffus\u00e9e.<\/p>\r\n<p class=\"p1\"><b>Types de donn\u00e9es trait\u00e9es.<\/b><\/p>\r\n<p class=\"p1\"><b>Donn\u00e9es de navigation<\/b>\r\nLes syst\u00e8mes informatiques et proc\u00e9dures logicielles utilis\u00e9es pour faire fonctionner ce site Web acqui\u00e8rent, lors de leur fonctionnement normal, certaines donn\u00e9es personnelles dont la transmission est implicite dans l&#8217;utilisation des protocoles de communication Internet.\r\nIl s&#8217;agit d&#8217;informations qui ne sont pas collect\u00e9es pour \u00eatre associ\u00e9es \u00e0 des int\u00e9ress\u00e9s identifi\u00e9s, mais qui, de par leur nature m\u00eame, pourraient, \u00e0 travers des traitements et associations avec des donn\u00e9es d\u00e9tenues par des tiers, permettre d&#8217;identifier les utilisateurs. Cette cat\u00e9gorie de donn\u00e9es comprend les adresses IP ou les noms de domaine des ordinateurs utilis\u00e9s par les utilisateurs qui se connectent au site, les adresses URI (Uniform Resource Identifier) des ressources demand\u00e9es, l&#8217;heure de la demande, la m\u00e9thode utilis\u00e9e pour soumettre la demande au serveur, la taille du fichier obtenu en r\u00e9ponse, le code num\u00e9rique indiquant l&#8217;\u00e9tat de la r\u00e9ponse donn\u00e9e par le serveur (succ\u00e8s, erreur, etc.) et d&#8217;autres param\u00e8tres relatifs au syst\u00e8me d&#8217;exploitation et \u00e0 l&#8217;environnement informatique de l&#8217;utilisateur.\r\nCes donn\u00e9es sont utilis\u00e9es uniquement pour obtenir des informations statistiques sur l&#8217;utilisation du site et v\u00e9rifier son bon fonctionnement puis supprim\u00e9es imm\u00e9diatement apr\u00e8s traitement. Les donn\u00e9es pourraient \u00eatre utilis\u00e9es pour d\u00e9terminer une responsabilit\u00e9 en cas d&#8217;hypoth\u00e9tiques d\u00e9lits informatiques contre le site.<\/p>\r\n<p class=\"p1\"><b>Donn\u00e9es fournies volontairement par l&#8217;utilisateur<\/b>\r\nL&#8217;utilisateur peut, sur la page <b>Contacts<\/b>, communiquer avec l&#8217;entreprise pour demander des informations et des \u00e9claircissements sur les produits\/services de D.R.M.<\/p>\r\n<p class=\"p1\">Les utilisateurs sont inform\u00e9s que le site ne traite pas certaines cat\u00e9gories de donn\u00e9es comme celles susceptibles de r\u00e9v\u00e9ler l&#8217;origine raciale et ethnique, les opinions politiques, les convictions religieuses ou philosophiques, l&#8217;appartenance \u00e0 un syndicat, les donn\u00e9es concernant la sant\u00e9 et la vie sexuelle ainsi que les donn\u00e9es g\u00e9n\u00e9tiques et biom\u00e9triques. Il est donc conseill\u00e9 aux utilisateurs de ne pas envoyer dans leurs communications de donn\u00e9es sensibles telles que celles susmentionn\u00e9es ni de donn\u00e9es d&#8217;identification de tiers (dans ce cas, il est pr\u00e9f\u00e9rable de modifier les noms).<\/p>\r\n<p class=\"p1\"><b>Finalit\u00e9 du traitement et base juridique<\/b><\/p>\r\n<p class=\"p1\">Le traitement des donn\u00e9es repose sur :<\/p>\r\n\r\n<ol class=\"ol1\">\r\n \t<li class=\"li2\"><span class=\"s2\">l&#8217;int\u00e9r\u00eat l\u00e9gitime \u00e0 surveiller le fonctionnement du site \u00e0 des fins d&#8217;efficacit\u00e9 et de s\u00e9curit\u00e9 de celui-ci\u00a0;<\/span><\/li>\r\n \t<li class=\"li2\"><span class=\"s2\">l&#8217;int\u00e9r\u00eat l\u00e9gitime \u00e0 l&#8217;analyse de traitements statistiques anonymes sur l&#8217;utilisation du site en vue d&#8217;optimiser les services\u00a0;<\/span><\/li>\r\n \t<li class=\"li2\"><span class=\"s2\">l&#8217;int\u00e9r\u00eat l\u00e9gitime \u00e0 traiter les \u00e9ventuelles demandes spontan\u00e9es des utilisateurs ;<\/span><\/li>\r\n \t<li class=\"li3\"><span class=\"s2\">l&#8217;accomplissement d&#8217;\u00e9ventuelles n\u00e9gociations pr\u00e9contractuelles stimul\u00e9es par l&#8217;int\u00e9ress\u00e9.<\/span><\/li>\r\n<\/ol>\r\n<p class=\"p1\"><b>Fourniture facultative de donn\u00e9es<\/b><\/p>\r\n<p class=\"p1\">En dehors de ce qui est sp\u00e9cifi\u00e9 pour les donn\u00e9es de navigation, l&#8217;utilisateur est libre de fournir spontan\u00e9ment des donn\u00e9es \u00e0 caract\u00e8re personnel.<\/p>\r\n<p class=\"p1\">Une fourniture partielle ou incorrecte de donn\u00e9es entra\u00eene l&#8217;impossibilit\u00e9 de satisfaire toute \u00e9ventuelle requ\u00eate de fa\u00e7on compl\u00e8te ou correcte.<\/p>\r\n<p class=\"p1\"><b>Cookies<\/b>\r\nToutes les informations relatives aux cookies sont disponibles dans la Politique relative aux cookies publi\u00e9e et disponible sur ce site.<\/p>\r\n<p class=\"p1\"><b>Transfert de donn\u00e9es hors de l&#8217;UE<\/b><\/p>\r\n<p class=\"p1\">Les donn\u00e9es ne sont pas transf\u00e9r\u00e9es hors de l&#8217;Union europ\u00e9enne.<\/p>\r\n<p class=\"p1\"><b>Conservation des donn\u00e9es<\/b><\/p>\r\n<p class=\"p1\">Le titulaire traite les donn\u00e9es \u00e0 caract\u00e8re personnel le temps n\u00e9cessaire \u00e0 la r\u00e9alisation des finalit\u00e9s susmentionn\u00e9es et quoi qu&#8217;il en soit pendant 10 ans maximum \u00e0 compter de la fin du rapport contractuel.<\/p>\r\n<p class=\"p1\"><b>Droits des int\u00e9ress\u00e9s.<\/b><\/p>\r\n<p class=\"p1\">L&#8217;int\u00e9ress\u00e9 a le droit de demander au titulaire d&#8217;acc\u00e9der aux donn\u00e9es, de les corriger, de les supprimer, d&#8217;en limiter le traitement ou de s&#8217;y opposer, outre le droit \u00e0 la portabilit\u00e9 des donn\u00e9es, dans les conditions \u00e9tablies par les articles. 15,16,17,18,20,21 du R\u00e8glement UE 2016\/679.<\/p>\r\n<p class=\"p1\">En outre, l&#8217;int\u00e9ress\u00e9 a le droit de retirer son consentement \u00e0 tout moment sans pr\u00e9judice de la lic\u00e9it\u00e9 du traitement fond\u00e9 sur le consentement donn\u00e9 avant la r\u00e9vocation.<\/p>\r\n<p class=\"p1\">Enfin, l&#8217;int\u00e9ress\u00e9 a le droit de d\u00e9poser une r\u00e9clamation aupr\u00e8s d&#8217;une autorit\u00e9 de contr\u00f4le s&#8217;il estime que le traitement dont il fait l&#8217;objet viole le R\u00e8glement europ\u00e9en.<\/p>\r\n<p class=\"p1\">Les demandes doivent \u00eatre adress\u00e9es au titulaire du traitement en \u00e9crivant \u00e0\u00a0<a href=\"mailto:info@drmsrl.it\"><span class=\"s1\">info@drmsrl.it<\/span><\/a> .<\/p>\r\n<p class=\"p1\"><b>D.R.M. S.r.l.<\/b> se r\u00e9serve le droit de mettre \u00e0 jour la pr\u00e9sente Politique de confidentialit\u00e9 pour l&#8217;adapter au droit applicable, et afin de tenir compte des suggestions fournies par des employ\u00e9s, clients, collaborateurs et utilisateurs.<\/p>\r\n\r\n<\/div>\t\t\t\t\t\t<\/div>\n\t\t\t\t<\/div>\n\t\t\t\t\t<\/div>\n\t\t<\/div>\n\t\t\t\t\t\t\t<\/div>\n\t\t<\/section>\n\t\t\t\t\t\t\t<\/div>\n\t\t","protected":false},"excerpt":{"rendered":"<p>Politique de confidentialit\u00e9 Cette page d\u00e9crit les modes de gestion du site en r\u00e9f\u00e9rence au traitement des donn\u00e9es \u00e0 caract\u00e8re personnel des utilisateurs qui le consultent. Il s&#8217;agit d&#8217;une information \u00e9galement fournie conform\u00e9ment \u00e0 l&#8217;art. 13 du R\u00e8glement europ\u00e9en 2016\/679 aux personnes qui interagissent avec les services Web accessibles par voie \u00e9lectronique \u00e0 partir de &hellip;<\/p>\n<p class=\"read-more\"> <a class=\"\" href=\"https:\/\/www.drmsrl.it\/fr\/politique-de-confidentialite\/\"> <span class=\"screen-reader-text\">Politique de confidentialit\u00e9<\/span> Lire la suite\u00a0\u00bb<\/a><\/p>\n","protected":false},"author":1,"featured_media":0,"parent":0,"menu_order":0,"comment_status":"closed","ping_status":"open","template":"elementor_header_footer","meta":{"site-sidebar-layout":"no-sidebar","site-content-layout":"page-builder","ast-global-header-display":"","ast-main-header-display":"","ast-hfb-above-header-display":"","ast-hfb-below-header-display":"","ast-hfb-mobile-header-display":"","site-post-title":"disabled","ast-breadcrumbs-content":"","ast-featured-img":"disabled","footer-sml-layout":"","theme-transparent-header-meta":"","adv-header-id-meta":"","stick-header-meta":"","header-above-stick-meta":"","header-main-stick-meta":"","header-below-stick-meta":"","footnotes":""},"class_list":["post-1124","page","type-page","status-publish","hentry"],"acf":[],"yoast_head":"<!-- This site is optimized with the Yoast SEO plugin v19.6.1 - https:\/\/yoast.com\/wordpress\/plugins\/seo\/ -->\n<title>Politique de confidentialit\u00e9 - DRM SRL<\/title>\n<meta name=\"robots\" content=\"index, follow, max-snippet:-1, max-image-preview:large, max-video-preview:-1\" \/>\n<link rel=\"canonical\" href=\"https:\/\/www.drmsrl.it\/privacy-policy\/\" \/>\n<meta property=\"og:locale\" content=\"fr_FR\" \/>\n<meta property=\"og:type\" content=\"article\" \/>\n<meta property=\"og:title\" content=\"Politique de confidentialit\u00e9 - DRM SRL\" \/>\n<meta property=\"og:description\" content=\"Politique de confidentialit\u00e9 Cette page d\u00e9crit les modes de gestion du site en r\u00e9f\u00e9rence au traitement des donn\u00e9es \u00e0 caract\u00e8re personnel des utilisateurs qui le consultent. Il s&#8217;agit d&#8217;une information \u00e9galement fournie conform\u00e9ment \u00e0 l&#8217;art. 13 du R\u00e8glement europ\u00e9en 2016\/679 aux personnes qui interagissent avec les services Web accessibles par voie \u00e9lectronique \u00e0 partir de &hellip; Politique de confidentialit\u00e9 Lire la suite\u00a0\u00bb\" \/>\n<meta property=\"og:url\" content=\"https:\/\/www.drmsrl.it\/privacy-policy\/\" \/>\n<meta property=\"og:site_name\" content=\"DRM SRL\" \/>\n<meta property=\"article:modified_time\" content=\"2023-10-10T14:46:19+00:00\" \/>\n<meta name=\"twitter:card\" content=\"summary_large_image\" \/>\n<meta name=\"twitter:label1\" content=\"Dur\u00e9e de lecture estim\u00e9e\" \/>\n\t<meta name=\"twitter:data1\" content=\"5 minutes\" \/>\n<script type=\"application\/ld+json\" class=\"yoast-schema-graph\">{\"@context\":\"https:\/\/schema.org\",\"@graph\":[{\"@type\":\"WebPage\",\"@id\":\"https:\/\/www.drmsrl.it\/privacy-policy\/\",\"url\":\"https:\/\/www.drmsrl.it\/privacy-policy\/\",\"name\":\"Politique de confidentialit\u00e9 - DRM SRL\",\"isPartOf\":{\"@id\":\"https:\/\/www.drmsrl.it\/#website\"},\"datePublished\":\"2021-12-03T11:57:19+00:00\",\"dateModified\":\"2023-10-10T14:46:19+00:00\",\"breadcrumb\":{\"@id\":\"https:\/\/www.drmsrl.it\/privacy-policy\/#breadcrumb\"},\"inLanguage\":\"fr-FR\",\"potentialAction\":[{\"@type\":\"ReadAction\",\"target\":[\"https:\/\/www.drmsrl.it\/privacy-policy\/\"]}]},{\"@type\":\"BreadcrumbList\",\"@id\":\"https:\/\/www.drmsrl.it\/privacy-policy\/#breadcrumb\",\"itemListElement\":[{\"@type\":\"ListItem\",\"position\":1,\"name\":\"Home\",\"item\":\"https:\/\/www.drmsrl.it\/\"},{\"@type\":\"ListItem\",\"position\":2,\"name\":\"Politique de confidentialit\u00e9\"}]},{\"@type\":\"WebSite\",\"@id\":\"https:\/\/www.drmsrl.it\/#website\",\"url\":\"https:\/\/www.drmsrl.it\/\",\"name\":\"DRM SRL\",\"description\":\"Dalle persone per le persone\",\"publisher\":{\"@id\":\"https:\/\/www.drmsrl.it\/#organization\"},\"potentialAction\":[{\"@type\":\"SearchAction\",\"target\":{\"@type\":\"EntryPoint\",\"urlTemplate\":\"https:\/\/www.drmsrl.it\/?s={search_term_string}\"},\"query-input\":\"required name=search_term_string\"}],\"inLanguage\":\"fr-FR\"},{\"@type\":\"Organization\",\"@id\":\"https:\/\/www.drmsrl.it\/#organization\",\"name\":\"DRM SRL\",\"url\":\"https:\/\/www.drmsrl.it\/\",\"sameAs\":[],\"logo\":{\"@type\":\"ImageObject\",\"inLanguage\":\"fr-FR\",\"@id\":\"https:\/\/www.drmsrl.it\/#\/schema\/logo\/image\/\",\"url\":\"https:\/\/www.drmsrl.it\/wp-content\/uploads\/2021\/11\/logo-drm.svg\",\"contentUrl\":\"https:\/\/www.drmsrl.it\/wp-content\/uploads\/2021\/11\/logo-drm.svg\",\"width\":72,\"height\":52,\"caption\":\"DRM SRL\"},\"image\":{\"@id\":\"https:\/\/www.drmsrl.it\/#\/schema\/logo\/image\/\"}}]}<\/script>\n<!-- \/ Yoast SEO plugin. -->","yoast_head_json":{"title":"Politique de confidentialit\u00e9 - DRM SRL","robots":{"index":"index","follow":"follow","max-snippet":"max-snippet:-1","max-image-preview":"max-image-preview:large","max-video-preview":"max-video-preview:-1"},"canonical":"https:\/\/www.drmsrl.it\/privacy-policy\/","og_locale":"fr_FR","og_type":"article","og_title":"Politique de confidentialit\u00e9 - DRM SRL","og_description":"Politique de confidentialit\u00e9 Cette page d\u00e9crit les modes de gestion du site en r\u00e9f\u00e9rence au traitement des donn\u00e9es \u00e0 caract\u00e8re personnel des utilisateurs qui le consultent. Il s&#8217;agit d&#8217;une information \u00e9galement fournie conform\u00e9ment \u00e0 l&#8217;art. 13 du R\u00e8glement europ\u00e9en 2016\/679 aux personnes qui interagissent avec les services Web accessibles par voie \u00e9lectronique \u00e0 partir de &hellip; Politique de confidentialit\u00e9 Lire la suite\u00a0\u00bb","og_url":"https:\/\/www.drmsrl.it\/privacy-policy\/","og_site_name":"DRM SRL","article_modified_time":"2023-10-10T14:46:19+00:00","twitter_card":"summary_large_image","twitter_misc":{"Dur\u00e9e de lecture estim\u00e9e":"5 minutes"},"schema":{"@context":"https:\/\/schema.org","@graph":[{"@type":"WebPage","@id":"https:\/\/www.drmsrl.it\/privacy-policy\/","url":"https:\/\/www.drmsrl.it\/privacy-policy\/","name":"Politique de confidentialit\u00e9 - DRM SRL","isPartOf":{"@id":"https:\/\/www.drmsrl.it\/#website"},"datePublished":"2021-12-03T11:57:19+00:00","dateModified":"2023-10-10T14:46:19+00:00","breadcrumb":{"@id":"https:\/\/www.drmsrl.it\/privacy-policy\/#breadcrumb"},"inLanguage":"fr-FR","potentialAction":[{"@type":"ReadAction","target":["https:\/\/www.drmsrl.it\/privacy-policy\/"]}]},{"@type":"BreadcrumbList","@id":"https:\/\/www.drmsrl.it\/privacy-policy\/#breadcrumb","itemListElement":[{"@type":"ListItem","position":1,"name":"Home","item":"https:\/\/www.drmsrl.it\/"},{"@type":"ListItem","position":2,"name":"Politique de confidentialit\u00e9"}]},{"@type":"WebSite","@id":"https:\/\/www.drmsrl.it\/#website","url":"https:\/\/www.drmsrl.it\/","name":"DRM SRL","description":"Dalle persone per le persone","publisher":{"@id":"https:\/\/www.drmsrl.it\/#organization"},"potentialAction":[{"@type":"SearchAction","target":{"@type":"EntryPoint","urlTemplate":"https:\/\/www.drmsrl.it\/?s={search_term_string}"},"query-input":"required name=search_term_string"}],"inLanguage":"fr-FR"},{"@type":"Organization","@id":"https:\/\/www.drmsrl.it\/#organization","name":"DRM SRL","url":"https:\/\/www.drmsrl.it\/","sameAs":[],"logo":{"@type":"ImageObject","inLanguage":"fr-FR","@id":"https:\/\/www.drmsrl.it\/#\/schema\/logo\/image\/","url":"https:\/\/www.drmsrl.it\/wp-content\/uploads\/2021\/11\/logo-drm.svg","contentUrl":"https:\/\/www.drmsrl.it\/wp-content\/uploads\/2021\/11\/logo-drm.svg","width":72,"height":52,"caption":"DRM SRL"},"image":{"@id":"https:\/\/www.drmsrl.it\/#\/schema\/logo\/image\/"}}]}},"_links":{"self":[{"href":"https:\/\/www.drmsrl.it\/fr\/wp-json\/wp\/v2\/pages\/1124","targetHints":{"allow":["GET"]}}],"collection":[{"href":"https:\/\/www.drmsrl.it\/fr\/wp-json\/wp\/v2\/pages"}],"about":[{"href":"https:\/\/www.drmsrl.it\/fr\/wp-json\/wp\/v2\/types\/page"}],"author":[{"embeddable":true,"href":"https:\/\/www.drmsrl.it\/fr\/wp-json\/wp\/v2\/users\/1"}],"replies":[{"embeddable":true,"href":"https:\/\/www.drmsrl.it\/fr\/wp-json\/wp\/v2\/comments?post=1124"}],"version-history":[{"count":3,"href":"https:\/\/www.drmsrl.it\/fr\/wp-json\/wp\/v2\/pages\/1124\/revisions"}],"predecessor-version":[{"id":2588,"href":"https:\/\/www.drmsrl.it\/fr\/wp-json\/wp\/v2\/pages\/1124\/revisions\/2588"}],"wp:attachment":[{"href":"https:\/\/www.drmsrl.it\/fr\/wp-json\/wp\/v2\/media?parent=1124"}],"curies":[{"name":"wp","href":"https:\/\/api.w.org\/{rel}","templated":true}]}}