{"id":1116,"date":"2021-12-03T12:48:25","date_gmt":"2021-12-03T11:48:25","guid":{"rendered":"http:\/\/drmsrl.it\/mentions-legales\/"},"modified":"2021-12-03T12:48:25","modified_gmt":"2021-12-03T11:48:25","slug":"mentions-legales","status":"publish","type":"page","link":"https:\/\/www.drmsrl.it\/fr\/mentions-legales\/","title":{"rendered":"Mentions L\u00e9gales"},"content":{"rendered":"\t\t<div data-elementor-type=\"wp-page\" data-elementor-id=\"1116\" class=\"elementor elementor-1116 elementor-445\">\n\t\t\t\t\t\t\t\t\t<section class=\"elementor-section elementor-top-section elementor-element elementor-element-f3cbcb6 elementor-section-boxed elementor-section-height-default elementor-section-height-default\" data-id=\"f3cbcb6\" data-element_type=\"section\">\n\t\t\t\t\t\t<div class=\"elementor-container elementor-column-gap-default\">\n\t\t\t\t\t<div class=\"elementor-column elementor-col-100 elementor-top-column elementor-element elementor-element-5a59049\" data-id=\"5a59049\" data-element_type=\"column\">\n\t\t\t<div class=\"elementor-widget-wrap elementor-element-populated\">\n\t\t\t\t\t\t\t\t<div class=\"elementor-element elementor-element-b8f7a02 elementor-widget elementor-widget-heading\" data-id=\"b8f7a02\" data-element_type=\"widget\" data-widget_type=\"heading.default\">\n\t\t\t\t<div class=\"elementor-widget-container\">\n\t\t\t<style>\/*! elementor - v3.11.5 - 14-03-2023 *\/\n.elementor-heading-title{padding:0;margin:0;line-height:1}.elementor-widget-heading .elementor-heading-title[class*=elementor-size-]>a{color:inherit;font-size:inherit;line-height:inherit}.elementor-widget-heading .elementor-heading-title.elementor-size-small{font-size:15px}.elementor-widget-heading .elementor-heading-title.elementor-size-medium{font-size:19px}.elementor-widget-heading .elementor-heading-title.elementor-size-large{font-size:29px}.elementor-widget-heading .elementor-heading-title.elementor-size-xl{font-size:39px}.elementor-widget-heading .elementor-heading-title.elementor-size-xxl{font-size:59px}<\/style><h2 class=\"elementor-heading-title elementor-size-default\">Mentions L\u00e9gales<\/h2>\t\t<\/div>\n\t\t\t\t<\/div>\n\t\t\t\t<div class=\"elementor-element elementor-element-eb26a81 elementor-widget elementor-widget-text-editor\" data-id=\"eb26a81\" data-element_type=\"widget\" data-widget_type=\"text-editor.default\">\n\t\t\t\t<div class=\"elementor-widget-container\">\n\t\t\t<style>\/*! elementor - v3.11.5 - 14-03-2023 *\/\n.elementor-widget-text-editor.elementor-drop-cap-view-stacked .elementor-drop-cap{background-color:#818a91;color:#fff}.elementor-widget-text-editor.elementor-drop-cap-view-framed .elementor-drop-cap{color:#818a91;border:3px solid;background-color:transparent}.elementor-widget-text-editor:not(.elementor-drop-cap-view-default) .elementor-drop-cap{margin-top:8px}.elementor-widget-text-editor:not(.elementor-drop-cap-view-default) .elementor-drop-cap-letter{width:1em;height:1em}.elementor-widget-text-editor .elementor-drop-cap{float:left;text-align:center;line-height:1;font-size:50px}.elementor-widget-text-editor .elementor-drop-cap-letter{display:inline-block}<\/style>\t\t\t\t<div class=\"column mcb-column mcb-item-b594bd6df one column_divider\">\n<hr class=\"no_line\" \/>\n<\/div>\n<div class=\"column mcb-column mcb-item-62b609d34 one-sixth column_column\">\n<div class=\"column_attr clearfix\"><\/div>\n<\/div>\n<div class=\"column mcb-column mcb-item-0d0e4da34 two-third column_column\">\n<div class=\"column_attr clearfix align_justify\">\n<p class=\"big\">D.R.M. S.r.l.\u00a0<strong>(DRM)<\/strong>\u00a0tout en s&#8217;effor\u00e7ant d&#8217;assurer l&#8217;exactitude et l&#8217;exhaustivit\u00e9 des informations fournies sur ce site web, n&#8217;assume aucune responsabilit\u00e9 pour toute erreur, inexactitude ou omission.<\/p>\n<p class=\"big\">En cons\u00e9quence, la soci\u00e9t\u00e9 ne sera pas responsable des dommages de quelque nature que ce soit qui pourraient r\u00e9sulter de l&#8217;acc\u00e8s \u00e0 ce site et de l&#8217;utilisation des informations fournies par son interm\u00e9diaire.<\/p>\n<p class=\"big\"><strong>DRM<\/strong>, en outre, ne garantit pas la possibilit\u00e9 d&#8217;un acc\u00e8s ininterrompu et constant au site web ou de liens permanents vers d&#8217;autres sites (li\u00e9s), dont il ne garantit \u00e9videmment pas la v\u00e9racit\u00e9 et l&#8217;actualit\u00e9 du contenu ; de m\u00eame, il ne garantit pas la transmission sans erreur d&#8217;informations via l&#8217;Internet et\/ou d&#8217;autres r\u00e9seaux, y compris le courrier \u00e9lectronique ; il ne peut non plus garantir le traitement et la repr\u00e9sentation exacts des informations par le logiciel et le mat\u00e9riel utilis\u00e9s par le propri\u00e9taire du site.<\/p>\n<p class=\"big\"><strong>DRM<\/strong>, enfin, n&#8217;est pas en mesure de garantir que son site web est exempt de virus ou d&#8217;autres \u00e9l\u00e9ments nuisibles aux utilisateurs, m\u00eame si DRM est activement engag\u00e9 dans ce domaine.<\/p>\n<\/div>\n<\/div>\n\t\t\t\t\t\t<\/div>\n\t\t\t\t<\/div>\n\t\t\t\t\t<\/div>\n\t\t<\/div>\n\t\t\t\t\t\t\t<\/div>\n\t\t<\/section>\n\t\t\t\t\t\t\t<\/div>\n\t\t","protected":false},"excerpt":{"rendered":"<p>Mentions L\u00e9gales D.R.M. S.r.l.\u00a0(DRM)\u00a0tout en s&#8217;effor\u00e7ant d&#8217;assurer l&#8217;exactitude et l&#8217;exhaustivit\u00e9 des informations fournies sur ce site web, n&#8217;assume aucune responsabilit\u00e9 pour toute erreur, inexactitude ou omission. En cons\u00e9quence, la soci\u00e9t\u00e9 ne sera pas responsable des dommages de quelque nature que ce soit qui pourraient r\u00e9sulter de l&#8217;acc\u00e8s \u00e0 ce site et de l&#8217;utilisation des informations &hellip;<\/p>\n<p class=\"read-more\"> <a class=\"\" href=\"https:\/\/www.drmsrl.it\/fr\/mentions-legales\/\"> <span class=\"screen-reader-text\">Mentions L\u00e9gales<\/span> Lire la suite\u00a0\u00bb<\/a><\/p>\n","protected":false},"author":1,"featured_media":0,"parent":0,"menu_order":0,"comment_status":"closed","ping_status":"closed","template":"","meta":{"site-sidebar-layout":"no-sidebar","site-content-layout":"page-builder","ast-global-header-display":"","ast-main-header-display":"","ast-hfb-above-header-display":"","ast-hfb-below-header-display":"","ast-hfb-mobile-header-display":"","site-post-title":"disabled","ast-breadcrumbs-content":"","ast-featured-img":"disabled","footer-sml-layout":"","theme-transparent-header-meta":"","adv-header-id-meta":"","stick-header-meta":"","header-above-stick-meta":"","header-main-stick-meta":"","header-below-stick-meta":"","footnotes":""},"class_list":["post-1116","page","type-page","status-publish","hentry"],"acf":[],"yoast_head":"<!-- This site is optimized with the Yoast SEO plugin v19.6.1 - https:\/\/yoast.com\/wordpress\/plugins\/seo\/ -->\n<title>Mentions L\u00e9gales - DRM SRL<\/title>\n<meta name=\"robots\" content=\"index, follow, max-snippet:-1, max-image-preview:large, max-video-preview:-1\" \/>\n<link rel=\"canonical\" href=\"https:\/\/www.drmsrl.it\/fr\/mentions-legales\/\" \/>\n<meta property=\"og:locale\" content=\"fr_FR\" \/>\n<meta property=\"og:type\" content=\"article\" \/>\n<meta property=\"og:title\" content=\"Mentions L\u00e9gales - DRM SRL\" \/>\n<meta property=\"og:description\" content=\"Mentions L\u00e9gales D.R.M. S.r.l.\u00a0(DRM)\u00a0tout en s&#8217;effor\u00e7ant d&#8217;assurer l&#8217;exactitude et l&#8217;exhaustivit\u00e9 des informations fournies sur ce site web, n&#8217;assume aucune responsabilit\u00e9 pour toute erreur, inexactitude ou omission. En cons\u00e9quence, la soci\u00e9t\u00e9 ne sera pas responsable des dommages de quelque nature que ce soit qui pourraient r\u00e9sulter de l&#8217;acc\u00e8s \u00e0 ce site et de l&#8217;utilisation des informations &hellip; Mentions L\u00e9gales Lire la suite\u00a0\u00bb\" \/>\n<meta property=\"og:url\" content=\"https:\/\/www.drmsrl.it\/fr\/mentions-legales\/\" \/>\n<meta property=\"og:site_name\" content=\"DRM SRL\" \/>\n<meta name=\"twitter:card\" content=\"summary_large_image\" \/>\n<meta name=\"twitter:label1\" content=\"Dur\u00e9e de lecture estim\u00e9e\" \/>\n\t<meta name=\"twitter:data1\" content=\"1 minute\" \/>\n<script type=\"application\/ld+json\" class=\"yoast-schema-graph\">{\"@context\":\"https:\/\/schema.org\",\"@graph\":[{\"@type\":\"WebPage\",\"@id\":\"https:\/\/www.drmsrl.it\/fr\/mentions-legales\/\",\"url\":\"https:\/\/www.drmsrl.it\/fr\/mentions-legales\/\",\"name\":\"Mentions L\u00e9gales - DRM SRL\",\"isPartOf\":{\"@id\":\"https:\/\/www.drmsrl.it\/#website\"},\"datePublished\":\"2021-12-03T11:48:25+00:00\",\"dateModified\":\"2021-12-03T11:48:25+00:00\",\"breadcrumb\":{\"@id\":\"https:\/\/www.drmsrl.it\/fr\/mentions-legales\/#breadcrumb\"},\"inLanguage\":\"fr-FR\",\"potentialAction\":[{\"@type\":\"ReadAction\",\"target\":[\"https:\/\/www.drmsrl.it\/fr\/mentions-legales\/\"]}]},{\"@type\":\"BreadcrumbList\",\"@id\":\"https:\/\/www.drmsrl.it\/fr\/mentions-legales\/#breadcrumb\",\"itemListElement\":[{\"@type\":\"ListItem\",\"position\":1,\"name\":\"Home\",\"item\":\"https:\/\/www.drmsrl.it\/\"},{\"@type\":\"ListItem\",\"position\":2,\"name\":\"Mentions L\u00e9gales\"}]},{\"@type\":\"WebSite\",\"@id\":\"https:\/\/www.drmsrl.it\/#website\",\"url\":\"https:\/\/www.drmsrl.it\/\",\"name\":\"DRM SRL\",\"description\":\"Dalle persone per le persone\",\"publisher\":{\"@id\":\"https:\/\/www.drmsrl.it\/#organization\"},\"potentialAction\":[{\"@type\":\"SearchAction\",\"target\":{\"@type\":\"EntryPoint\",\"urlTemplate\":\"https:\/\/www.drmsrl.it\/?s={search_term_string}\"},\"query-input\":\"required name=search_term_string\"}],\"inLanguage\":\"fr-FR\"},{\"@type\":\"Organization\",\"@id\":\"https:\/\/www.drmsrl.it\/#organization\",\"name\":\"DRM SRL\",\"url\":\"https:\/\/www.drmsrl.it\/\",\"sameAs\":[],\"logo\":{\"@type\":\"ImageObject\",\"inLanguage\":\"fr-FR\",\"@id\":\"https:\/\/www.drmsrl.it\/#\/schema\/logo\/image\/\",\"url\":\"https:\/\/www.drmsrl.it\/wp-content\/uploads\/2021\/11\/logo-drm.svg\",\"contentUrl\":\"https:\/\/www.drmsrl.it\/wp-content\/uploads\/2021\/11\/logo-drm.svg\",\"width\":72,\"height\":52,\"caption\":\"DRM SRL\"},\"image\":{\"@id\":\"https:\/\/www.drmsrl.it\/#\/schema\/logo\/image\/\"}}]}<\/script>\n<!-- \/ Yoast SEO plugin. -->","yoast_head_json":{"title":"Mentions L\u00e9gales - DRM SRL","robots":{"index":"index","follow":"follow","max-snippet":"max-snippet:-1","max-image-preview":"max-image-preview:large","max-video-preview":"max-video-preview:-1"},"canonical":"https:\/\/www.drmsrl.it\/fr\/mentions-legales\/","og_locale":"fr_FR","og_type":"article","og_title":"Mentions L\u00e9gales - DRM SRL","og_description":"Mentions L\u00e9gales D.R.M. S.r.l.\u00a0(DRM)\u00a0tout en s&#8217;effor\u00e7ant d&#8217;assurer l&#8217;exactitude et l&#8217;exhaustivit\u00e9 des informations fournies sur ce site web, n&#8217;assume aucune responsabilit\u00e9 pour toute erreur, inexactitude ou omission. En cons\u00e9quence, la soci\u00e9t\u00e9 ne sera pas responsable des dommages de quelque nature que ce soit qui pourraient r\u00e9sulter de l&#8217;acc\u00e8s \u00e0 ce site et de l&#8217;utilisation des informations &hellip; Mentions L\u00e9gales Lire la suite\u00a0\u00bb","og_url":"https:\/\/www.drmsrl.it\/fr\/mentions-legales\/","og_site_name":"DRM SRL","twitter_card":"summary_large_image","twitter_misc":{"Dur\u00e9e de lecture estim\u00e9e":"1 minute"},"schema":{"@context":"https:\/\/schema.org","@graph":[{"@type":"WebPage","@id":"https:\/\/www.drmsrl.it\/fr\/mentions-legales\/","url":"https:\/\/www.drmsrl.it\/fr\/mentions-legales\/","name":"Mentions L\u00e9gales - DRM SRL","isPartOf":{"@id":"https:\/\/www.drmsrl.it\/#website"},"datePublished":"2021-12-03T11:48:25+00:00","dateModified":"2021-12-03T11:48:25+00:00","breadcrumb":{"@id":"https:\/\/www.drmsrl.it\/fr\/mentions-legales\/#breadcrumb"},"inLanguage":"fr-FR","potentialAction":[{"@type":"ReadAction","target":["https:\/\/www.drmsrl.it\/fr\/mentions-legales\/"]}]},{"@type":"BreadcrumbList","@id":"https:\/\/www.drmsrl.it\/fr\/mentions-legales\/#breadcrumb","itemListElement":[{"@type":"ListItem","position":1,"name":"Home","item":"https:\/\/www.drmsrl.it\/"},{"@type":"ListItem","position":2,"name":"Mentions L\u00e9gales"}]},{"@type":"WebSite","@id":"https:\/\/www.drmsrl.it\/#website","url":"https:\/\/www.drmsrl.it\/","name":"DRM SRL","description":"Dalle persone per le persone","publisher":{"@id":"https:\/\/www.drmsrl.it\/#organization"},"potentialAction":[{"@type":"SearchAction","target":{"@type":"EntryPoint","urlTemplate":"https:\/\/www.drmsrl.it\/?s={search_term_string}"},"query-input":"required name=search_term_string"}],"inLanguage":"fr-FR"},{"@type":"Organization","@id":"https:\/\/www.drmsrl.it\/#organization","name":"DRM SRL","url":"https:\/\/www.drmsrl.it\/","sameAs":[],"logo":{"@type":"ImageObject","inLanguage":"fr-FR","@id":"https:\/\/www.drmsrl.it\/#\/schema\/logo\/image\/","url":"https:\/\/www.drmsrl.it\/wp-content\/uploads\/2021\/11\/logo-drm.svg","contentUrl":"https:\/\/www.drmsrl.it\/wp-content\/uploads\/2021\/11\/logo-drm.svg","width":72,"height":52,"caption":"DRM SRL"},"image":{"@id":"https:\/\/www.drmsrl.it\/#\/schema\/logo\/image\/"}}]}},"_links":{"self":[{"href":"https:\/\/www.drmsrl.it\/fr\/wp-json\/wp\/v2\/pages\/1116","targetHints":{"allow":["GET"]}}],"collection":[{"href":"https:\/\/www.drmsrl.it\/fr\/wp-json\/wp\/v2\/pages"}],"about":[{"href":"https:\/\/www.drmsrl.it\/fr\/wp-json\/wp\/v2\/types\/page"}],"author":[{"embeddable":true,"href":"https:\/\/www.drmsrl.it\/fr\/wp-json\/wp\/v2\/users\/1"}],"replies":[{"embeddable":true,"href":"https:\/\/www.drmsrl.it\/fr\/wp-json\/wp\/v2\/comments?post=1116"}],"version-history":[{"count":1,"href":"https:\/\/www.drmsrl.it\/fr\/wp-json\/wp\/v2\/pages\/1116\/revisions"}],"predecessor-version":[{"id":1117,"href":"https:\/\/www.drmsrl.it\/fr\/wp-json\/wp\/v2\/pages\/1116\/revisions\/1117"}],"wp:attachment":[{"href":"https:\/\/www.drmsrl.it\/fr\/wp-json\/wp\/v2\/media?parent=1116"}],"curies":[{"name":"wp","href":"https:\/\/api.w.org\/{rel}","templated":true}]}}