{"id":1106,"date":"2021-12-03T12:46:30","date_gmt":"2021-12-03T11:46:30","guid":{"rendered":"http:\/\/drmsrl.it\/politique-de-protection-de-la-vie-privee-pour-les-clients-et-les-fournisseurs\/"},"modified":"2021-12-03T12:46:44","modified_gmt":"2021-12-03T11:46:44","slug":"politique-de-protection-de-la-vie-privee-pour-les-clients-et-les-fournisseurs","status":"publish","type":"page","link":"https:\/\/www.drmsrl.it\/fr\/politique-de-protection-de-la-vie-privee-pour-les-clients-et-les-fournisseurs\/","title":{"rendered":"Politique de protection de la vie priv\u00e9e pour les clients et les fournisseurs"},"content":{"rendered":"\t\t<div data-elementor-type=\"wp-page\" data-elementor-id=\"1106\" class=\"elementor elementor-1106 elementor-449\">\n\t\t\t\t\t\t\t\t\t<section class=\"elementor-section elementor-top-section elementor-element elementor-element-b5c5668 elementor-section-boxed elementor-section-height-default elementor-section-height-default\" data-id=\"b5c5668\" data-element_type=\"section\">\n\t\t\t\t\t\t<div class=\"elementor-container elementor-column-gap-default\">\n\t\t\t\t\t<div class=\"elementor-column elementor-col-100 elementor-top-column elementor-element elementor-element-d61c641\" data-id=\"d61c641\" data-element_type=\"column\">\n\t\t\t<div class=\"elementor-widget-wrap elementor-element-populated\">\n\t\t\t\t\t\t\t\t<div class=\"elementor-element elementor-element-e9312d1 elementor-widget elementor-widget-heading\" data-id=\"e9312d1\" data-element_type=\"widget\" data-widget_type=\"heading.default\">\n\t\t\t\t<div class=\"elementor-widget-container\">\n\t\t\t<style>\/*! elementor - v3.11.5 - 14-03-2023 *\/\n.elementor-heading-title{padding:0;margin:0;line-height:1}.elementor-widget-heading .elementor-heading-title[class*=elementor-size-]>a{color:inherit;font-size:inherit;line-height:inherit}.elementor-widget-heading .elementor-heading-title.elementor-size-small{font-size:15px}.elementor-widget-heading .elementor-heading-title.elementor-size-medium{font-size:19px}.elementor-widget-heading .elementor-heading-title.elementor-size-large{font-size:29px}.elementor-widget-heading .elementor-heading-title.elementor-size-xl{font-size:39px}.elementor-widget-heading .elementor-heading-title.elementor-size-xxl{font-size:59px}<\/style><h2 class=\"elementor-heading-title elementor-size-default\">Politique de protection de la vie priv\u00e9e pour les clients et les fournisseurs<\/h2>\t\t<\/div>\n\t\t\t\t<\/div>\n\t\t\t\t<div class=\"elementor-element elementor-element-3872420 elementor-widget elementor-widget-text-editor\" data-id=\"3872420\" data-element_type=\"widget\" data-widget_type=\"text-editor.default\">\n\t\t\t\t<div class=\"elementor-widget-container\">\n\t\t\t<style>\/*! elementor - v3.11.5 - 14-03-2023 *\/\n.elementor-widget-text-editor.elementor-drop-cap-view-stacked .elementor-drop-cap{background-color:#818a91;color:#fff}.elementor-widget-text-editor.elementor-drop-cap-view-framed .elementor-drop-cap{color:#818a91;border:3px solid;background-color:transparent}.elementor-widget-text-editor:not(.elementor-drop-cap-view-default) .elementor-drop-cap{margin-top:8px}.elementor-widget-text-editor:not(.elementor-drop-cap-view-default) .elementor-drop-cap-letter{width:1em;height:1em}.elementor-widget-text-editor .elementor-drop-cap{float:left;text-align:center;line-height:1;font-size:50px}.elementor-widget-text-editor .elementor-drop-cap-letter{display:inline-block}<\/style>\t\t\t\t<div class=\"column mcb-column mcb-item-d9078b063 one column_divider\">\n<hr class=\"no_line\" \/>\n<\/div>\n<div class=\"column mcb-column mcb-item-d30f9265b one-sixth column_column\">\n<div class=\"column_attr clearfix\"><\/div>\n<\/div>\n<div class=\"column mcb-column mcb-item-48771b98f two-third column_column\">\n<div class=\"column_attr clearfix align_justify\">\n<h3>Informations en vertu de l&#8217;article 13 du R\u00e8glement europ\u00e9en 2016\/679<\/h3>\n<h3><\/h3>\n<\/div>\n<\/div>\n<div class=\"column mcb-column mcb-item-22bb25423 one-sixth column_column\">\n<div class=\"column_attr clearfix\"><\/div>\n<\/div>\n<div class=\"column mcb-column mcb-item-1a91705ff one column_divider\">\n<hr class=\"no_line\" \/>\n<\/div>\n<div class=\"column mcb-column mcb-item-80b5838af one-sixth column_column\">\n<div class=\"column_attr clearfix\"><\/div>\n<\/div>\n<div class=\"column mcb-column mcb-item-a845a88c5 two-third column_column\">\n<div class=\"column_attr clearfix align_justify\">\n<p class=\"big\">Cher Client et Fournisseur,<br \/>\nla soci\u00e9t\u00e9 D.R.M. Srl ayant son si\u00e8ge \u00e0 Poggio Rusco (MN) Via Piva 2, responsable du traitement de vos donn\u00e9es \u00e0 caract\u00e8re personnel, conform\u00e9ment \u00e0 l&#8217;art.13 du R\u00e8glement UE 2016\/679, vous informe de ce qui suit concernant les donn\u00e9es personnelles que vous avez fournies pour l&#8217;ex\u00e9cution d&#8217;une relation contractuelle et\/ou \u00e0 des fins pr\u00e9contractuelles telles que la r\u00e9daction ou la demande d&#8217;un devis.<\/p>\n<p class=\"big\"><strong>Donn\u00e9es \u00e0 caract\u00e8re personnel trait\u00e9es<\/strong><br \/>\nDans ce but, D.R.M. Srl peut traiter les donn\u00e9es :<\/p>\n<ul>\n<li>du Repr\u00e9sentant l\u00e9gal ;<\/li>\n<li>de vos employ\u00e9s\/directeurs internes ;<\/li>\n<\/ul>\n<p class=\"big\">D.R.M. Srl peut traiter :<\/p>\n<ul>\n<li>les donn\u00e9es d&#8217;identification (nom, adresse, lieu et date de naissance, code fiscal et num\u00e9ro de TVA ; adresse physique et t\u00e9l\u00e9matique, num\u00e9ro de t\u00e9l\u00e9phone fixe et mobile) ;<\/li>\n<li>les donn\u00e9es relatives \u00e0 votre activit\u00e9 commerciale et professionnelle ;<\/li>\n<li>les donn\u00e9es bancaires ;<\/li>\n<li>les donn\u00e9es comptables et fiscales ;<\/li>\n<\/ul>\n<p class=\"big\"><strong>Finalit\u00e9 et base juridique du traitement<\/strong><br \/>\nLes donn\u00e9es \u00e0 caract\u00e8re personnel susmentionn\u00e9es seront trait\u00e9es aux fins suivantes :<\/p>\n<ul>\n<li>Pour la gestion de la relation contractuelle et les exigences administratives et r\u00e9glementaires qui en d\u00e9coulent.<\/li>\n<li>Pour la communication \u00e0 des tiers et\/ou \u00e0 des destinataires (tels que des organismes publics, des \u00e9tablissements de cr\u00e9dit, des conseillers fiscaux et comptables, des conseillers juridiques, des techniciens informatiques) pour des activit\u00e9s li\u00e9es et n\u00e9cessaires \u00e0 la relation ;<\/li>\n<li>Pour les activit\u00e9s de commercialisation de produits\/services similaires \u00e0 ceux qui sont vendus.<\/li>\n<\/ul>\n<p class=\"big\">Les bases juridiques du traitement des donn\u00e9es \u00e0 caract\u00e8re personnel pour les finalit\u00e9s vis\u00e9es aux points a-b sont donn\u00e9es par l&#8217;art. 6, alin\u00e9a 1, lettres b), c) du R\u00e8glement, car le traitement est n\u00e9cessaire \u00e0 l&#8217;ex\u00e9cution d&#8217;activit\u00e9s contractuelles et pr\u00e9contractuelles ainsi qu&#8217;\u00e0 l&#8217;ex\u00e9cution d&#8217;obligations l\u00e9gales. La fourniture de Donn\u00e9es \u00e0 caract\u00e8re personnel \u00e0 ces fins est consid\u00e9r\u00e9e comme n\u00e9cessaire car le d\u00e9faut de fourniture de vos donn\u00e9es relatives \u00e0 la relation contractuelle rend impossible pour le Responsable d&#8217;\u00e9tablir la relation et d&#8217;effectuer sa bonne ex\u00e9cution. Les traitements effectu\u00e9s \u00e0 des fins de marketing d\u00e9crits au point c) sont fond\u00e9s sur la poursuite d&#8217;un int\u00e9r\u00eat l\u00e9gitime du responsable du traitement (art. 6, alin\u00e9a 1, lettre f) en compl\u00e9ment du point 47 de la liste \u00ab consid\u00e9rant \u00bb du R\u00e8glement) consistant \u00e0 cultiver et \u00e0 entretenir les relations avec les clients d\u00e9j\u00e0 acquis en les informant des nouveaux produits et services de DRM. La fourniture de vos Donn\u00e9es personnelles \u00e0 ces fins est enti\u00e8rement facultative et n&#8217;affecte pas l&#8217;utilisation des Services contractuels et la personne concern\u00e9e peut s&#8217;opposer \u00e0 tout moment \u00e0 l&#8217;envoi de communications commerciales par DRM.<br \/>\nPour toutes les finalit\u00e9s, les donn\u00e9es sont trait\u00e9es sur support papier et sous forme informatis\u00e9e.<\/p>\n<p class=\"big\"><strong>Transfert de donn\u00e9es dans les pays tiers<\/strong><br \/>\nIl n&#8217;est pas pr\u00e9vu de transf\u00e9rer vos donn\u00e9es vers des pays ext\u00e9rieurs \u00e0 l&#8217;UE.<\/p>\n<p class=\"big\"><strong>Dur\u00e9e de la p\u00e9riode de conservation des donn\u00e9es<\/strong><br \/>\nLes donn\u00e9es seront conserv\u00e9es pendant la p\u00e9riode n\u00e9cessaire \u00e0 la r\u00e9alisation des finalit\u00e9s pour lesquelles elles ont \u00e9t\u00e9 collect\u00e9es et, en tout \u00e9tat de cause, pendant la dur\u00e9e requise par des dispositions sp\u00e9cifiques de la loi (notamment en droit civil pour la conservation des documents comptables).<br \/>\nUne fois que toutes les fins qui l\u00e9gitiment le stockage de vos donn\u00e9es personnelles ont \u00e9t\u00e9 \u00e9puis\u00e9es, le Responsable du traitement prendra soin de les supprimer ou de les rendre anonymes<\/p>\n<p class=\"big\"><strong>Sous-traitants et personnes autoris\u00e9es \u00e0 traiter les donn\u00e9es<\/strong><\/p>\n<ul>\n<li><i>PDG<\/i><\/li>\n<li><i>Employ\u00e9s des secteurs administratif et commercial ;<\/i><\/li>\n<\/ul>\n<p>En outre, les donn\u00e9es seront communiqu\u00e9es aux soci\u00e9t\u00e9s informatiques charg\u00e9es de la maintenance du mat\u00e9riel, des logiciels et des services web, au conseiller comptable et fiscal, au courrier et au conseiller en mati\u00e8re de protection de la vie priv\u00e9e, en tant que sous-traitants.&nbsp;<\/p>\n<p class=\"big\"><strong>Communication de donn\u00e9es<\/strong><br \/>\nLes donn\u00e9es peuvent \u00eatre communiqu\u00e9es \u00e0 :<\/p>\n<ul>\n<li>Organismes publics de r\u00e9f\u00e9rence ;<\/li>\n<li>\u00c9tablissements de cr\u00e9dit ;<\/li>\n<li>Soci\u00e9t\u00e9s de certification ;<\/li>\n<\/ul>\n<p>La communication des donn\u00e9es \u00e0 ces entit\u00e9s est n\u00e9cessaire pour la conclusion et l&#8217;ex\u00e9cution du contrat entre les parties et pour poursuivre un int\u00e9r\u00eat l\u00e9gitime du responsable du traitement \u00e0 remplir correctement les obligations d\u00e9coulant des r\u00e8gles obligatoires et volontaires. Par cons\u00e9quent, la personne concern\u00e9e est oblig\u00e9e de fournir ses donn\u00e9es car, sans elles, le responsable du traitement ne peut pas remplir correctement les obligations d\u00e9coulant de la relation contractuelle.&nbsp;<\/p>\n<p class=\"big\"><strong>Diffusion des donn\u00e9es<\/strong><br \/>\nAucune donn\u00e9e n&#8217;est diffus\u00e9e<\/p>\n<p class=\"big\"><strong>Droits de la personne concern\u00e9e<\/strong><br \/>\nLa personne concern\u00e9e a le droit de demander au responsable du traitement l&#8217;acc\u00e8s aux donn\u00e9es, leur rectification, leur suppression, la limitation du traitement des donn\u00e9es, ainsi que le droit \u00e0 la portabilit\u00e9, ou de s&#8217;opposer au traitement des donn\u00e9es dans les conditions \u00e9tablies par les articles 15, 16, 17, 18, 20, 21 du r\u00e8glement UE 2016\/679.<br \/>\nEn outre, la personne concern\u00e9e a le droit de r\u00e9voquer son consentement \u00e0 tout moment sans pr\u00e9judice de la validit\u00e9 du traitement fond\u00e9 sur le consentement donn\u00e9 avant la r\u00e9vocation.<br \/>\nEnfin, la personne concern\u00e9e a le droit d\u2019introduire une r\u00e9clamation aupr\u00e8s d\u2019une autorit\u00e9 de contr\u00f4le si elle estime que le traitement la concernant est contraire au R\u00e8glement europ\u00e9en.<br \/>\nPour toute information compl\u00e9mentaire et en tout cas pour envoyer votre demande, veuillez \u00e9crire au responsable du traitement \u00e0 l&#8217;adresse suivante : info@drmsrl.it<\/p>\n<\/div>\n<\/div>\n\t\t\t\t\t\t<\/div>\n\t\t\t\t<\/div>\n\t\t\t\t\t<\/div>\n\t\t<\/div>\n\t\t\t\t\t\t\t<\/div>\n\t\t<\/section>\n\t\t\t\t\t\t\t<\/div>\n\t\t","protected":false},"excerpt":{"rendered":"<p>Politique de protection de la vie priv\u00e9e pour les clients et les fournisseurs Informations en vertu de l&#8217;article 13 du R\u00e8glement europ\u00e9en 2016\/679 Cher Client et Fournisseur, la soci\u00e9t\u00e9 D.R.M. Srl ayant son si\u00e8ge \u00e0 Poggio Rusco (MN) Via Piva 2, responsable du traitement de vos donn\u00e9es \u00e0 caract\u00e8re personnel, conform\u00e9ment \u00e0 l&#8217;art.13 du R\u00e8glement &hellip;<\/p>\n<p class=\"read-more\"> <a class=\"\" href=\"https:\/\/www.drmsrl.it\/fr\/politique-de-protection-de-la-vie-privee-pour-les-clients-et-les-fournisseurs\/\"> <span class=\"screen-reader-text\">Politique de protection de la vie priv\u00e9e pour les clients et les fournisseurs<\/span> Lire la suite\u00a0\u00bb<\/a><\/p>\n","protected":false},"author":1,"featured_media":0,"parent":0,"menu_order":0,"comment_status":"closed","ping_status":"closed","template":"","meta":{"site-sidebar-layout":"no-sidebar","site-content-layout":"page-builder","ast-global-header-display":"","ast-main-header-display":"","ast-hfb-above-header-display":"","ast-hfb-below-header-display":"","ast-hfb-mobile-header-display":"","site-post-title":"disabled","ast-breadcrumbs-content":"","ast-featured-img":"disabled","footer-sml-layout":"","theme-transparent-header-meta":"","adv-header-id-meta":"","stick-header-meta":"","header-above-stick-meta":"","header-main-stick-meta":"","header-below-stick-meta":"","footnotes":""},"class_list":["post-1106","page","type-page","status-publish","hentry"],"acf":[],"yoast_head":"<!-- This site is optimized with the Yoast SEO plugin v19.6.1 - https:\/\/yoast.com\/wordpress\/plugins\/seo\/ -->\n<title>Politique de protection de la vie priv\u00e9e pour les clients et les fournisseurs - DRM SRL<\/title>\n<meta name=\"robots\" content=\"index, follow, max-snippet:-1, max-image-preview:large, max-video-preview:-1\" \/>\n<link rel=\"canonical\" href=\"https:\/\/www.drmsrl.it\/fr\/politique-de-protection-de-la-vie-privee-pour-les-clients-et-les-fournisseurs\/\" \/>\n<meta property=\"og:locale\" content=\"fr_FR\" \/>\n<meta property=\"og:type\" content=\"article\" \/>\n<meta property=\"og:title\" content=\"Politique de protection de la vie priv\u00e9e pour les clients et les fournisseurs - DRM SRL\" \/>\n<meta property=\"og:description\" content=\"Politique de protection de la vie priv\u00e9e pour les clients et les fournisseurs Informations en vertu de l&#8217;article 13 du R\u00e8glement europ\u00e9en 2016\/679 Cher Client et Fournisseur, la soci\u00e9t\u00e9 D.R.M. Srl ayant son si\u00e8ge \u00e0 Poggio Rusco (MN) Via Piva 2, responsable du traitement de vos donn\u00e9es \u00e0 caract\u00e8re personnel, conform\u00e9ment \u00e0 l&#8217;art.13 du R\u00e8glement &hellip; Politique de protection de la vie priv\u00e9e pour les clients et les fournisseurs Lire la suite\u00a0\u00bb\" \/>\n<meta property=\"og:url\" content=\"https:\/\/www.drmsrl.it\/fr\/politique-de-protection-de-la-vie-privee-pour-les-clients-et-les-fournisseurs\/\" \/>\n<meta property=\"og:site_name\" content=\"DRM SRL\" \/>\n<meta property=\"article:modified_time\" content=\"2021-12-03T11:46:44+00:00\" \/>\n<meta name=\"twitter:card\" content=\"summary_large_image\" \/>\n<meta name=\"twitter:label1\" content=\"Dur\u00e9e de lecture estim\u00e9e\" \/>\n\t<meta name=\"twitter:data1\" content=\"5 minutes\" \/>\n<script type=\"application\/ld+json\" class=\"yoast-schema-graph\">{\"@context\":\"https:\/\/schema.org\",\"@graph\":[{\"@type\":\"WebPage\",\"@id\":\"https:\/\/www.drmsrl.it\/fr\/politique-de-protection-de-la-vie-privee-pour-les-clients-et-les-fournisseurs\/\",\"url\":\"https:\/\/www.drmsrl.it\/fr\/politique-de-protection-de-la-vie-privee-pour-les-clients-et-les-fournisseurs\/\",\"name\":\"Politique de protection de la vie priv\u00e9e pour les clients et les fournisseurs - DRM SRL\",\"isPartOf\":{\"@id\":\"https:\/\/www.drmsrl.it\/#website\"},\"datePublished\":\"2021-12-03T11:46:30+00:00\",\"dateModified\":\"2021-12-03T11:46:44+00:00\",\"breadcrumb\":{\"@id\":\"https:\/\/www.drmsrl.it\/fr\/politique-de-protection-de-la-vie-privee-pour-les-clients-et-les-fournisseurs\/#breadcrumb\"},\"inLanguage\":\"fr-FR\",\"potentialAction\":[{\"@type\":\"ReadAction\",\"target\":[\"https:\/\/www.drmsrl.it\/fr\/politique-de-protection-de-la-vie-privee-pour-les-clients-et-les-fournisseurs\/\"]}]},{\"@type\":\"BreadcrumbList\",\"@id\":\"https:\/\/www.drmsrl.it\/fr\/politique-de-protection-de-la-vie-privee-pour-les-clients-et-les-fournisseurs\/#breadcrumb\",\"itemListElement\":[{\"@type\":\"ListItem\",\"position\":1,\"name\":\"Home\",\"item\":\"https:\/\/www.drmsrl.it\/\"},{\"@type\":\"ListItem\",\"position\":2,\"name\":\"Politique de protection de la vie priv\u00e9e pour les clients et les fournisseurs\"}]},{\"@type\":\"WebSite\",\"@id\":\"https:\/\/www.drmsrl.it\/#website\",\"url\":\"https:\/\/www.drmsrl.it\/\",\"name\":\"DRM SRL\",\"description\":\"Dalle persone per le persone\",\"publisher\":{\"@id\":\"https:\/\/www.drmsrl.it\/#organization\"},\"potentialAction\":[{\"@type\":\"SearchAction\",\"target\":{\"@type\":\"EntryPoint\",\"urlTemplate\":\"https:\/\/www.drmsrl.it\/?s={search_term_string}\"},\"query-input\":\"required name=search_term_string\"}],\"inLanguage\":\"fr-FR\"},{\"@type\":\"Organization\",\"@id\":\"https:\/\/www.drmsrl.it\/#organization\",\"name\":\"DRM SRL\",\"url\":\"https:\/\/www.drmsrl.it\/\",\"sameAs\":[],\"logo\":{\"@type\":\"ImageObject\",\"inLanguage\":\"fr-FR\",\"@id\":\"https:\/\/www.drmsrl.it\/#\/schema\/logo\/image\/\",\"url\":\"https:\/\/www.drmsrl.it\/wp-content\/uploads\/2021\/11\/logo-drm.svg\",\"contentUrl\":\"https:\/\/www.drmsrl.it\/wp-content\/uploads\/2021\/11\/logo-drm.svg\",\"width\":72,\"height\":52,\"caption\":\"DRM SRL\"},\"image\":{\"@id\":\"https:\/\/www.drmsrl.it\/#\/schema\/logo\/image\/\"}}]}<\/script>\n<!-- \/ Yoast SEO plugin. -->","yoast_head_json":{"title":"Politique de protection de la vie priv\u00e9e pour les clients et les fournisseurs - DRM SRL","robots":{"index":"index","follow":"follow","max-snippet":"max-snippet:-1","max-image-preview":"max-image-preview:large","max-video-preview":"max-video-preview:-1"},"canonical":"https:\/\/www.drmsrl.it\/fr\/politique-de-protection-de-la-vie-privee-pour-les-clients-et-les-fournisseurs\/","og_locale":"fr_FR","og_type":"article","og_title":"Politique de protection de la vie priv\u00e9e pour les clients et les fournisseurs - DRM SRL","og_description":"Politique de protection de la vie priv\u00e9e pour les clients et les fournisseurs Informations en vertu de l&#8217;article 13 du R\u00e8glement europ\u00e9en 2016\/679 Cher Client et Fournisseur, la soci\u00e9t\u00e9 D.R.M. Srl ayant son si\u00e8ge \u00e0 Poggio Rusco (MN) Via Piva 2, responsable du traitement de vos donn\u00e9es \u00e0 caract\u00e8re personnel, conform\u00e9ment \u00e0 l&#8217;art.13 du R\u00e8glement &hellip; Politique de protection de la vie priv\u00e9e pour les clients et les fournisseurs Lire la suite\u00a0\u00bb","og_url":"https:\/\/www.drmsrl.it\/fr\/politique-de-protection-de-la-vie-privee-pour-les-clients-et-les-fournisseurs\/","og_site_name":"DRM SRL","article_modified_time":"2021-12-03T11:46:44+00:00","twitter_card":"summary_large_image","twitter_misc":{"Dur\u00e9e de lecture estim\u00e9e":"5 minutes"},"schema":{"@context":"https:\/\/schema.org","@graph":[{"@type":"WebPage","@id":"https:\/\/www.drmsrl.it\/fr\/politique-de-protection-de-la-vie-privee-pour-les-clients-et-les-fournisseurs\/","url":"https:\/\/www.drmsrl.it\/fr\/politique-de-protection-de-la-vie-privee-pour-les-clients-et-les-fournisseurs\/","name":"Politique de protection de la vie priv\u00e9e pour les clients et les fournisseurs - DRM SRL","isPartOf":{"@id":"https:\/\/www.drmsrl.it\/#website"},"datePublished":"2021-12-03T11:46:30+00:00","dateModified":"2021-12-03T11:46:44+00:00","breadcrumb":{"@id":"https:\/\/www.drmsrl.it\/fr\/politique-de-protection-de-la-vie-privee-pour-les-clients-et-les-fournisseurs\/#breadcrumb"},"inLanguage":"fr-FR","potentialAction":[{"@type":"ReadAction","target":["https:\/\/www.drmsrl.it\/fr\/politique-de-protection-de-la-vie-privee-pour-les-clients-et-les-fournisseurs\/"]}]},{"@type":"BreadcrumbList","@id":"https:\/\/www.drmsrl.it\/fr\/politique-de-protection-de-la-vie-privee-pour-les-clients-et-les-fournisseurs\/#breadcrumb","itemListElement":[{"@type":"ListItem","position":1,"name":"Home","item":"https:\/\/www.drmsrl.it\/"},{"@type":"ListItem","position":2,"name":"Politique de protection de la vie priv\u00e9e pour les clients et les fournisseurs"}]},{"@type":"WebSite","@id":"https:\/\/www.drmsrl.it\/#website","url":"https:\/\/www.drmsrl.it\/","name":"DRM SRL","description":"Dalle persone per le persone","publisher":{"@id":"https:\/\/www.drmsrl.it\/#organization"},"potentialAction":[{"@type":"SearchAction","target":{"@type":"EntryPoint","urlTemplate":"https:\/\/www.drmsrl.it\/?s={search_term_string}"},"query-input":"required name=search_term_string"}],"inLanguage":"fr-FR"},{"@type":"Organization","@id":"https:\/\/www.drmsrl.it\/#organization","name":"DRM SRL","url":"https:\/\/www.drmsrl.it\/","sameAs":[],"logo":{"@type":"ImageObject","inLanguage":"fr-FR","@id":"https:\/\/www.drmsrl.it\/#\/schema\/logo\/image\/","url":"https:\/\/www.drmsrl.it\/wp-content\/uploads\/2021\/11\/logo-drm.svg","contentUrl":"https:\/\/www.drmsrl.it\/wp-content\/uploads\/2021\/11\/logo-drm.svg","width":72,"height":52,"caption":"DRM SRL"},"image":{"@id":"https:\/\/www.drmsrl.it\/#\/schema\/logo\/image\/"}}]}},"_links":{"self":[{"href":"https:\/\/www.drmsrl.it\/fr\/wp-json\/wp\/v2\/pages\/1106","targetHints":{"allow":["GET"]}}],"collection":[{"href":"https:\/\/www.drmsrl.it\/fr\/wp-json\/wp\/v2\/pages"}],"about":[{"href":"https:\/\/www.drmsrl.it\/fr\/wp-json\/wp\/v2\/types\/page"}],"author":[{"embeddable":true,"href":"https:\/\/www.drmsrl.it\/fr\/wp-json\/wp\/v2\/users\/1"}],"replies":[{"embeddable":true,"href":"https:\/\/www.drmsrl.it\/fr\/wp-json\/wp\/v2\/comments?post=1106"}],"version-history":[{"count":3,"href":"https:\/\/www.drmsrl.it\/fr\/wp-json\/wp\/v2\/pages\/1106\/revisions"}],"predecessor-version":[{"id":1109,"href":"https:\/\/www.drmsrl.it\/fr\/wp-json\/wp\/v2\/pages\/1106\/revisions\/1109"}],"wp:attachment":[{"href":"https:\/\/www.drmsrl.it\/fr\/wp-json\/wp\/v2\/media?parent=1106"}],"curies":[{"name":"wp","href":"https:\/\/api.w.org\/{rel}","templated":true}]}}