{"id":1128,"date":"2021-12-03T13:01:00","date_gmt":"2021-12-03T12:01:00","guid":{"rendered":"http:\/\/drmsrl.it\/politica-de-privacidad\/"},"modified":"2023-10-10T16:48:11","modified_gmt":"2023-10-10T14:48:11","slug":"politica-de-privacidad","status":"publish","type":"page","link":"https:\/\/www.drmsrl.it\/es\/politica-de-privacidad\/","title":{"rendered":"Pol\u00edtica de privacidad"},"content":{"rendered":"\t\t<div data-elementor-type=\"wp-page\" data-elementor-id=\"1128\" class=\"elementor elementor-1128 elementor-3\">\n\t\t\t\t\t\t\t\t\t<section class=\"elementor-section elementor-top-section elementor-element elementor-element-be4f632 elementor-section-boxed elementor-section-height-default elementor-section-height-default\" data-id=\"be4f632\" data-element_type=\"section\">\n\t\t\t\t\t\t<div class=\"elementor-container elementor-column-gap-default\">\n\t\t\t\t\t<div class=\"elementor-column elementor-col-100 elementor-top-column elementor-element elementor-element-3bb37bd\" data-id=\"3bb37bd\" data-element_type=\"column\">\n\t\t\t<div class=\"elementor-widget-wrap elementor-element-populated\">\n\t\t\t\t\t\t\t\t<div class=\"elementor-element elementor-element-2a65c7b elementor-widget elementor-widget-heading\" data-id=\"2a65c7b\" data-element_type=\"widget\" data-widget_type=\"heading.default\">\n\t\t\t\t<div class=\"elementor-widget-container\">\n\t\t\t<style>\/*! elementor - v3.11.5 - 14-03-2023 *\/\n.elementor-heading-title{padding:0;margin:0;line-height:1}.elementor-widget-heading .elementor-heading-title[class*=elementor-size-]>a{color:inherit;font-size:inherit;line-height:inherit}.elementor-widget-heading .elementor-heading-title.elementor-size-small{font-size:15px}.elementor-widget-heading .elementor-heading-title.elementor-size-medium{font-size:19px}.elementor-widget-heading .elementor-heading-title.elementor-size-large{font-size:29px}.elementor-widget-heading .elementor-heading-title.elementor-size-xl{font-size:39px}.elementor-widget-heading .elementor-heading-title.elementor-size-xxl{font-size:59px}<\/style><h2 class=\"elementor-heading-title elementor-size-default\">Pol\u00edtica de privacidad<\/h2>\t\t<\/div>\n\t\t\t\t<\/div>\n\t\t\t\t<div class=\"elementor-element elementor-element-cbba689 elementor-widget elementor-widget-text-editor\" data-id=\"cbba689\" data-element_type=\"widget\" data-widget_type=\"text-editor.default\">\n\t\t\t\t<div class=\"elementor-widget-container\">\n\t\t\t<style>\/*! elementor - v3.11.5 - 14-03-2023 *\/\n.elementor-widget-text-editor.elementor-drop-cap-view-stacked .elementor-drop-cap{background-color:#818a91;color:#fff}.elementor-widget-text-editor.elementor-drop-cap-view-framed .elementor-drop-cap{color:#818a91;border:3px solid;background-color:transparent}.elementor-widget-text-editor:not(.elementor-drop-cap-view-default) .elementor-drop-cap{margin-top:8px}.elementor-widget-text-editor:not(.elementor-drop-cap-view-default) .elementor-drop-cap-letter{width:1em;height:1em}.elementor-widget-text-editor .elementor-drop-cap{float:left;text-align:center;line-height:1;font-size:50px}.elementor-widget-text-editor .elementor-drop-cap-letter{display:inline-block}<\/style>\t\t\t\t<div class=\"column mcb-column mcb-item-478e6bef8 two-third column_column\">\r\n<div class=\"column_attr clearfix align_justify\">\r\n<p lang=\"es-ES\"><span style=\"font-family: Arial, sans-serif;\"><span style=\"font-size: medium;\">En esta pagina se describe los modos de gesti\u00f3n del sitio en referencia al tratamiento de los datos personales de los usuarios que lo visitan.<\/span><\/span><\/p>\r\n<p lang=\"en-GB\"><span style=\"font-family: Arial, sans-serif;\"><span style=\"font-size: medium;\"><span lang=\"es-ES\">Se trata una declaraci\u00f3n que se est\u00e0 hecha en virtud del art. 13 del Reglamento Europeo 2016\/679 a las personas que se relaciona con los servicos web accesibles \u00e9lectronicamente desde la direccion web: <\/span><\/span><\/span><a href=\"http:\/\/www.drmsrl.it\/\" target=\"_top\"><span style=\"color: #0000ff;\"><span style=\"font-family: Arial, sans-serif;\"><span style=\"font-size: medium;\"><span lang=\"es-ES\">www.drmsrl.it<\/span><\/span><\/span><\/span><\/a><span style=\"font-family: Arial, sans-serif;\"><span style=\"font-size: medium;\"><span lang=\"es-ES\">.<\/span><\/span><\/span><\/p>\r\n<p lang=\"es-ES\"><span style=\"font-family: Arial, sans-serif;\"><span style=\"font-size: medium;\">La declaraci\u00f3n est\u00e0 hecha solamente para el sitio en objecto y no para otros sitios web posiblemente visitados por el usuario a tr\u00e1vez de link. <\/span><\/span><\/p>\r\n<p lang=\"es-ES\"><span style=\"font-family: Arial, sans-serif;\"><span style=\"font-size: medium;\"><b>El responsable del tratamiento <\/b><\/span><\/span><\/p>\r\n<p lang=\"es-ES\"><span style=\"font-family: Arial, sans-serif;\"><span style=\"font-size: medium;\">Como consecuencia de la visita de esto sitio, pueden ser tratados los datos relativos a personas idenficadas o identificables.<\/span><\/span><\/p>\r\n<p lang=\"en-GB\"><span style=\"font-family: Arial, sans-serif;\"><span style=\"font-size: medium;\"><span lang=\"es-ES\">El \u201cResponsable\u201d del tratamiento es <\/span><\/span><\/span><span style=\"font-family: Arial, sans-serif;\"><span style=\"font-size: medium;\"><span lang=\"es-ES\"><b>D.R.M. S.r.l.<\/b><\/span><\/span><\/span><span style=\"font-family: Arial, sans-serif;\"><span style=\"font-size: medium;\"><span lang=\"es-ES\">\u00a0con hogar en <\/span><\/span><\/span><span style=\"font-family: Arial, sans-serif;\"><span style=\"font-size: medium;\"><span lang=\"es-ES\"><b>Via Piva, 2 \u2013 46025 Poggio Rusco (MN)<\/b><\/span><\/span><\/span><span style=\"font-family: Arial, sans-serif;\"><span style=\"font-size: medium;\"><span lang=\"es-ES\">.<\/span><\/span><\/span><\/p>\r\n<p lang=\"en-GB\"><span style=\"font-family: Arial, sans-serif;\"><span style=\"font-size: medium;\"><span lang=\"es-ES\"><b>Lugar de tratamiento de los datos <\/b><\/span><\/span><\/span><\/p>\r\n<p lang=\"es-ES\"><span style=\"font-family: Arial, sans-serif;\"><span style=\"font-size: medium;\">El siguiente sitio est\u00e0 colocado fisicamente en hosting en Italia, dentro de la UE.<\/span><\/span><\/p>\r\n<p lang=\"es-ES\"><span style=\"font-family: Arial, sans-serif;\"><span style=\"font-size: medium;\">Los datos personales de los usuarios estar\u00e0n tratados por personal autorizado de DRM Srl y sociedad informaticas exteriores para actividad de asistencia y manutencion, en calidad de responsables del tratamiento.<\/span><\/span><\/p>\r\n<p lang=\"es-ES\"><span style=\"font-family: Arial, sans-serif;\"><span style=\"font-size: medium;\">El responsable podr\u00eda comunicar los datos presentes sobre el sitio a Instituciones o Autoridades Publicas cuando pedido por al Ley o cuand es necesario para proteger sus derechos.<\/span><\/span><\/p>\r\n<p lang=\"es-ES\"><span style=\"font-family: Arial, sans-serif;\"><span style=\"font-size: medium;\">Ningun dato derivado por la interaccion con el sitio web se propagar\u00e0.<\/span><\/span><\/p>\r\n<p lang=\"en-GB\"><span style=\"font-family: Arial, sans-serif;\"><span style=\"font-size: medium;\"><span lang=\"es-ES\"><b>Tipos de datos tratados.<\/b><\/span><\/span><\/span><\/p>\r\n<p lang=\"en-GB\"><span style=\"font-family: Arial, sans-serif;\"><span style=\"font-size: medium;\"><span lang=\"es-ES\"><b>Datos de navegaci\u00f3n <\/b><\/span><\/span><\/span><span style=\"font-family: Arial, sans-serif;\"><span style=\"font-size: medium;\"><span lang=\"es-ES\">\r\nLos sistemas informaticos y los procesos software dedicadas al funcionamiento de este sitio web consiguen, durante su proceso, algunos datos personales cuya transmision est\u00e0 implicita al uso de los protocolos de comunicaci\u00f3n de Internet. Se trata de informaciones que no est\u00e0n recogidas para ser asociadas a los interesados indentificados, pero que para su mismo car\u00e1cter podrian, a tr\u00e1vez de elaboraciones y asociaciones con datos de propriedad de terceras personas, permitri de identifcar los usuarios. Forman parte de esta categoria de las direcciones IP o los nombres de dominio de los ordernadores usados por los usuarios que se conectan al sitio, las direcciones en notaci\u00f3n URI (Uniform Resource Identifier) de los medios requerido, el horario de la solicitud, el modo utlizado para proponer la solicitud al server, la medida del file obtenido como respuesta, el codigo numerico que indica el estado de la respuesta del server (buen exito, error, ecc.) y otros parametros relativos al sistema de operaciones y medio ambiente informatico del usuario. <\/span><\/span><\/span><\/p>\r\n<p lang=\"en-GB\"><span style=\"font-family: Arial, sans-serif;\"><span style=\"font-size: medium;\"><span lang=\"es-ES\">Estos datos se utilizan solamente para obtener informaciones estad\u00edsticas sobre el uso del sitio y para controlar el correcto funcionamiento y se cancelan de inmediato luego de la elaboracion.\r\nLos datos podrian ser utilizados para la determinacion de responsabilidad en caso de supuestos crimenes informaticos en perjuicio del sitio. <\/span><\/span><\/span><\/p>\r\n<p lang=\"en-GB\"><span style=\"font-family: Arial, sans-serif;\"><span style=\"font-size: medium;\"><span lang=\"it-IT\"><b>Datos suministrados voluntariamente por el usuario<\/b><\/span><\/span><\/span><span style=\"font-family: Arial, sans-serif;\"><span style=\"font-size: medium;\"><span lang=\"it-IT\">\r\n<\/span><\/span><\/span><\/p>\r\n<p lang=\"en-GB\"><span style=\"font-family: Arial, sans-serif;\"><span style=\"font-size: medium;\"><span lang=\"es-ES\">El usuario podr\u00e0, en la pagina \u201c<\/span><\/span><\/span><span style=\"font-family: Arial, sans-serif;\"><span style=\"font-size: medium;\"><span lang=\"es-ES\"><b>Contactenos<\/b><\/span><\/span><\/span><span style=\"font-family: Arial, sans-serif;\"><span style=\"font-size: medium;\"><span lang=\"es-ES\">\u201d, comunicar con la empresa para preguntar informaciones y explicaciones\/servicios de D.R.M.<\/span><\/span><\/span><\/p>\r\n<p lang=\"es-ES\"><span style=\"font-family: Arial, sans-serif;\"><span style=\"font-size: medium;\">Se informan los usuarios que sobre el sitio no se tratan categorias particulares de datos como datos idoneos a revelar la origen racial y \u00e9tnica, opioniones politicas, creencias religiosas o de filosof\u00eda, afilaci\u00f3n sindical, datos relativos a la salud y la vida sexual as\u00ec como datos gen\u00e9ticos y biom\u00e9tricos. Se invitan, por lo tanto, los usuarios a no enviar en comunicaciones datos sensibles come antes mencionados a dado identificativos de terceras personas (en este caso mejor utilizar nombres de fantasia) <\/span><\/span><\/p>\r\n<p lang=\"en-GB\"><span style=\"font-family: Arial, sans-serif;\"><span style=\"font-size: medium;\"><span lang=\"es-ES\"><b>Finalidad del tratamiento y base legal<\/b><\/span><\/span><\/span><\/p>\r\n<p lang=\"es-ES\"><span style=\"font-family: Arial, sans-serif;\"><span style=\"font-size: medium;\">El tratamiento est\u00e0 basado en:<\/span><\/span><\/p>\r\n\r\n<ol>\r\n \t<li>\r\n<p lang=\"es-ES\"><span style=\"font-family: Arial, sans-serif;\"><span style=\"font-size: medium;\">el legal inter\u00e9s de monitorear el funcionamiento del sitio web para finalidades de eficiencia y seguridad del mismo<\/span><\/span><\/p>\r\n<\/li>\r\n \t<li>\r\n<p lang=\"es-ES\"><a name=\"_Hlk94684481\"><\/a> <span style=\"font-family: Arial, sans-serif;\"><span style=\"font-size: medium;\">el legal inter\u00e9s de analizar elaboraciones estadisticas anonimas para el uso del sitio web con el objectivo de optimizar los servicios;<\/span><\/span><\/p>\r\n<\/li>\r\n \t<li>\r\n<p lang=\"es-ES\"><span style=\"font-family: Arial, sans-serif;\"><span style=\"font-size: medium;\">el legal inter\u00e9s a procesar posibles solicitudes voluntarias de los usuarios; <\/span><\/span><\/p>\r\n<\/li>\r\n \t<li>\r\n<p lang=\"en-GB\"><span style=\"font-family: Arial, sans-serif;\"><span style=\"font-size: medium;\"><span lang=\"es-ES\">el cumplimiento de eventuales negociaciones antes del contracto rogadaas poe la persona interesada. <\/span><\/span><\/span><\/p>\r\n<\/li>\r\n<\/ol>\r\n<p lang=\"it-IT\"><span style=\"font-family: Arial, sans-serif;\"><span style=\"font-size: medium;\"><b>Opci\u00f3n de enviar los datos<\/b><\/span><\/span><\/p>\r\n<p lang=\"en-GB\"><span style=\"font-family: Arial, sans-serif;\"><span style=\"font-size: medium;\"><span lang=\"it-IT\">Adem\u00e1s de lo indicado para los datos de navegaci\u00f3n, el usuario est\u00e0 libre de suministrar voluntariamente datos personales<\/span><\/span><\/span><span style=\"font-family: Arial, sans-serif;\"><span style=\"font-size: medium;\"><span lang=\"it-IT\"><b>.<\/b><\/span><\/span><\/span><\/p>\r\n<p lang=\"es-ES\"><span style=\"font-family: Arial, sans-serif;\"><span style=\"font-size: medium;\">Un parcial o incorrecta emisi\u00f3n de datos supone la imposibilidad de contestar totalmente o correctamente a lo que eventualmente ha sido rogado.<\/span><\/span><\/p>\r\n<p lang=\"en-GB\"><span style=\"font-family: Arial, sans-serif;\"><span style=\"font-size: medium;\"><span lang=\"es-ES\"><b>Cookies<\/b><\/span><\/span><\/span><span style=\"font-family: Arial, sans-serif;\"><span style=\"font-size: medium;\"><span lang=\"es-ES\">\r\nTodas las informaciones sobre los cookies est\u00e0n disponibles en la Cookie Policy publicada en este sitio web. <\/span><\/span><\/span><\/p>\r\n<p lang=\"en-GB\"><span style=\"font-family: Arial, sans-serif;\"><span style=\"font-size: medium;\"><span lang=\"es-ES\"><b>Trasferencia de los datos a estados fuera de la UE<\/b><\/span><\/span><\/span><\/p>\r\n<p lang=\"es-ES\"><span style=\"font-family: Arial, sans-serif;\"><span style=\"font-size: medium;\">Los datos no se transladar\u00e1n a paises fuera de la UE.<\/span><\/span><\/p>\r\n<p lang=\"en-GB\"><span style=\"font-family: Arial, sans-serif;\"><span style=\"font-size: medium;\"><span lang=\"it-IT\"><b>Conservaci\u00f3n de los datos <\/b><\/span><\/span><\/span><\/p>\r\n<p lang=\"es-ES\"><span style=\"font-family: Arial, sans-serif;\"><span style=\"font-size: medium;\">El responsable tratar\u00e0 los datos personales para el tiempo necesario para cumplir con las finalidades sobre mencionadas y de toda forma no m\u00e1s de 10 a\u00f1os desde la fin de la relaci\u00f3n contractual.<\/span><\/span><\/p>\r\n<p lang=\"it-IT\"><span style=\"font-family: Arial, sans-serif;\"><span style=\"font-size: medium;\"><b>Derechos de las personas interesadas<\/b><\/span><\/span><\/p>\r\n<p lang=\"en-GB\"><span style=\"font-family: Arial, sans-serif;\"><span style=\"font-size: medium;\"><span lang=\"es-ES\">El interesado tiene derecho de preguntar al responsable el accesso a los datos, la cancelaci\u00f3n de los mismos, la rectificaci\u00f3n, la limitaci\u00f3n del tratamiento o de oponerse al tratamiento de los datos, adem\u00e1s que el derecho a la portabilidad de los datos, come establecido a los art. 15,16,17,18,20,21 del Regalmento Europeo 2016\/679. <\/span><\/span><\/span><\/p>\r\n<p lang=\"es-ES\"><span style=\"font-family: Arial, sans-serif;\"><span style=\"font-size: medium;\">Adem\u00e1s, la persona interesada tiene derecho a revocar su acuerdo en cada momento sin perjudicar la legalidad del tratamiento basada sobre el acuerdo prestado antes de la revocaci\u00f3n.<\/span><\/span><\/p>\r\n<p lang=\"es-ES\"><span style=\"font-family: Arial, sans-serif;\"><span style=\"font-size: medium;\">Al final, la persona interesada tiene derecho a presentar una reclamaci\u00f3n a una Autoridad de Control si opina que el tratamiento que lo incluye viole el Reglamento Europeo. <\/span><\/span><\/p>\r\n<p lang=\"en-GB\"><span style=\"font-family: Arial, sans-serif;\"><span style=\"font-size: medium;\"><span lang=\"es-ES\">Las solicitudes se tienen que enviar al responsable del tratamiento escribiendo a\u00a0<\/span><\/span><\/span><a href=\"mailto:info@drmsrl.it\" target=\"_top\"><span style=\"color: #0000ff;\"><span style=\"font-family: Arial, sans-serif;\"><span style=\"font-size: medium;\"><span lang=\"es-ES\">info@drmsrl.it<\/span><\/span><\/span><\/span><\/a><span style=\"font-family: Arial, sans-serif;\"><span style=\"font-size: medium;\"><span lang=\"es-ES\">.<\/span><\/span><\/span><\/p>\r\n<p lang=\"en-GB\"><span style=\"font-family: Arial, sans-serif;\"><span style=\"font-size: medium;\"><span lang=\"es-ES\"><b>D.R.M. S.r.l.<\/b><\/span><\/span><\/span><span style=\"font-family: Arial, sans-serif;\"><span style=\"font-size: medium;\"><span lang=\"es-ES\"> se reserva el derecho de actualizar esta Privacy Policy para adjustarla al derecho acual, adem\u00e1s que considerando los consejos transmitidos por los trabajadores, clientes, colaboradores y usuarios.<\/span><\/span><\/span><\/p>\r\n\r\n<\/div>\r\n<\/div>\t\t\t\t\t\t<\/div>\n\t\t\t\t<\/div>\n\t\t\t\t\t<\/div>\n\t\t<\/div>\n\t\t\t\t\t\t\t<\/div>\n\t\t<\/section>\n\t\t\t\t\t\t\t<\/div>\n\t\t","protected":false},"excerpt":{"rendered":"<p>Pol\u00edtica de privacidad En esta pagina se describe los modos de gesti\u00f3n del sitio en referencia al tratamiento de los datos personales de los usuarios que lo visitan. Se trata una declaraci\u00f3n que se est\u00e0 hecha en virtud del art. 13 del Reglamento Europeo 2016\/679 a las personas que se relaciona con los servicos web &hellip;<\/p>\n<p class=\"read-more\"> <a class=\"\" href=\"https:\/\/www.drmsrl.it\/es\/politica-de-privacidad\/\"> <span class=\"screen-reader-text\">Pol\u00edtica de privacidad<\/span> Leer m\u00e1s &raquo;<\/a><\/p>\n","protected":false},"author":1,"featured_media":0,"parent":0,"menu_order":0,"comment_status":"closed","ping_status":"open","template":"elementor_header_footer","meta":{"site-sidebar-layout":"no-sidebar","site-content-layout":"page-builder","ast-global-header-display":"","ast-main-header-display":"","ast-hfb-above-header-display":"","ast-hfb-below-header-display":"","ast-hfb-mobile-header-display":"","site-post-title":"disabled","ast-breadcrumbs-content":"","ast-featured-img":"disabled","footer-sml-layout":"","theme-transparent-header-meta":"","adv-header-id-meta":"","stick-header-meta":"","header-above-stick-meta":"","header-main-stick-meta":"","header-below-stick-meta":"","footnotes":""},"class_list":["post-1128","page","type-page","status-publish","hentry"],"acf":[],"yoast_head":"<!-- This site is optimized with the Yoast SEO plugin v19.6.1 - https:\/\/yoast.com\/wordpress\/plugins\/seo\/ -->\n<title>Pol\u00edtica de privacidad - DRM SRL<\/title>\n<meta name=\"robots\" content=\"index, follow, max-snippet:-1, max-image-preview:large, max-video-preview:-1\" \/>\n<link rel=\"canonical\" href=\"https:\/\/www.drmsrl.it\/privacy-policy\/\" \/>\n<meta property=\"og:locale\" content=\"es_ES\" \/>\n<meta property=\"og:type\" content=\"article\" \/>\n<meta property=\"og:title\" content=\"Pol\u00edtica de privacidad - DRM SRL\" \/>\n<meta property=\"og:description\" content=\"Pol\u00edtica de privacidad En esta pagina se describe los modos de gesti\u00f3n del sitio en referencia al tratamiento de los datos personales de los usuarios que lo visitan. Se trata una declaraci\u00f3n que se est\u00e0 hecha en virtud del art. 13 del Reglamento Europeo 2016\/679 a las personas que se relaciona con los servicos web &hellip; Pol\u00edtica de privacidad Leer m\u00e1s &raquo;\" \/>\n<meta property=\"og:url\" content=\"https:\/\/www.drmsrl.it\/privacy-policy\/\" \/>\n<meta property=\"og:site_name\" content=\"DRM SRL\" \/>\n<meta property=\"article:modified_time\" content=\"2023-10-10T14:48:11+00:00\" \/>\n<meta name=\"twitter:card\" content=\"summary_large_image\" \/>\n<meta name=\"twitter:label1\" content=\"Tiempo de lectura\" \/>\n\t<meta name=\"twitter:data1\" content=\"5 minutos\" \/>\n<script type=\"application\/ld+json\" class=\"yoast-schema-graph\">{\"@context\":\"https:\/\/schema.org\",\"@graph\":[{\"@type\":\"WebPage\",\"@id\":\"https:\/\/www.drmsrl.it\/privacy-policy\/\",\"url\":\"https:\/\/www.drmsrl.it\/privacy-policy\/\",\"name\":\"Pol\u00edtica de privacidad - DRM SRL\",\"isPartOf\":{\"@id\":\"https:\/\/www.drmsrl.it\/#website\"},\"datePublished\":\"2021-12-03T12:01:00+00:00\",\"dateModified\":\"2023-10-10T14:48:11+00:00\",\"breadcrumb\":{\"@id\":\"https:\/\/www.drmsrl.it\/privacy-policy\/#breadcrumb\"},\"inLanguage\":\"es\",\"potentialAction\":[{\"@type\":\"ReadAction\",\"target\":[\"https:\/\/www.drmsrl.it\/privacy-policy\/\"]}]},{\"@type\":\"BreadcrumbList\",\"@id\":\"https:\/\/www.drmsrl.it\/privacy-policy\/#breadcrumb\",\"itemListElement\":[{\"@type\":\"ListItem\",\"position\":1,\"name\":\"Home\",\"item\":\"https:\/\/www.drmsrl.it\/\"},{\"@type\":\"ListItem\",\"position\":2,\"name\":\"Pol\u00edtica de privacidad\"}]},{\"@type\":\"WebSite\",\"@id\":\"https:\/\/www.drmsrl.it\/#website\",\"url\":\"https:\/\/www.drmsrl.it\/\",\"name\":\"DRM SRL\",\"description\":\"Dalle persone per le persone\",\"publisher\":{\"@id\":\"https:\/\/www.drmsrl.it\/#organization\"},\"potentialAction\":[{\"@type\":\"SearchAction\",\"target\":{\"@type\":\"EntryPoint\",\"urlTemplate\":\"https:\/\/www.drmsrl.it\/?s={search_term_string}\"},\"query-input\":\"required name=search_term_string\"}],\"inLanguage\":\"es\"},{\"@type\":\"Organization\",\"@id\":\"https:\/\/www.drmsrl.it\/#organization\",\"name\":\"DRM SRL\",\"url\":\"https:\/\/www.drmsrl.it\/\",\"sameAs\":[],\"logo\":{\"@type\":\"ImageObject\",\"inLanguage\":\"es\",\"@id\":\"https:\/\/www.drmsrl.it\/#\/schema\/logo\/image\/\",\"url\":\"https:\/\/www.drmsrl.it\/wp-content\/uploads\/2021\/11\/logo-drm.svg\",\"contentUrl\":\"https:\/\/www.drmsrl.it\/wp-content\/uploads\/2021\/11\/logo-drm.svg\",\"width\":72,\"height\":52,\"caption\":\"DRM SRL\"},\"image\":{\"@id\":\"https:\/\/www.drmsrl.it\/#\/schema\/logo\/image\/\"}}]}<\/script>\n<!-- \/ Yoast SEO plugin. -->","yoast_head_json":{"title":"Pol\u00edtica de privacidad - DRM SRL","robots":{"index":"index","follow":"follow","max-snippet":"max-snippet:-1","max-image-preview":"max-image-preview:large","max-video-preview":"max-video-preview:-1"},"canonical":"https:\/\/www.drmsrl.it\/privacy-policy\/","og_locale":"es_ES","og_type":"article","og_title":"Pol\u00edtica de privacidad - DRM SRL","og_description":"Pol\u00edtica de privacidad En esta pagina se describe los modos de gesti\u00f3n del sitio en referencia al tratamiento de los datos personales de los usuarios que lo visitan. Se trata una declaraci\u00f3n que se est\u00e0 hecha en virtud del art. 13 del Reglamento Europeo 2016\/679 a las personas que se relaciona con los servicos web &hellip; Pol\u00edtica de privacidad Leer m\u00e1s &raquo;","og_url":"https:\/\/www.drmsrl.it\/privacy-policy\/","og_site_name":"DRM SRL","article_modified_time":"2023-10-10T14:48:11+00:00","twitter_card":"summary_large_image","twitter_misc":{"Tiempo de lectura":"5 minutos"},"schema":{"@context":"https:\/\/schema.org","@graph":[{"@type":"WebPage","@id":"https:\/\/www.drmsrl.it\/privacy-policy\/","url":"https:\/\/www.drmsrl.it\/privacy-policy\/","name":"Pol\u00edtica de privacidad - DRM SRL","isPartOf":{"@id":"https:\/\/www.drmsrl.it\/#website"},"datePublished":"2021-12-03T12:01:00+00:00","dateModified":"2023-10-10T14:48:11+00:00","breadcrumb":{"@id":"https:\/\/www.drmsrl.it\/privacy-policy\/#breadcrumb"},"inLanguage":"es","potentialAction":[{"@type":"ReadAction","target":["https:\/\/www.drmsrl.it\/privacy-policy\/"]}]},{"@type":"BreadcrumbList","@id":"https:\/\/www.drmsrl.it\/privacy-policy\/#breadcrumb","itemListElement":[{"@type":"ListItem","position":1,"name":"Home","item":"https:\/\/www.drmsrl.it\/"},{"@type":"ListItem","position":2,"name":"Pol\u00edtica de privacidad"}]},{"@type":"WebSite","@id":"https:\/\/www.drmsrl.it\/#website","url":"https:\/\/www.drmsrl.it\/","name":"DRM SRL","description":"Dalle persone per le persone","publisher":{"@id":"https:\/\/www.drmsrl.it\/#organization"},"potentialAction":[{"@type":"SearchAction","target":{"@type":"EntryPoint","urlTemplate":"https:\/\/www.drmsrl.it\/?s={search_term_string}"},"query-input":"required name=search_term_string"}],"inLanguage":"es"},{"@type":"Organization","@id":"https:\/\/www.drmsrl.it\/#organization","name":"DRM SRL","url":"https:\/\/www.drmsrl.it\/","sameAs":[],"logo":{"@type":"ImageObject","inLanguage":"es","@id":"https:\/\/www.drmsrl.it\/#\/schema\/logo\/image\/","url":"https:\/\/www.drmsrl.it\/wp-content\/uploads\/2021\/11\/logo-drm.svg","contentUrl":"https:\/\/www.drmsrl.it\/wp-content\/uploads\/2021\/11\/logo-drm.svg","width":72,"height":52,"caption":"DRM SRL"},"image":{"@id":"https:\/\/www.drmsrl.it\/#\/schema\/logo\/image\/"}}]}},"_links":{"self":[{"href":"https:\/\/www.drmsrl.it\/es\/wp-json\/wp\/v2\/pages\/1128","targetHints":{"allow":["GET"]}}],"collection":[{"href":"https:\/\/www.drmsrl.it\/es\/wp-json\/wp\/v2\/pages"}],"about":[{"href":"https:\/\/www.drmsrl.it\/es\/wp-json\/wp\/v2\/types\/page"}],"author":[{"embeddable":true,"href":"https:\/\/www.drmsrl.it\/es\/wp-json\/wp\/v2\/users\/1"}],"replies":[{"embeddable":true,"href":"https:\/\/www.drmsrl.it\/es\/wp-json\/wp\/v2\/comments?post=1128"}],"version-history":[{"count":3,"href":"https:\/\/www.drmsrl.it\/es\/wp-json\/wp\/v2\/pages\/1128\/revisions"}],"predecessor-version":[{"id":2590,"href":"https:\/\/www.drmsrl.it\/es\/wp-json\/wp\/v2\/pages\/1128\/revisions\/2590"}],"wp:attachment":[{"href":"https:\/\/www.drmsrl.it\/es\/wp-json\/wp\/v2\/media?parent=1128"}],"curies":[{"name":"wp","href":"https:\/\/api.w.org\/{rel}","templated":true}]}}