{"id":1112,"date":"2021-12-03T12:47:38","date_gmt":"2021-12-03T11:47:38","guid":{"rendered":"http:\/\/drmsrl.it\/nota-informativa-clientes-y-proveedores\/"},"modified":"2021-12-03T12:47:38","modified_gmt":"2021-12-03T11:47:38","slug":"nota-informativa-clientes-y-proveedores","status":"publish","type":"page","link":"https:\/\/www.drmsrl.it\/es\/nota-informativa-clientes-y-proveedores\/","title":{"rendered":"Nota informativa Clientes y Proveedores"},"content":{"rendered":"\t\t<div data-elementor-type=\"wp-page\" data-elementor-id=\"1112\" class=\"elementor elementor-1112 elementor-449\">\n\t\t\t\t\t\t\t\t\t<section class=\"elementor-section elementor-top-section elementor-element elementor-element-b5c5668 elementor-section-boxed elementor-section-height-default elementor-section-height-default\" data-id=\"b5c5668\" data-element_type=\"section\">\n\t\t\t\t\t\t<div class=\"elementor-container elementor-column-gap-default\">\n\t\t\t\t\t<div class=\"elementor-column elementor-col-100 elementor-top-column elementor-element elementor-element-d61c641\" data-id=\"d61c641\" data-element_type=\"column\">\n\t\t\t<div class=\"elementor-widget-wrap elementor-element-populated\">\n\t\t\t\t\t\t\t\t<div class=\"elementor-element elementor-element-e9312d1 elementor-widget elementor-widget-heading\" data-id=\"e9312d1\" data-element_type=\"widget\" data-widget_type=\"heading.default\">\n\t\t\t\t<div class=\"elementor-widget-container\">\n\t\t\t<style>\/*! elementor - v3.11.5 - 14-03-2023 *\/\n.elementor-heading-title{padding:0;margin:0;line-height:1}.elementor-widget-heading .elementor-heading-title[class*=elementor-size-]>a{color:inherit;font-size:inherit;line-height:inherit}.elementor-widget-heading .elementor-heading-title.elementor-size-small{font-size:15px}.elementor-widget-heading .elementor-heading-title.elementor-size-medium{font-size:19px}.elementor-widget-heading .elementor-heading-title.elementor-size-large{font-size:29px}.elementor-widget-heading .elementor-heading-title.elementor-size-xl{font-size:39px}.elementor-widget-heading .elementor-heading-title.elementor-size-xxl{font-size:59px}<\/style><h2 class=\"elementor-heading-title elementor-size-default\">Nota informativa Clientes y Proveedores<\/h2>\t\t<\/div>\n\t\t\t\t<\/div>\n\t\t\t\t<div class=\"elementor-element elementor-element-3872420 elementor-widget elementor-widget-text-editor\" data-id=\"3872420\" data-element_type=\"widget\" data-widget_type=\"text-editor.default\">\n\t\t\t\t<div class=\"elementor-widget-container\">\n\t\t\t<style>\/*! elementor - v3.11.5 - 14-03-2023 *\/\n.elementor-widget-text-editor.elementor-drop-cap-view-stacked .elementor-drop-cap{background-color:#818a91;color:#fff}.elementor-widget-text-editor.elementor-drop-cap-view-framed .elementor-drop-cap{color:#818a91;border:3px solid;background-color:transparent}.elementor-widget-text-editor:not(.elementor-drop-cap-view-default) .elementor-drop-cap{margin-top:8px}.elementor-widget-text-editor:not(.elementor-drop-cap-view-default) .elementor-drop-cap-letter{width:1em;height:1em}.elementor-widget-text-editor .elementor-drop-cap{float:left;text-align:center;line-height:1;font-size:50px}.elementor-widget-text-editor .elementor-drop-cap-letter{display:inline-block}<\/style>\t\t\t\t<div class=\"column mcb-column mcb-item-bac9a7e29 one column_divider\">\n<hr class=\"no_line\" \/>\n<\/div>\n<div class=\"column mcb-column mcb-item-ebdc5bfd4 one-sixth column_column\">\n<div class=\"column_attr clearfix\"><\/div>\n<\/div>\n<div class=\"column mcb-column mcb-item-d8d586439 two-third column_column\">\n<div class=\"column_attr clearfix align_justify\">\n<h3>Nota informativa en conformidad con el art\u00edculo 13 del Reglamento europeo 2016\/679<\/h3>\n<h3><\/h3>\n<\/div>\n<\/div>\n<div class=\"column mcb-column mcb-item-6af2c254e one-sixth column_column\">\n<div class=\"column_attr clearfix\"><\/div>\n<\/div>\n<div class=\"column mcb-column mcb-item-4b169078b one column_divider\">\n<hr class=\"no_line\" \/>\n<\/div>\n<div class=\"column mcb-column mcb-item-a1643cdc9 one-sixth column_column\">\n<div class=\"column_attr clearfix\"><\/div>\n<\/div>\n<div class=\"column mcb-column mcb-item-57c5dc705 two-third column_column\">\n<div class=\"column_attr clearfix align_justify\">\n<p class=\"big\">Estimado cliente y proveedor:<br \/>\nLa compa\u00f1\u00eda D.R.M. Srl con domicilio social en Poggio Rusco (MN) Via Piva 2, titular del tratamiento de sus datos personales, en conformidad con el art.13 del Reglamento UE 2016\/679, le informa de lo siguiente en relaci\u00f3n con los datos personales que ha facilitado para\u00a0<b><u>la ejecuci\u00f3n de una relaci\u00f3n contractual y\/o con fines precontractuales como la elaboraci\u00f3n o la solicitud de un presupuesto.<\/u><\/b><\/p>\n<p class=\"big\"><strong>Datos personales tratados<\/strong><br \/>\nDentro de esta finalidad D.R.M. Srl podr\u00e1 tratar los datos:<\/p>\n<ul>\n<li>del Representante legal;<\/li>\n<li>de sus empleados\/referentes internos;<\/li>\n<\/ul>\n<p class=\"big\">D.R.M. Srl podr\u00e1 tratar:<\/p>\n<ul>\n<li>datos de identificaci\u00f3n (nombre, direcci\u00f3n, lugar y fecha de nacimiento, c\u00f3digo fiscal y n\u00famero de IVA direcci\u00f3n f\u00edsica y telem\u00e1tica, n\u00famero de tel\u00e9fono fijo y m\u00f3vil);<\/li>\n<li>datos relativos a su actividad comercial y profesional;<\/li>\n<li>detalles bancarios;<\/li>\n<li>datos contables y fiscales;<\/li>\n<\/ul>\n<p class=\"big\"><strong>Finalidad y base jur\u00eddica del tratamiento<\/strong><br \/>\nLos datos personales mencionados anteriormente se procesar\u00e1n con los siguientes fines:<\/p>\n<ul>\n<li>Para la gesti\u00f3n de la relaci\u00f3n contractual y los consiguientes requisitos administrativos y reglamentarios.<\/li>\n<li>Para la comunicaci\u00f3n a terceros y\/o destinatarios (como organismos p\u00fablicos, instituciones de cr\u00e9dito, asesores fiscales y contables, asesores jur\u00eddicos, t\u00e9cnicos inform\u00e1ticos) para actividades relacionadas y necesarias para la relaci\u00f3n;<\/li>\n<li>Para actividades de comercializaci\u00f3n de productos\/servicios similares a los que son objeto de la venta.<\/li>\n<\/ul>\n<p class=\"big\">Los fundamentos jur\u00eddicos del tratamiento de los datos personales para las finalidades mencionadas en los puntos a-b est\u00e1n dados por el art\u00edculo 6 p\u00e1rr. 1 letra b), c) del Reglamento, ya que el tratamiento es necesario para la realizaci\u00f3n de actividades contractuales y precontractuales y para el cumplimiento de las obligaciones jur\u00eddicas. El suministro de datos personales para estos fines se entiende necesario porque el hecho de no facilitar sus datos relativos a la relaci\u00f3n contractual hace imposible que el Titular pueda establecer y llevar a cabo la ejecuci\u00f3n correcta. Los tratamientos realizados con finalidades de comercializaci\u00f3n descritos en la letra c) se basan en la b\u00fasqueda de un inter\u00e9s leg\u00edtimo del titular (art. 6, p\u00e1rr. 1 letra f) adem\u00e1s del Considerando 47 del Reglamento) que consiste en cultivar y mantener las relaciones con los clientes ya adquiridos inform\u00e1ndoles de los nuevos productos y servicios DRM. El otorgamiento de sus Datos Personales para estas finalidades es totalmente facultativo y no afecta el uso de los Servicios contractuales, pudiendo el interesado oponerse en cualquier momento al env\u00edo de comunicaciones comerciales por parte de DRM.<br \/>\nPara todos los fines, los datos se procesan en papel y en forma informatizada.<\/p>\n<p class=\"big\"><strong>Transferencia de datos a terceros pa\u00edses<\/strong><br \/>\nNo est\u00e1 prevista ninguna transferencia de sus datos a pa\u00edses fuera de la UE.<\/p>\n<p class=\"big\"><strong>Per\u00edodo de conservaci\u00f3n de los datos<\/strong><br \/>\nLos datos se conservar\u00e1n durante el tiempo necesario con respecto a las finalidades para las que fueron recogidos y, en todo caso, durante el tiempo requerido por disposiciones legales espec\u00edficas (en particular en el derecho civil para la conservaci\u00f3n de registros contables).<br \/>\nUna vez agotadas todas las finalidades que legitiman la conservaci\u00f3n de sus datos personales, el Titular se encargar\u00e1 de borrarlos o hacerlos an\u00f3nimos.<\/p>\n<p class=\"big\"><strong>Personas responsables y autorizadas para el tratamiento<\/strong><\/p>\n<ul>\n<li><i>Administrador de la compa\u00f1\u00eda<\/i><\/li>\n<li><i>Empleados del \u00e1rea administrativa y comercial;<\/i><\/li>\n<\/ul>\n<p>Adem\u00e1s, los datos se dar\u00e1n a conocer, como responsables, a las empresas inform\u00e1ticas encargadas del mantenimiento del hardware, el software y los servicios web, al asesor contable y fiscal, al mensajero y al asesor en materia de privacidad.&nbsp;<\/p>\n<p class=\"big\"><strong>Comunicaci\u00f3n de datos<\/strong><br \/>\nLos datos pueden ser comunicados a:<\/p>\n<ul>\n<li>Organismos p\u00fablicos de referencia;<\/li>\n<li>Instituciones de cr\u00e9dito;<\/li>\n<li>Compa\u00f1\u00edas de certificaci\u00f3n;<\/li>\n<\/ul>\n<p>La comunicaci\u00f3n de datos a estas entidades es necesaria para la conclusi\u00f3n y ejecuci\u00f3n del contrato entre las partes y para perseguir un inter\u00e9s leg\u00edtimo del titular de cumplir debidamente las obligaciones derivadas de las normas obligatorias y voluntarias, por lo que el interesado est\u00e1 obligado a proporcionar sus datos porque sin ellos el titular no puede cumplir debidamente las obligaciones derivadas de la relaci\u00f3n contractual.&nbsp;<\/p>\n<p class=\"big\"><strong>Difusi\u00f3n de datos<\/strong><br \/>\nNo se difunde ning\u00fan dato.<\/p>\n<p class=\"big\"><strong>Derechos del interesado<\/strong><br \/>\nEl interesado tiene derecho a solicitar al titular el acceso a los datos, su rectificaci\u00f3n, supresi\u00f3n, limitaci\u00f3n del tratamiento de los mismos, as\u00ed como el derecho a su portabilidad, o a oponerse a su tratamiento en las condiciones establecidas por los art\u00edculos 15, 16, 17, 18, 20, 21 del Reglamento UE 2016\/679.<br \/>\nAdem\u00e1s, el interesado tiene derecho a revocar su consentimiento en cualquier momento sin perjuicio de la legalidad del tratamiento basado en el consentimiento dado antes de la revocaci\u00f3n.<br \/>\nPor \u00faltimo, el interesado tiene derecho a presentar una reclamaci\u00f3n ante una autoridad de control si considera que el tratamiento que le concierne infringe el Reglamento europeo.<br \/>\nPara m\u00e1s informaci\u00f3n y para enviar su solicitud, escriba su mensaje al titular a la direcci\u00f3n:\u00a0<a href=\"mailto:info@drmsrl.it\">info@drmsrl.it<\/a><\/p>\n<\/div>\n<\/div>\n\t\t\t\t\t\t<\/div>\n\t\t\t\t<\/div>\n\t\t\t\t\t<\/div>\n\t\t<\/div>\n\t\t\t\t\t\t\t<\/div>\n\t\t<\/section>\n\t\t\t\t\t\t\t<\/div>\n\t\t","protected":false},"excerpt":{"rendered":"<p>Nota informativa Clientes y Proveedores Nota informativa en conformidad con el art\u00edculo 13 del Reglamento europeo 2016\/679 Estimado cliente y proveedor: La compa\u00f1\u00eda D.R.M. Srl con domicilio social en Poggio Rusco (MN) Via Piva 2, titular del tratamiento de sus datos personales, en conformidad con el art.13 del Reglamento UE 2016\/679, le informa de lo &hellip;<\/p>\n<p class=\"read-more\"> <a class=\"\" href=\"https:\/\/www.drmsrl.it\/es\/nota-informativa-clientes-y-proveedores\/\"> <span class=\"screen-reader-text\">Nota informativa Clientes y Proveedores<\/span> Leer m\u00e1s &raquo;<\/a><\/p>\n","protected":false},"author":1,"featured_media":0,"parent":0,"menu_order":0,"comment_status":"closed","ping_status":"closed","template":"","meta":{"site-sidebar-layout":"no-sidebar","site-content-layout":"page-builder","ast-global-header-display":"","ast-main-header-display":"","ast-hfb-above-header-display":"","ast-hfb-below-header-display":"","ast-hfb-mobile-header-display":"","site-post-title":"disabled","ast-breadcrumbs-content":"","ast-featured-img":"disabled","footer-sml-layout":"","theme-transparent-header-meta":"","adv-header-id-meta":"","stick-header-meta":"","header-above-stick-meta":"","header-main-stick-meta":"","header-below-stick-meta":"","footnotes":""},"class_list":["post-1112","page","type-page","status-publish","hentry"],"acf":[],"yoast_head":"<!-- This site is optimized with the Yoast SEO plugin v19.6.1 - https:\/\/yoast.com\/wordpress\/plugins\/seo\/ -->\n<title>Nota informativa Clientes y Proveedores - DRM SRL<\/title>\n<meta name=\"robots\" content=\"index, follow, max-snippet:-1, max-image-preview:large, max-video-preview:-1\" \/>\n<link rel=\"canonical\" href=\"https:\/\/www.drmsrl.it\/es\/nota-informativa-clientes-y-proveedores\/\" \/>\n<meta property=\"og:locale\" content=\"es_ES\" \/>\n<meta property=\"og:type\" content=\"article\" \/>\n<meta property=\"og:title\" content=\"Nota informativa Clientes y Proveedores - DRM SRL\" \/>\n<meta property=\"og:description\" content=\"Nota informativa Clientes y Proveedores Nota informativa en conformidad con el art\u00edculo 13 del Reglamento europeo 2016\/679 Estimado cliente y proveedor: La compa\u00f1\u00eda D.R.M. Srl con domicilio social en Poggio Rusco (MN) Via Piva 2, titular del tratamiento de sus datos personales, en conformidad con el art.13 del Reglamento UE 2016\/679, le informa de lo &hellip; Nota informativa Clientes y Proveedores Leer m\u00e1s &raquo;\" \/>\n<meta property=\"og:url\" content=\"https:\/\/www.drmsrl.it\/es\/nota-informativa-clientes-y-proveedores\/\" \/>\n<meta property=\"og:site_name\" content=\"DRM SRL\" \/>\n<meta name=\"twitter:card\" content=\"summary_large_image\" \/>\n<meta name=\"twitter:label1\" content=\"Tiempo de lectura\" \/>\n\t<meta name=\"twitter:data1\" content=\"4 minutos\" \/>\n<script type=\"application\/ld+json\" class=\"yoast-schema-graph\">{\"@context\":\"https:\/\/schema.org\",\"@graph\":[{\"@type\":\"WebPage\",\"@id\":\"https:\/\/www.drmsrl.it\/es\/nota-informativa-clientes-y-proveedores\/\",\"url\":\"https:\/\/www.drmsrl.it\/es\/nota-informativa-clientes-y-proveedores\/\",\"name\":\"Nota informativa Clientes y Proveedores - DRM SRL\",\"isPartOf\":{\"@id\":\"https:\/\/www.drmsrl.it\/#website\"},\"datePublished\":\"2021-12-03T11:47:38+00:00\",\"dateModified\":\"2021-12-03T11:47:38+00:00\",\"breadcrumb\":{\"@id\":\"https:\/\/www.drmsrl.it\/es\/nota-informativa-clientes-y-proveedores\/#breadcrumb\"},\"inLanguage\":\"es\",\"potentialAction\":[{\"@type\":\"ReadAction\",\"target\":[\"https:\/\/www.drmsrl.it\/es\/nota-informativa-clientes-y-proveedores\/\"]}]},{\"@type\":\"BreadcrumbList\",\"@id\":\"https:\/\/www.drmsrl.it\/es\/nota-informativa-clientes-y-proveedores\/#breadcrumb\",\"itemListElement\":[{\"@type\":\"ListItem\",\"position\":1,\"name\":\"Home\",\"item\":\"https:\/\/www.drmsrl.it\/\"},{\"@type\":\"ListItem\",\"position\":2,\"name\":\"Nota informativa Clientes y Proveedores\"}]},{\"@type\":\"WebSite\",\"@id\":\"https:\/\/www.drmsrl.it\/#website\",\"url\":\"https:\/\/www.drmsrl.it\/\",\"name\":\"DRM SRL\",\"description\":\"Dalle persone per le persone\",\"publisher\":{\"@id\":\"https:\/\/www.drmsrl.it\/#organization\"},\"potentialAction\":[{\"@type\":\"SearchAction\",\"target\":{\"@type\":\"EntryPoint\",\"urlTemplate\":\"https:\/\/www.drmsrl.it\/?s={search_term_string}\"},\"query-input\":\"required name=search_term_string\"}],\"inLanguage\":\"es\"},{\"@type\":\"Organization\",\"@id\":\"https:\/\/www.drmsrl.it\/#organization\",\"name\":\"DRM SRL\",\"url\":\"https:\/\/www.drmsrl.it\/\",\"sameAs\":[],\"logo\":{\"@type\":\"ImageObject\",\"inLanguage\":\"es\",\"@id\":\"https:\/\/www.drmsrl.it\/#\/schema\/logo\/image\/\",\"url\":\"https:\/\/www.drmsrl.it\/wp-content\/uploads\/2021\/11\/logo-drm.svg\",\"contentUrl\":\"https:\/\/www.drmsrl.it\/wp-content\/uploads\/2021\/11\/logo-drm.svg\",\"width\":72,\"height\":52,\"caption\":\"DRM SRL\"},\"image\":{\"@id\":\"https:\/\/www.drmsrl.it\/#\/schema\/logo\/image\/\"}}]}<\/script>\n<!-- \/ Yoast SEO plugin. -->","yoast_head_json":{"title":"Nota informativa Clientes y Proveedores - DRM SRL","robots":{"index":"index","follow":"follow","max-snippet":"max-snippet:-1","max-image-preview":"max-image-preview:large","max-video-preview":"max-video-preview:-1"},"canonical":"https:\/\/www.drmsrl.it\/es\/nota-informativa-clientes-y-proveedores\/","og_locale":"es_ES","og_type":"article","og_title":"Nota informativa Clientes y Proveedores - DRM SRL","og_description":"Nota informativa Clientes y Proveedores Nota informativa en conformidad con el art\u00edculo 13 del Reglamento europeo 2016\/679 Estimado cliente y proveedor: La compa\u00f1\u00eda D.R.M. Srl con domicilio social en Poggio Rusco (MN) Via Piva 2, titular del tratamiento de sus datos personales, en conformidad con el art.13 del Reglamento UE 2016\/679, le informa de lo &hellip; Nota informativa Clientes y Proveedores Leer m\u00e1s &raquo;","og_url":"https:\/\/www.drmsrl.it\/es\/nota-informativa-clientes-y-proveedores\/","og_site_name":"DRM SRL","twitter_card":"summary_large_image","twitter_misc":{"Tiempo de lectura":"4 minutos"},"schema":{"@context":"https:\/\/schema.org","@graph":[{"@type":"WebPage","@id":"https:\/\/www.drmsrl.it\/es\/nota-informativa-clientes-y-proveedores\/","url":"https:\/\/www.drmsrl.it\/es\/nota-informativa-clientes-y-proveedores\/","name":"Nota informativa Clientes y Proveedores - DRM SRL","isPartOf":{"@id":"https:\/\/www.drmsrl.it\/#website"},"datePublished":"2021-12-03T11:47:38+00:00","dateModified":"2021-12-03T11:47:38+00:00","breadcrumb":{"@id":"https:\/\/www.drmsrl.it\/es\/nota-informativa-clientes-y-proveedores\/#breadcrumb"},"inLanguage":"es","potentialAction":[{"@type":"ReadAction","target":["https:\/\/www.drmsrl.it\/es\/nota-informativa-clientes-y-proveedores\/"]}]},{"@type":"BreadcrumbList","@id":"https:\/\/www.drmsrl.it\/es\/nota-informativa-clientes-y-proveedores\/#breadcrumb","itemListElement":[{"@type":"ListItem","position":1,"name":"Home","item":"https:\/\/www.drmsrl.it\/"},{"@type":"ListItem","position":2,"name":"Nota informativa Clientes y Proveedores"}]},{"@type":"WebSite","@id":"https:\/\/www.drmsrl.it\/#website","url":"https:\/\/www.drmsrl.it\/","name":"DRM SRL","description":"Dalle persone per le persone","publisher":{"@id":"https:\/\/www.drmsrl.it\/#organization"},"potentialAction":[{"@type":"SearchAction","target":{"@type":"EntryPoint","urlTemplate":"https:\/\/www.drmsrl.it\/?s={search_term_string}"},"query-input":"required name=search_term_string"}],"inLanguage":"es"},{"@type":"Organization","@id":"https:\/\/www.drmsrl.it\/#organization","name":"DRM SRL","url":"https:\/\/www.drmsrl.it\/","sameAs":[],"logo":{"@type":"ImageObject","inLanguage":"es","@id":"https:\/\/www.drmsrl.it\/#\/schema\/logo\/image\/","url":"https:\/\/www.drmsrl.it\/wp-content\/uploads\/2021\/11\/logo-drm.svg","contentUrl":"https:\/\/www.drmsrl.it\/wp-content\/uploads\/2021\/11\/logo-drm.svg","width":72,"height":52,"caption":"DRM SRL"},"image":{"@id":"https:\/\/www.drmsrl.it\/#\/schema\/logo\/image\/"}}]}},"_links":{"self":[{"href":"https:\/\/www.drmsrl.it\/es\/wp-json\/wp\/v2\/pages\/1112","targetHints":{"allow":["GET"]}}],"collection":[{"href":"https:\/\/www.drmsrl.it\/es\/wp-json\/wp\/v2\/pages"}],"about":[{"href":"https:\/\/www.drmsrl.it\/es\/wp-json\/wp\/v2\/types\/page"}],"author":[{"embeddable":true,"href":"https:\/\/www.drmsrl.it\/es\/wp-json\/wp\/v2\/users\/1"}],"replies":[{"embeddable":true,"href":"https:\/\/www.drmsrl.it\/es\/wp-json\/wp\/v2\/comments?post=1112"}],"version-history":[{"count":1,"href":"https:\/\/www.drmsrl.it\/es\/wp-json\/wp\/v2\/pages\/1112\/revisions"}],"predecessor-version":[{"id":1113,"href":"https:\/\/www.drmsrl.it\/es\/wp-json\/wp\/v2\/pages\/1112\/revisions\/1113"}],"wp:attachment":[{"href":"https:\/\/www.drmsrl.it\/es\/wp-json\/wp\/v2\/media?parent=1112"}],"curies":[{"name":"wp","href":"https:\/\/api.w.org\/{rel}","templated":true}]}}