{"id":1094,"date":"2021-12-03T12:43:08","date_gmt":"2021-12-03T11:43:08","guid":{"rendered":"http:\/\/drmsrl.it\/condiciones-de-uso\/"},"modified":"2022-02-11T09:21:50","modified_gmt":"2022-02-11T08:21:50","slug":"condiciones-de-uso","status":"publish","type":"page","link":"https:\/\/www.drmsrl.it\/es\/condiciones-de-uso\/","title":{"rendered":"Condiciones de uso"},"content":{"rendered":"\t\t<div data-elementor-type=\"wp-page\" data-elementor-id=\"1094\" class=\"elementor elementor-1094 elementor-443\">\n\t\t\t\t\t\t\t\t\t<section class=\"elementor-section elementor-top-section elementor-element elementor-element-359ac1e elementor-section-boxed elementor-section-height-default elementor-section-height-default\" data-id=\"359ac1e\" data-element_type=\"section\">\n\t\t\t\t\t\t<div class=\"elementor-container elementor-column-gap-default\">\n\t\t\t\t\t<div class=\"elementor-column elementor-col-100 elementor-top-column elementor-element elementor-element-fec8624\" data-id=\"fec8624\" data-element_type=\"column\">\n\t\t\t<div class=\"elementor-widget-wrap elementor-element-populated\">\n\t\t\t\t\t\t\t\t<div class=\"elementor-element elementor-element-7de3dd6 elementor-widget elementor-widget-heading\" data-id=\"7de3dd6\" data-element_type=\"widget\" data-widget_type=\"heading.default\">\n\t\t\t\t<div class=\"elementor-widget-container\">\n\t\t\t<style>\/*! elementor - v3.11.5 - 14-03-2023 *\/\n.elementor-heading-title{padding:0;margin:0;line-height:1}.elementor-widget-heading .elementor-heading-title[class*=elementor-size-]>a{color:inherit;font-size:inherit;line-height:inherit}.elementor-widget-heading .elementor-heading-title.elementor-size-small{font-size:15px}.elementor-widget-heading .elementor-heading-title.elementor-size-medium{font-size:19px}.elementor-widget-heading .elementor-heading-title.elementor-size-large{font-size:29px}.elementor-widget-heading .elementor-heading-title.elementor-size-xl{font-size:39px}.elementor-widget-heading .elementor-heading-title.elementor-size-xxl{font-size:59px}<\/style><h2 class=\"elementor-heading-title elementor-size-default\">Condiciones de uso<\/h2>\t\t<\/div>\n\t\t\t\t<\/div>\n\t\t\t\t<div class=\"elementor-element elementor-element-2da5175 elementor-widget elementor-widget-text-editor\" data-id=\"2da5175\" data-element_type=\"widget\" data-widget_type=\"text-editor.default\">\n\t\t\t\t<div class=\"elementor-widget-container\">\n\t\t\t<style>\/*! elementor - v3.11.5 - 14-03-2023 *\/\n.elementor-widget-text-editor.elementor-drop-cap-view-stacked .elementor-drop-cap{background-color:#818a91;color:#fff}.elementor-widget-text-editor.elementor-drop-cap-view-framed .elementor-drop-cap{color:#818a91;border:3px solid;background-color:transparent}.elementor-widget-text-editor:not(.elementor-drop-cap-view-default) .elementor-drop-cap{margin-top:8px}.elementor-widget-text-editor:not(.elementor-drop-cap-view-default) .elementor-drop-cap-letter{width:1em;height:1em}.elementor-widget-text-editor .elementor-drop-cap{float:left;text-align:center;line-height:1;font-size:50px}.elementor-widget-text-editor .elementor-drop-cap-letter{display:inline-block}<\/style>\t\t\t\t<p><strong><span style=\"font-size: 1.5em;\">P<\/span><span style=\"font-size: 1.5em;\">or<\/span><\/strong><span style=\"font-size: 1.5em; font-weight: bold;\"> favor, lea las condiciones de uso cuidadosamente antes de usar este sitio web.<\/span><\/p>\n<div class=\"column mcb-column mcb-item-7c1d5c9f0 two-third column_column\">\n<div class=\"column_attr clearfix align_justify\">\n<h3><\/h3>\n<h4>Al utilizar este sitio web, usted acepta estos t\u00e9rminos y condiciones. Si no est\u00e1 de acuerdo, por favor no acceda al sitio.<\/h4>\n<h4><\/h4>\n<\/div>\n<\/div>\n<div class=\"column mcb-column mcb-item-bd597ee85 one-sixth column_column\">\n<div class=\"column_attr clearfix\"><\/div>\n<\/div>\n<div class=\"column mcb-column mcb-item-073b1f35d one column_divider\">\n<hr class=\"no_line\" \/>\n<\/div>\n<div class=\"column mcb-column mcb-item-fc4daa506 one-sixth column_column\">\n<div class=\"column_attr clearfix\"><\/div>\n<\/div>\n<div class=\"column mcb-column mcb-item-44190ce3b two-third column_column\">\n<div class=\"column_attr clearfix align_justify\">\n<p class=\"big\">D.R.M. S.r.l. (<strong>DRM<\/strong>) se reserva el derecho, a su discreci\u00f3n y en cualquier momento, de modificar, variar, a\u00f1adir o eliminar parte del texto de estas condiciones. El usuario estar\u00e1 obligado en todo caso a cumplir con los t\u00e9rminos y condiciones publicados en el momento del acceso al sitio.<\/p>\n<p class=\"big\">Todos los materiales publicados en este sitio web, como documentos, im\u00e1genes, gr\u00e1ficos, v\u00eddeos, etc., est\u00e1n protegidos por los derechos de autor y de propiedad de\u00a0<strong>DRM<\/strong>\u00a0o de las otras Compa\u00f1\u00edas del Grupo, protegidos por las leyes nacionales y comunitarias vigentes en materia de propiedad intelectual.<\/p>\n<p class=\"big\">Est\u00e1 prohibido copiar, traducir, reproducir o publicar material tomado del sitio web\u00a0<strong><a href=\"https:\/\/www.drmsrl.it\/es\/\">www.drmsrl.it<\/a><\/strong>, excepto el derecho a descargar una sola copia, manteniendo intactas las atribuciones que se refieren a los derechos de autor y de propiedad.<\/p>\n<p class=\"big\">Queda expresamente prohibido el uso de marcas, logotipos y nombres comerciales visibles en este sitio, sin el consentimiento de la Compa\u00f1\u00eda a la que pertenecen.<\/p>\n<p class=\"big\">La reproducci\u00f3n de las ilustraciones y art\u00edculos publicados, as\u00ed como su traducci\u00f3n, est\u00e1 prohibida por cualquier medio, anal\u00f3gico o digital, y no puede tener lugar sin la autorizaci\u00f3n expresa por escrito del editor.<\/p>\n<p class=\"big\">Se permite la copia solo para uso personal. Se permiten citas para rese\u00f1a, cr\u00edtica, cr\u00f3nica o estudio, siempre que vayan acompa\u00f1adas de una indicaci\u00f3n de la fuente\u00a0<strong>DRM<\/strong>, incluyendo la direcci\u00f3n telem\u00e1tica\u00a0<strong><a href=\"https:\/\/www.drmsrl.it\/es\/\">www.drmsrl.it<\/a><\/strong>, y el nombre del autor del art\u00edculo, si est\u00e1 presente.<\/p>\n<p class=\"big\">Los enlaces de otros sitios est\u00e1n permitidos y son bienvenidos.<\/p>\n<p class=\"big\"><strong>DRM<\/strong>\u00a0se reserva el derecho de reproducir los textos en otras publicaciones del Grupo.<\/p>\n<p class=\"big\"><strong>DRM<\/strong>\u00a0no se hace responsable de ning\u00fan tipo de da\u00f1o o virus que pueda causarse al ordenador u otra propiedad del usuario como consecuencia del acceso al sitio web, la navegaci\u00f3n por \u00e9l, el uso del material contenido en \u00e9l o la descarga de material v\u00eddeo, audio, de texto, im\u00e1genes, software e informaci\u00f3n contenida en el sitio web.\u00a0<strong>DRM<\/strong>,por lo tanto, y las dem\u00e1s Compa\u00f1\u00edas del Grupo que disponen de este sitio, no ser\u00e1n responsables de los da\u00f1os, p\u00e9rdidas, perjuicios de cualquier tipo que puedan sufrir terceros como consecuencia del acceso al sitio.<\/p>\n<p class=\"big\">Toda comunicaci\u00f3n o material enviado a este sitio web por correo electr\u00f3nico, o por otros medios, se considerar\u00e1 no confidencial y no estar\u00e1 protegido por los derechos de propiedad intelectual. Todo lo que usted env\u00ede, por ejemplo por correo electr\u00f3nico, al sitio pasar\u00e1 a ser propiedad de\u00a0<strong>DRM<\/strong>\u00a0y de las dem\u00e1s Compa\u00f1\u00edas del Grupo, que podr\u00e1n por tanto utilizarlo para cualquier fin leg\u00edtimo.\u00a0<strong>DRM<\/strong>\u00a0tambi\u00e9n tendr\u00e1 libertad para utilizar las ideas, conceptos, conocimientos t\u00e9cnicos o especializados que figuren en cualquier comunicaci\u00f3n enviada por los usuarios al sitio para cualquier fin, incluidos el desarrollo, la producci\u00f3n y la comercializaci\u00f3n de productos mediante el uso de ese material. Toda persona que presente material garantiza que es posible su publicaci\u00f3n y acepta mantener indemne a DRM por cualquier acci\u00f3n de terceros en relaci\u00f3n con dicho material.<\/p>\n<p class=\"big\"><strong>DRM<\/strong>\u00a0no se hace responsable de ninguna manera del contenido de otros sitios a los que se pueda acceder desde su sitio web a trav\u00e9s de &#8220;enlaces&#8221;, ya que est\u00e1n totalmente fuera de cualquier forma de control por parte de la propia Compa\u00f1\u00eda, que en cualquier caso se reserva el derecho de suprimir los enlaces a esos sitios.<\/p>\n<p class=\"big\">Los enlaces solo est\u00e1n disponibles por comodidad y para proporcionar un servicio al lector, por lo que la conexi\u00f3n a otros sitios web es enteramente a riesgo del usuario. Adem\u00e1s, la existencia de un hiperv\u00ednculo a un sitio externo no implica la aprobaci\u00f3n o aceptaci\u00f3n de responsabilidad por parte de\u00a0<strong>DRM<\/strong>\u00a0del contenido o el uso de dicho sitio. Es responsabilidad del usuario tomar todas las precauciones necesarias para asegurarse de que todo lo que decida tomar y utilizar est\u00e9 libre de elementos destructivos como los virus.\u00a0<strong>DRM<\/strong>, y por ella el propietario, no puede ser considerada en ning\u00fan caso responsable de ning\u00fan da\u00f1o, parcial o total, directo o indirecto, relacionado con el uso de este sitio web o de otros sitios vinculados a \u00e9l por un enlace de hipertexto, incluyendo, sin limitaci\u00f3n, da\u00f1os como la p\u00e9rdida de ganancias o del volumen de negocios, la interrupci\u00f3n de la actividad empresarial o profesional, la p\u00e9rdida de programas u otros datos ubicados en su sistema inform\u00e1tico u otro sistema.<\/p>\n<p class=\"big\"><strong>DRM<\/strong>\u00a0no garantiza la legitimidad del uso del material de este sitio web en un territorio distinto de Italia. Se considerar\u00e1 que el acceso al sitio desde otros lugares se realiza por iniciativa del usuario, que asumir\u00e1 la plena responsabilidad del cumplimiento de los reglamentos locales, dentro de los l\u00edmites de su aplicaci\u00f3n. El Software del sitio tambi\u00e9n est\u00e1 sujeto a las leyes italianas que rigen la exportaci\u00f3n.<\/p>\n<p class=\"big\"><strong>DRM<\/strong>\u00a0no ofrece ninguna garant\u00eda por el mal funcionamiento del sitio web, por la interrupci\u00f3n del servicio, por la exactitud y la calidad de la informaci\u00f3n contenida en el propio sitio web. Dicha informaci\u00f3n, de hecho, puede estar viciada por errores tipogr\u00e1ficos.<\/p>\n<\/div>\n<\/div>\n\t\t\t\t\t\t<\/div>\n\t\t\t\t<\/div>\n\t\t\t\t\t<\/div>\n\t\t<\/div>\n\t\t\t\t\t\t\t<\/div>\n\t\t<\/section>\n\t\t\t\t\t\t\t<\/div>\n\t\t","protected":false},"excerpt":{"rendered":"<p>Condiciones de uso Por favor, lea las condiciones de uso cuidadosamente antes de usar este sitio web. Al utilizar este sitio web, usted acepta estos t\u00e9rminos y condiciones. Si no est\u00e1 de acuerdo, por favor no acceda al sitio. D.R.M. S.r.l. (DRM) se reserva el derecho, a su discreci\u00f3n y en cualquier momento, de modificar, &hellip;<\/p>\n<p class=\"read-more\"> <a class=\"\" href=\"https:\/\/www.drmsrl.it\/es\/condiciones-de-uso\/\"> <span class=\"screen-reader-text\">Condiciones de uso<\/span> Leer m\u00e1s &raquo;<\/a><\/p>\n","protected":false},"author":1,"featured_media":0,"parent":0,"menu_order":0,"comment_status":"closed","ping_status":"closed","template":"","meta":{"site-sidebar-layout":"no-sidebar","site-content-layout":"page-builder","ast-global-header-display":"","ast-main-header-display":"","ast-hfb-above-header-display":"","ast-hfb-below-header-display":"","ast-hfb-mobile-header-display":"","site-post-title":"disabled","ast-breadcrumbs-content":"","ast-featured-img":"disabled","footer-sml-layout":"","theme-transparent-header-meta":"","adv-header-id-meta":"","stick-header-meta":"","header-above-stick-meta":"","header-main-stick-meta":"","header-below-stick-meta":"","footnotes":""},"class_list":["post-1094","page","type-page","status-publish","hentry"],"acf":[],"yoast_head":"<!-- This site is optimized with the Yoast SEO plugin v19.6.1 - https:\/\/yoast.com\/wordpress\/plugins\/seo\/ -->\n<title>Condiciones de uso - DRM SRL<\/title>\n<meta name=\"description\" content=\"Con el uso de este sitio, usted dar\u00e1 su consentimiento a estas condiciones. En caso de no aceptaci\u00f3n, no acceda al sitio.\" \/>\n<meta name=\"robots\" content=\"index, follow, max-snippet:-1, max-image-preview:large, max-video-preview:-1\" \/>\n<link rel=\"canonical\" href=\"https:\/\/www.drmsrl.it\/condizioni-duso\/\" \/>\n<meta property=\"og:locale\" content=\"es_ES\" \/>\n<meta property=\"og:type\" content=\"article\" \/>\n<meta property=\"og:title\" content=\"Condiciones de uso - DRM SRL\" \/>\n<meta property=\"og:description\" content=\"Con el uso de este sitio, usted dar\u00e1 su consentimiento a estas condiciones. En caso de no aceptaci\u00f3n, no acceda al sitio.\" \/>\n<meta property=\"og:url\" content=\"https:\/\/www.drmsrl.it\/condizioni-duso\/\" \/>\n<meta property=\"og:site_name\" content=\"DRM SRL\" \/>\n<meta property=\"article:modified_time\" content=\"2022-02-11T08:21:50+00:00\" \/>\n<meta name=\"twitter:card\" content=\"summary_large_image\" \/>\n<meta name=\"twitter:label1\" content=\"Tiempo de lectura\" \/>\n\t<meta name=\"twitter:data1\" content=\"5 minutos\" \/>\n<script type=\"application\/ld+json\" class=\"yoast-schema-graph\">{\"@context\":\"https:\/\/schema.org\",\"@graph\":[{\"@type\":\"WebPage\",\"@id\":\"https:\/\/www.drmsrl.it\/condizioni-duso\/\",\"url\":\"https:\/\/www.drmsrl.it\/condizioni-duso\/\",\"name\":\"Condiciones de uso - DRM SRL\",\"isPartOf\":{\"@id\":\"https:\/\/www.drmsrl.it\/#website\"},\"datePublished\":\"2021-12-03T11:43:08+00:00\",\"dateModified\":\"2022-02-11T08:21:50+00:00\",\"description\":\"Con el uso de este sitio, usted dar\u00e1 su consentimiento a estas condiciones. En caso de no aceptaci\u00f3n, no acceda al sitio.\",\"breadcrumb\":{\"@id\":\"https:\/\/www.drmsrl.it\/condizioni-duso\/#breadcrumb\"},\"inLanguage\":\"es\",\"potentialAction\":[{\"@type\":\"ReadAction\",\"target\":[\"https:\/\/www.drmsrl.it\/condizioni-duso\/\"]}]},{\"@type\":\"BreadcrumbList\",\"@id\":\"https:\/\/www.drmsrl.it\/condizioni-duso\/#breadcrumb\",\"itemListElement\":[{\"@type\":\"ListItem\",\"position\":1,\"name\":\"Home\",\"item\":\"https:\/\/www.drmsrl.it\/\"},{\"@type\":\"ListItem\",\"position\":2,\"name\":\"Condiciones de uso\"}]},{\"@type\":\"WebSite\",\"@id\":\"https:\/\/www.drmsrl.it\/#website\",\"url\":\"https:\/\/www.drmsrl.it\/\",\"name\":\"DRM SRL\",\"description\":\"Dalle persone per le persone\",\"publisher\":{\"@id\":\"https:\/\/www.drmsrl.it\/#organization\"},\"potentialAction\":[{\"@type\":\"SearchAction\",\"target\":{\"@type\":\"EntryPoint\",\"urlTemplate\":\"https:\/\/www.drmsrl.it\/?s={search_term_string}\"},\"query-input\":\"required name=search_term_string\"}],\"inLanguage\":\"es\"},{\"@type\":\"Organization\",\"@id\":\"https:\/\/www.drmsrl.it\/#organization\",\"name\":\"DRM SRL\",\"url\":\"https:\/\/www.drmsrl.it\/\",\"sameAs\":[],\"logo\":{\"@type\":\"ImageObject\",\"inLanguage\":\"es\",\"@id\":\"https:\/\/www.drmsrl.it\/#\/schema\/logo\/image\/\",\"url\":\"https:\/\/www.drmsrl.it\/wp-content\/uploads\/2021\/11\/logo-drm.svg\",\"contentUrl\":\"https:\/\/www.drmsrl.it\/wp-content\/uploads\/2021\/11\/logo-drm.svg\",\"width\":72,\"height\":52,\"caption\":\"DRM SRL\"},\"image\":{\"@id\":\"https:\/\/www.drmsrl.it\/#\/schema\/logo\/image\/\"}}]}<\/script>\n<!-- \/ Yoast SEO plugin. -->","yoast_head_json":{"title":"Condiciones de uso - DRM SRL","description":"Con el uso de este sitio, usted dar\u00e1 su consentimiento a estas condiciones. En caso de no aceptaci\u00f3n, no acceda al sitio.","robots":{"index":"index","follow":"follow","max-snippet":"max-snippet:-1","max-image-preview":"max-image-preview:large","max-video-preview":"max-video-preview:-1"},"canonical":"https:\/\/www.drmsrl.it\/condizioni-duso\/","og_locale":"es_ES","og_type":"article","og_title":"Condiciones de uso - DRM SRL","og_description":"Con el uso de este sitio, usted dar\u00e1 su consentimiento a estas condiciones. En caso de no aceptaci\u00f3n, no acceda al sitio.","og_url":"https:\/\/www.drmsrl.it\/condizioni-duso\/","og_site_name":"DRM SRL","article_modified_time":"2022-02-11T08:21:50+00:00","twitter_card":"summary_large_image","twitter_misc":{"Tiempo de lectura":"5 minutos"},"schema":{"@context":"https:\/\/schema.org","@graph":[{"@type":"WebPage","@id":"https:\/\/www.drmsrl.it\/condizioni-duso\/","url":"https:\/\/www.drmsrl.it\/condizioni-duso\/","name":"Condiciones de uso - DRM SRL","isPartOf":{"@id":"https:\/\/www.drmsrl.it\/#website"},"datePublished":"2021-12-03T11:43:08+00:00","dateModified":"2022-02-11T08:21:50+00:00","description":"Con el uso de este sitio, usted dar\u00e1 su consentimiento a estas condiciones. En caso de no aceptaci\u00f3n, no acceda al sitio.","breadcrumb":{"@id":"https:\/\/www.drmsrl.it\/condizioni-duso\/#breadcrumb"},"inLanguage":"es","potentialAction":[{"@type":"ReadAction","target":["https:\/\/www.drmsrl.it\/condizioni-duso\/"]}]},{"@type":"BreadcrumbList","@id":"https:\/\/www.drmsrl.it\/condizioni-duso\/#breadcrumb","itemListElement":[{"@type":"ListItem","position":1,"name":"Home","item":"https:\/\/www.drmsrl.it\/"},{"@type":"ListItem","position":2,"name":"Condiciones de uso"}]},{"@type":"WebSite","@id":"https:\/\/www.drmsrl.it\/#website","url":"https:\/\/www.drmsrl.it\/","name":"DRM SRL","description":"Dalle persone per le persone","publisher":{"@id":"https:\/\/www.drmsrl.it\/#organization"},"potentialAction":[{"@type":"SearchAction","target":{"@type":"EntryPoint","urlTemplate":"https:\/\/www.drmsrl.it\/?s={search_term_string}"},"query-input":"required name=search_term_string"}],"inLanguage":"es"},{"@type":"Organization","@id":"https:\/\/www.drmsrl.it\/#organization","name":"DRM SRL","url":"https:\/\/www.drmsrl.it\/","sameAs":[],"logo":{"@type":"ImageObject","inLanguage":"es","@id":"https:\/\/www.drmsrl.it\/#\/schema\/logo\/image\/","url":"https:\/\/www.drmsrl.it\/wp-content\/uploads\/2021\/11\/logo-drm.svg","contentUrl":"https:\/\/www.drmsrl.it\/wp-content\/uploads\/2021\/11\/logo-drm.svg","width":72,"height":52,"caption":"DRM SRL"},"image":{"@id":"https:\/\/www.drmsrl.it\/#\/schema\/logo\/image\/"}}]}},"_links":{"self":[{"href":"https:\/\/www.drmsrl.it\/es\/wp-json\/wp\/v2\/pages\/1094","targetHints":{"allow":["GET"]}}],"collection":[{"href":"https:\/\/www.drmsrl.it\/es\/wp-json\/wp\/v2\/pages"}],"about":[{"href":"https:\/\/www.drmsrl.it\/es\/wp-json\/wp\/v2\/types\/page"}],"author":[{"embeddable":true,"href":"https:\/\/www.drmsrl.it\/es\/wp-json\/wp\/v2\/users\/1"}],"replies":[{"embeddable":true,"href":"https:\/\/www.drmsrl.it\/es\/wp-json\/wp\/v2\/comments?post=1094"}],"version-history":[{"count":2,"href":"https:\/\/www.drmsrl.it\/es\/wp-json\/wp\/v2\/pages\/1094\/revisions"}],"predecessor-version":[{"id":1969,"href":"https:\/\/www.drmsrl.it\/es\/wp-json\/wp\/v2\/pages\/1094\/revisions\/1969"}],"wp:attachment":[{"href":"https:\/\/www.drmsrl.it\/es\/wp-json\/wp\/v2\/media?parent=1094"}],"curies":[{"name":"wp","href":"https:\/\/api.w.org\/{rel}","templated":true}]}}