{"id":1126,"date":"2021-12-03T13:00:39","date_gmt":"2021-12-03T12:00:39","guid":{"rendered":"http:\/\/drmsrl.it\/datenschutzerklaerung\/"},"modified":"2023-10-10T16:47:40","modified_gmt":"2023-10-10T14:47:40","slug":"datenschutzerklaerung","status":"publish","type":"page","link":"https:\/\/www.drmsrl.it\/de\/datenschutzerklaerung\/","title":{"rendered":"Datenschutzerkl\u00e4rung"},"content":{"rendered":"\t\t<div data-elementor-type=\"wp-page\" data-elementor-id=\"1126\" class=\"elementor elementor-1126 elementor-3\">\n\t\t\t\t\t\t\t\t\t<section class=\"elementor-section elementor-top-section elementor-element elementor-element-be4f632 elementor-section-boxed elementor-section-height-default elementor-section-height-default\" data-id=\"be4f632\" data-element_type=\"section\">\n\t\t\t\t\t\t<div class=\"elementor-container elementor-column-gap-default\">\n\t\t\t\t\t<div class=\"elementor-column elementor-col-100 elementor-top-column elementor-element elementor-element-3bb37bd\" data-id=\"3bb37bd\" data-element_type=\"column\">\n\t\t\t<div class=\"elementor-widget-wrap elementor-element-populated\">\n\t\t\t\t\t\t\t\t<div class=\"elementor-element elementor-element-2a65c7b elementor-widget elementor-widget-heading\" data-id=\"2a65c7b\" data-element_type=\"widget\" data-widget_type=\"heading.default\">\n\t\t\t\t<div class=\"elementor-widget-container\">\n\t\t\t<style>\/*! elementor - v3.11.5 - 14-03-2023 *\/\n.elementor-heading-title{padding:0;margin:0;line-height:1}.elementor-widget-heading .elementor-heading-title[class*=elementor-size-]>a{color:inherit;font-size:inherit;line-height:inherit}.elementor-widget-heading .elementor-heading-title.elementor-size-small{font-size:15px}.elementor-widget-heading .elementor-heading-title.elementor-size-medium{font-size:19px}.elementor-widget-heading .elementor-heading-title.elementor-size-large{font-size:29px}.elementor-widget-heading .elementor-heading-title.elementor-size-xl{font-size:39px}.elementor-widget-heading .elementor-heading-title.elementor-size-xxl{font-size:59px}<\/style><h2 class=\"elementor-heading-title elementor-size-default\">Datenschutzerkl\u00e4rung<\/h2>\t\t<\/div>\n\t\t\t\t<\/div>\n\t\t\t\t<div class=\"elementor-element elementor-element-cbba689 elementor-widget elementor-widget-text-editor\" data-id=\"cbba689\" data-element_type=\"widget\" data-widget_type=\"text-editor.default\">\n\t\t\t\t<div class=\"elementor-widget-container\">\n\t\t\t<style>\/*! elementor - v3.11.5 - 14-03-2023 *\/\n.elementor-widget-text-editor.elementor-drop-cap-view-stacked .elementor-drop-cap{background-color:#818a91;color:#fff}.elementor-widget-text-editor.elementor-drop-cap-view-framed .elementor-drop-cap{color:#818a91;border:3px solid;background-color:transparent}.elementor-widget-text-editor:not(.elementor-drop-cap-view-default) .elementor-drop-cap{margin-top:8px}.elementor-widget-text-editor:not(.elementor-drop-cap-view-default) .elementor-drop-cap-letter{width:1em;height:1em}.elementor-widget-text-editor .elementor-drop-cap{float:left;text-align:center;line-height:1;font-size:50px}.elementor-widget-text-editor .elementor-drop-cap-letter{display:inline-block}<\/style>\t\t\t\t<div class=\"column mcb-column mcb-item-07b74b0bb two-third column_column\">\r\n<div class=\"column_attr clearfix align_justify\">\r\n<p lang=\"en-GB\"><span style=\"font-family: Arial, sans-serif;\"><span style=\"font-size: medium;\"><span lang=\"de-DE\">In dieser Seite werden die Modalit\u00e4ten f\u00fcr die Verwaltung der Webseite in Bezug auf die Verarbeitung von personenbezogenen Daten der Benutzer beschrieben. Es handelt sich um ein eine Angabe gem\u00e4\u00df art. 13 Europ\u00e4ische Verordnung 2016\/679 an die Personen, die mit elektronisch zug\u00e4nglichen Webdiesten interagieren: <\/span><\/span><\/span><a href=\"http:\/\/www.drmsrl.it\/\" target=\"_top\"><span style=\"color: #0000ff;\"><span style=\"font-family: Arial, sans-serif;\"><span style=\"font-size: medium;\"><span lang=\"de-DE\">www.drmsrl.it<\/span><\/span><\/span><\/span><\/a><span style=\"font-family: Arial, sans-serif;\"><span style=\"font-size: medium;\"><span lang=\"de-DE\">.\r\nDie Angabe ist wertvoll nur f\u00fcr die betreffende Webseite und nicht f\u00fcr andere Webseiten, die vielleicht befragt von dem Benutzer durch Link.<\/span><\/span><\/span><\/p>\r\n<p lang=\"en-GB\"><span style=\"font-family: Arial, sans-serif;\"><span style=\"font-size: medium;\"><span lang=\"de-DE\"><b>Der Besitzer der Verarbeitung <\/b><\/span><\/span><\/span><\/p>\r\n<p lang=\"en-GB\"><span style=\"font-family: Arial, sans-serif;\"><span style=\"font-size: medium;\"><span lang=\"de-DE\">Nach Konsultation dieser Webseite k\u00f6nnen Daten \u00fcber bestimmte oder bestimmbare Personen verarbeitet werden.\r\nDer Besitzer der Verarbeitung ist <\/span><\/span><\/span><span style=\"font-family: Arial, sans-serif;\"><span style=\"font-size: medium;\"><span lang=\"de-DE\"><b>D.R.M. S.r.l.<\/b><\/span><\/span><\/span><span style=\"font-family: Arial, sans-serif;\"><span style=\"font-size: medium;\"><span lang=\"de-DE\">\u00a0mit Sitz in\u00a0<\/span><\/span><\/span><span style=\"font-family: Arial, sans-serif;\"><span style=\"font-size: medium;\"><span lang=\"de-DE\"><b>Via Piva, 2 \u2013 46025 Poggio Rusco (MN)<\/b><\/span><\/span><\/span><span style=\"font-family: Arial, sans-serif;\"><span style=\"font-size: medium;\"><span lang=\"de-DE\">.<\/span><\/span><\/span><\/p>\r\n<p lang=\"en-GB\"><span style=\"font-family: Arial, sans-serif;\"><span style=\"font-size: medium;\"><span lang=\"de-DE\"><b>Ort der Verarbeitung der Daten.<\/b><\/span><\/span><\/span><\/p>\r\n<p lang=\"de-DE\"><span style=\"font-family: Arial, sans-serif;\"><span style=\"font-size: medium;\">Der folgende Standort wird in der Europ\u00e4ischen Union physisch in Italien stationiert.\r\nDie personenbezogenen Daten der Nutzer werden von befugtem Personal von DRM Srl und externen IT-Unternehmen f\u00fcr Wartungs- und Betreuungst\u00e4tigkeiten als f\u00fcr die Verarbeitung Verantwortliche verarbeitet.\r\nDer Inhaber kann die Daten auf der Website Instituten oder Beh\u00f6rden mitteilen, wenn dies gesetzlich vorgeschrieben ist oder zum Schutz seiner Rechte erforderlich ist.\r\nKeine Daten aus der Interaktion mit der Website werden ver\u00f6ffentlicht.<\/span><\/span><\/p>\r\n<p lang=\"en-GB\"><span style=\"font-family: Arial, sans-serif;\"><span style=\"font-size: medium;\"><span lang=\"de-DE\"><b>Arten der verarbeiteten Daten <\/b><\/span><\/span><\/span><span style=\"font-family: Arial, sans-serif;\"><span style=\"font-size: medium;\"><span lang=\"de-DE\">\r\nDie IT-Systeme und die Softwareverfahren, die f\u00fcr den Betrieb dieser Website vorgesehen sind, erfassen im Laufe ihres normalen Betriebs bestimmte personenbezogene Daten, deren \u00dcbermittlung mit der Nutzung von Internet-Kommunikationsprotokollen verbunden ist.\r\nDabei handelt es sich um Informationen, die nicht erhoben werden, um mit identifizierten betroffenen Personen in Verbindung gebracht zu werden, die aber aufgrund ihrer Beschaffenheit durch Datenverarbeitungs- und Datenerfassungen im Besitz Dritter die Identifizierung der Nutzer erm\u00f6glichen k\u00f6nnten.\u00a0Diese Datenkategorie umfasst IP-Adressen oder Domain-Namen von Benutzern, die an die Website angeschlossen sind, URI-Adressen (Uniform Resource Identifier) der ben\u00f6tigten Ressourcen, Antragszeiten, die Methode, nach der die Anfrage an den Server weitergeleitet wurde, die Dateigr\u00f6\u00dfe der Antwort, der numerische Code, der den Status der Antwort des Servers angibt (Good End, Fehler usw.) und andere Parameter f\u00fcr das Betriebssystem und die Computerumgebung des Benutzers.\r\nDiese Daten werden ausschlie\u00dflich zur Gewinnung statistischer Informationen \u00fcber die Nutzung der St\u00e4tte und zur \u00dcberwachung ihres ordnungsgem\u00e4\u00dfen Funktionierens verwendet und unmittelbar nach der Verarbeitung gel\u00f6scht.\u00a0Die Daten k\u00f6nnten f\u00fcr die Feststellung der Haftung bei mutma\u00dflichen Cyber-Straftaten gegen die Website verwendet werden.<\/span><\/span><\/span><\/p>\r\n<p lang=\"en-GB\"><span style=\"font-family: Arial, sans-serif;\"><span style=\"font-size: medium;\"><span lang=\"de-DE\"><b>Freiwillig vom Nutzer Bereich gestellte Daten <\/b><\/span><\/span><\/span><span style=\"font-family: Arial, sans-serif;\"><span style=\"font-size: medium;\"><span lang=\"de-DE\">\r\nDer User kann auf der <\/span><\/span><\/span><span style=\"font-family: Arial, sans-serif;\"><span style=\"font-size: medium;\"><span lang=\"de-DE\"><b>Kontaktieren Sie uns<\/b><\/span><\/span><\/span><span style=\"font-family: Arial, sans-serif;\"><span style=\"font-size: medium;\"><span lang=\"de-DE\"> mit dem Unternehmen kommunizieren und um Informationen und Klarstellungen zu den D.R.M. Produkten\/Dienstleistungen bitten.\r\nDie Nutzer werden darauf hingewiesen, dass auf der Website keine speziellen Datenkategorien als Daten behandelt werden, die geeignet sind, die rassische und ethnische Herkunft, politische Ansichten, religi\u00f6se oder philosophische \u00dcberzeugungen, gewerkschaftliche Zugeh\u00f6rigkeit offenzulegen; Daten \u00fcber sexuelle Gesundheit und Leben sowie genetische und biometrische Daten. Die Nutzer werden daher aufgefordert, in ihren Mitteilungen keine weiteren sensiblen Daten als Dritte zu \u00fcbermitteln (in diesem Fall Phantasienamen).\u00a0<\/span><\/span><\/span><\/p>\r\n<p lang=\"de-DE\"><span style=\"font-family: Arial, sans-serif;\"><span style=\"font-size: medium;\"><b>Zweck der Verarbeitung und Rechtsgrundlage<\/b><\/span><\/span><\/p>\r\n<p lang=\"en-GB\"><span style=\"font-family: Arial, sans-serif;\"><span style=\"font-size: medium;\"><span lang=\"de-DE\">Die Datenverarbeitung basiert auf:\r\n1. berechtigtes Interesse an der \u00dcberwachung des Betriebs des Standorts aus Gr\u00fcnden der Effizienz und Sicherheit;\r\n2. berechtigtes Interesse an der Analyse anonymer statistischer Daten \u00fcber die Nutzung der Website zur Optimierung der Dienste;\r\n3. berechtigtes Interesse an spontanen Kundenanfragen\r\n4. <\/span><\/span><\/span><span style=\"font-family: Arial, sans-serif;\"><span style=\"font-size: medium;\"><span lang=\"it-IT\">Zufriedenstellung allf\u00e4lliger vorvertraglicher Verhandlungen durch den Beteiligten.<\/span><\/span><\/span><\/p>\r\n<p lang=\"de-DE\"><span style=\"font-family: Arial, sans-serif;\"><span style=\"font-size: medium;\"><b>Fakultative Angabe der Daten<\/b><\/span><\/span><\/p>\r\n<p lang=\"de-DE\"><span style=\"font-family: Arial, sans-serif;\"><span style=\"font-size: medium;\">Abgesehen von den Angaben zu den Navigationsdaten steht es dem Nutzer frei, personenbezogene Daten freiwillig zur Verf\u00fcgung zu stellen.\r\nEine teilweise oder fehlerhafte Freigabe der Daten f\u00fchrt dazu, dass das Ersuchen nicht vollst\u00e4ndig oder ordnungsgem\u00e4\u00df umgangen werden kann.<\/span><\/span><\/p>\r\n<p lang=\"en-GB\"><span style=\"font-family: Arial, sans-serif;\"><span style=\"font-size: medium;\"><span lang=\"de-DE\"><b>Cookies<\/b><\/span><\/span><\/span><span style=\"font-family: Arial, sans-serif;\"><span style=\"font-size: medium;\"><span lang=\"de-DE\">\r\nAlle Informationen zu Cookies finden Sie im Cookie Policy, ver\u00f6ffentlicht auf dieser Website.<\/span><\/span><\/span><\/p>\r\n<p lang=\"de-DE\"><span style=\"font-family: Arial, sans-serif;\"><span style=\"font-size: medium;\"><b>\u00dcbermittlung von Daten aus der EU<\/b><\/span><\/span><\/p>\r\n<p lang=\"de-DE\"><span style=\"font-family: Arial, sans-serif;\"><span style=\"font-size: medium;\">Daten werden nicht au\u00dferhalb der Europ\u00e4ischen Union \u00fcbermittelt.<\/span><\/span><\/p>\r\n<p lang=\"de-DE\"><span style=\"font-family: Arial, sans-serif;\"><span style=\"font-size: medium;\"><b>Datenspeicherung<\/b><\/span><\/span><\/p>\r\n<p lang=\"de-DE\"><span style=\"font-family: Arial, sans-serif;\"><span style=\"font-size: medium;\">Der Inhaber hat personenbezogene Daten so lange zu verarbeiten, wie dies zur Erf\u00fcllung der oben genannten Zwecke erforderlich ist, sp\u00e4testens jedoch zehn Jahre nach Beendigung des Vertragsverh\u00e4ltnisses.<\/span><\/span><\/p>\r\n<p lang=\"en-GB\"><span style=\"font-family: Arial, sans-serif;\"><span style=\"font-size: medium;\"><span lang=\"de-DE\"><b>Rechts von den betroffenen Personen<\/b><\/span><\/span><\/span><\/p>\r\n<p lang=\"de-DE\"><span style=\"font-family: Arial, sans-serif;\"><span style=\"font-size: medium;\">Die betroffene Person hat das Recht, vom Dateninhaber Zugang zu den Daten, deren Berichtigung, L\u00f6schung, Einschr\u00e4nkung der Verarbeitung oder Widerspruch gegen die Datenverarbeitung sowie gegen das Recht auf Daten\u00fcbertragung unter den in den Arts festgelegten Bedingungen zu verlangen. 15,16,17,18,20,21 der EU-Verordnung 2016\/679.\r\nDar\u00fcber hinaus hat die betroffene Person das Recht, ihre Einwilligung jederzeit zu widerrufen, ohne die Rechtm\u00e4\u00dfigkeit der Verarbeitung aufgrund der Einwilligung vor dem Widerruf zu beeintr\u00e4chtigen.\r\nSchlie\u00dflich hat die betroffene Person das Recht, eine Beschwerde bei einer Aufsichtsbeh\u00f6rde einzureichen, wenn sie der Auffassung ist, dass die Verarbeitung, die sie betrifft, gegen die europ\u00e4ische Verordnung verst\u00f6\u00dft.\r\nAnfragen sind an den Verantwortlichen unter info@drmsrl.it zu richten<\/span><\/span><\/p>\r\n<p lang=\"en-GB\"><span style=\"font-family: Arial, sans-serif;\"><span style=\"font-size: medium;\"><span lang=\"de-DE\"><b>D.R.M. S.r.l.<\/b><\/span><\/span><\/span><span style=\"font-family: Arial, sans-serif;\"><span style=\"font-size: medium;\"><span lang=\"de-DE\">\u00a0beh\u00e4lt sich das Recht vor, die Privacy Policy zu aktualisieren, um sie an das anzuwendende Recht anzupassen, und ber\u00fccksichtigt dabei die Anregungen von Arbeitnehmern, Kunden, Mitarbeitern und Nutzern<\/span><\/span><\/span><span style=\"color: #3d3d3d;\"><span style=\"font-family: Roboto;\"><span style=\"font-size: x-large;\"><span lang=\"de-DE\">.<\/span><\/span><\/span><\/span><\/p>\r\n\r\n<\/div>\r\n<\/div>\t\t\t\t\t\t<\/div>\n\t\t\t\t<\/div>\n\t\t\t\t\t<\/div>\n\t\t<\/div>\n\t\t\t\t\t\t\t<\/div>\n\t\t<\/section>\n\t\t\t\t\t\t\t<\/div>\n\t\t","protected":false},"excerpt":{"rendered":"<p>Datenschutzerkl\u00e4rung In dieser Seite werden die Modalit\u00e4ten f\u00fcr die Verwaltung der Webseite in Bezug auf die Verarbeitung von personenbezogenen Daten der Benutzer beschrieben. Es handelt sich um ein eine Angabe gem\u00e4\u00df art. 13 Europ\u00e4ische Verordnung 2016\/679 an die Personen, die mit elektronisch zug\u00e4nglichen Webdiesten interagieren: www.drmsrl.it. Die Angabe ist wertvoll nur f\u00fcr die betreffende Webseite &hellip;<\/p>\n<p class=\"read-more\"> <a class=\"\" href=\"https:\/\/www.drmsrl.it\/de\/datenschutzerklaerung\/\"> <span class=\"screen-reader-text\">Datenschutzerkl\u00e4rung<\/span> Weiterlesen &raquo;<\/a><\/p>\n","protected":false},"author":1,"featured_media":0,"parent":0,"menu_order":0,"comment_status":"closed","ping_status":"open","template":"elementor_header_footer","meta":{"site-sidebar-layout":"no-sidebar","site-content-layout":"page-builder","ast-global-header-display":"","ast-main-header-display":"","ast-hfb-above-header-display":"","ast-hfb-below-header-display":"","ast-hfb-mobile-header-display":"","site-post-title":"disabled","ast-breadcrumbs-content":"","ast-featured-img":"disabled","footer-sml-layout":"","theme-transparent-header-meta":"","adv-header-id-meta":"","stick-header-meta":"","header-above-stick-meta":"","header-main-stick-meta":"","header-below-stick-meta":"","footnotes":""},"class_list":["post-1126","page","type-page","status-publish","hentry"],"acf":[],"yoast_head":"<!-- This site is optimized with the Yoast SEO plugin v19.6.1 - https:\/\/yoast.com\/wordpress\/plugins\/seo\/ -->\n<title>Datenschutzerkl\u00e4rung - DRM SRL<\/title>\n<meta name=\"robots\" content=\"index, follow, max-snippet:-1, max-image-preview:large, max-video-preview:-1\" \/>\n<link rel=\"canonical\" href=\"https:\/\/www.drmsrl.it\/privacy-policy\/\" \/>\n<meta property=\"og:locale\" content=\"de_DE\" \/>\n<meta property=\"og:type\" content=\"article\" \/>\n<meta property=\"og:title\" content=\"Datenschutzerkl\u00e4rung - DRM SRL\" \/>\n<meta property=\"og:description\" content=\"Datenschutzerkl\u00e4rung In dieser Seite werden die Modalit\u00e4ten f\u00fcr die Verwaltung der Webseite in Bezug auf die Verarbeitung von personenbezogenen Daten der Benutzer beschrieben. Es handelt sich um ein eine Angabe gem\u00e4\u00df art. 13 Europ\u00e4ische Verordnung 2016\/679 an die Personen, die mit elektronisch zug\u00e4nglichen Webdiesten interagieren: www.drmsrl.it. Die Angabe ist wertvoll nur f\u00fcr die betreffende Webseite &hellip; Datenschutzerkl\u00e4rung Weiterlesen &raquo;\" \/>\n<meta property=\"og:url\" content=\"https:\/\/www.drmsrl.it\/privacy-policy\/\" \/>\n<meta property=\"og:site_name\" content=\"DRM SRL\" \/>\n<meta property=\"article:modified_time\" content=\"2023-10-10T14:47:40+00:00\" \/>\n<meta name=\"twitter:card\" content=\"summary_large_image\" \/>\n<meta name=\"twitter:label1\" content=\"Gesch\u00e4tzte Lesezeit\" \/>\n\t<meta name=\"twitter:data1\" content=\"4\u00a0Minuten\" \/>\n<script type=\"application\/ld+json\" class=\"yoast-schema-graph\">{\"@context\":\"https:\/\/schema.org\",\"@graph\":[{\"@type\":\"WebPage\",\"@id\":\"https:\/\/www.drmsrl.it\/privacy-policy\/\",\"url\":\"https:\/\/www.drmsrl.it\/privacy-policy\/\",\"name\":\"Datenschutzerkl\u00e4rung - DRM SRL\",\"isPartOf\":{\"@id\":\"https:\/\/www.drmsrl.it\/#website\"},\"datePublished\":\"2021-12-03T12:00:39+00:00\",\"dateModified\":\"2023-10-10T14:47:40+00:00\",\"breadcrumb\":{\"@id\":\"https:\/\/www.drmsrl.it\/privacy-policy\/#breadcrumb\"},\"inLanguage\":\"de\",\"potentialAction\":[{\"@type\":\"ReadAction\",\"target\":[\"https:\/\/www.drmsrl.it\/privacy-policy\/\"]}]},{\"@type\":\"BreadcrumbList\",\"@id\":\"https:\/\/www.drmsrl.it\/privacy-policy\/#breadcrumb\",\"itemListElement\":[{\"@type\":\"ListItem\",\"position\":1,\"name\":\"Home\",\"item\":\"https:\/\/www.drmsrl.it\/\"},{\"@type\":\"ListItem\",\"position\":2,\"name\":\"Datenschutzerkl\u00e4rung\"}]},{\"@type\":\"WebSite\",\"@id\":\"https:\/\/www.drmsrl.it\/#website\",\"url\":\"https:\/\/www.drmsrl.it\/\",\"name\":\"DRM SRL\",\"description\":\"Dalle persone per le persone\",\"publisher\":{\"@id\":\"https:\/\/www.drmsrl.it\/#organization\"},\"potentialAction\":[{\"@type\":\"SearchAction\",\"target\":{\"@type\":\"EntryPoint\",\"urlTemplate\":\"https:\/\/www.drmsrl.it\/?s={search_term_string}\"},\"query-input\":\"required name=search_term_string\"}],\"inLanguage\":\"de\"},{\"@type\":\"Organization\",\"@id\":\"https:\/\/www.drmsrl.it\/#organization\",\"name\":\"DRM SRL\",\"url\":\"https:\/\/www.drmsrl.it\/\",\"sameAs\":[],\"logo\":{\"@type\":\"ImageObject\",\"inLanguage\":\"de\",\"@id\":\"https:\/\/www.drmsrl.it\/#\/schema\/logo\/image\/\",\"url\":\"https:\/\/www.drmsrl.it\/wp-content\/uploads\/2021\/11\/logo-drm.svg\",\"contentUrl\":\"https:\/\/www.drmsrl.it\/wp-content\/uploads\/2021\/11\/logo-drm.svg\",\"width\":72,\"height\":52,\"caption\":\"DRM SRL\"},\"image\":{\"@id\":\"https:\/\/www.drmsrl.it\/#\/schema\/logo\/image\/\"}}]}<\/script>\n<!-- \/ Yoast SEO plugin. -->","yoast_head_json":{"title":"Datenschutzerkl\u00e4rung - DRM SRL","robots":{"index":"index","follow":"follow","max-snippet":"max-snippet:-1","max-image-preview":"max-image-preview:large","max-video-preview":"max-video-preview:-1"},"canonical":"https:\/\/www.drmsrl.it\/privacy-policy\/","og_locale":"de_DE","og_type":"article","og_title":"Datenschutzerkl\u00e4rung - DRM SRL","og_description":"Datenschutzerkl\u00e4rung In dieser Seite werden die Modalit\u00e4ten f\u00fcr die Verwaltung der Webseite in Bezug auf die Verarbeitung von personenbezogenen Daten der Benutzer beschrieben. Es handelt sich um ein eine Angabe gem\u00e4\u00df art. 13 Europ\u00e4ische Verordnung 2016\/679 an die Personen, die mit elektronisch zug\u00e4nglichen Webdiesten interagieren: www.drmsrl.it. Die Angabe ist wertvoll nur f\u00fcr die betreffende Webseite &hellip; Datenschutzerkl\u00e4rung Weiterlesen &raquo;","og_url":"https:\/\/www.drmsrl.it\/privacy-policy\/","og_site_name":"DRM SRL","article_modified_time":"2023-10-10T14:47:40+00:00","twitter_card":"summary_large_image","twitter_misc":{"Gesch\u00e4tzte Lesezeit":"4\u00a0Minuten"},"schema":{"@context":"https:\/\/schema.org","@graph":[{"@type":"WebPage","@id":"https:\/\/www.drmsrl.it\/privacy-policy\/","url":"https:\/\/www.drmsrl.it\/privacy-policy\/","name":"Datenschutzerkl\u00e4rung - DRM SRL","isPartOf":{"@id":"https:\/\/www.drmsrl.it\/#website"},"datePublished":"2021-12-03T12:00:39+00:00","dateModified":"2023-10-10T14:47:40+00:00","breadcrumb":{"@id":"https:\/\/www.drmsrl.it\/privacy-policy\/#breadcrumb"},"inLanguage":"de","potentialAction":[{"@type":"ReadAction","target":["https:\/\/www.drmsrl.it\/privacy-policy\/"]}]},{"@type":"BreadcrumbList","@id":"https:\/\/www.drmsrl.it\/privacy-policy\/#breadcrumb","itemListElement":[{"@type":"ListItem","position":1,"name":"Home","item":"https:\/\/www.drmsrl.it\/"},{"@type":"ListItem","position":2,"name":"Datenschutzerkl\u00e4rung"}]},{"@type":"WebSite","@id":"https:\/\/www.drmsrl.it\/#website","url":"https:\/\/www.drmsrl.it\/","name":"DRM SRL","description":"Dalle persone per le persone","publisher":{"@id":"https:\/\/www.drmsrl.it\/#organization"},"potentialAction":[{"@type":"SearchAction","target":{"@type":"EntryPoint","urlTemplate":"https:\/\/www.drmsrl.it\/?s={search_term_string}"},"query-input":"required name=search_term_string"}],"inLanguage":"de"},{"@type":"Organization","@id":"https:\/\/www.drmsrl.it\/#organization","name":"DRM SRL","url":"https:\/\/www.drmsrl.it\/","sameAs":[],"logo":{"@type":"ImageObject","inLanguage":"de","@id":"https:\/\/www.drmsrl.it\/#\/schema\/logo\/image\/","url":"https:\/\/www.drmsrl.it\/wp-content\/uploads\/2021\/11\/logo-drm.svg","contentUrl":"https:\/\/www.drmsrl.it\/wp-content\/uploads\/2021\/11\/logo-drm.svg","width":72,"height":52,"caption":"DRM SRL"},"image":{"@id":"https:\/\/www.drmsrl.it\/#\/schema\/logo\/image\/"}}]}},"_links":{"self":[{"href":"https:\/\/www.drmsrl.it\/de\/wp-json\/wp\/v2\/pages\/1126","targetHints":{"allow":["GET"]}}],"collection":[{"href":"https:\/\/www.drmsrl.it\/de\/wp-json\/wp\/v2\/pages"}],"about":[{"href":"https:\/\/www.drmsrl.it\/de\/wp-json\/wp\/v2\/types\/page"}],"author":[{"embeddable":true,"href":"https:\/\/www.drmsrl.it\/de\/wp-json\/wp\/v2\/users\/1"}],"replies":[{"embeddable":true,"href":"https:\/\/www.drmsrl.it\/de\/wp-json\/wp\/v2\/comments?post=1126"}],"version-history":[{"count":3,"href":"https:\/\/www.drmsrl.it\/de\/wp-json\/wp\/v2\/pages\/1126\/revisions"}],"predecessor-version":[{"id":2589,"href":"https:\/\/www.drmsrl.it\/de\/wp-json\/wp\/v2\/pages\/1126\/revisions\/2589"}],"wp:attachment":[{"href":"https:\/\/www.drmsrl.it\/de\/wp-json\/wp\/v2\/media?parent=1126"}],"curies":[{"name":"wp","href":"https:\/\/api.w.org\/{rel}","templated":true}]}}