{"id":1118,"date":"2021-12-03T12:48:48","date_gmt":"2021-12-03T11:48:48","guid":{"rendered":"http:\/\/drmsrl.it\/rechtlicher-hinweis\/"},"modified":"2021-12-03T12:48:48","modified_gmt":"2021-12-03T11:48:48","slug":"rechtlicher-hinweis","status":"publish","type":"page","link":"https:\/\/www.drmsrl.it\/de\/rechtlicher-hinweis\/","title":{"rendered":"Rechtlicher Hinweis"},"content":{"rendered":"\t\t<div data-elementor-type=\"wp-page\" data-elementor-id=\"1118\" class=\"elementor elementor-1118 elementor-445\">\n\t\t\t\t\t\t\t\t\t<section class=\"elementor-section elementor-top-section elementor-element elementor-element-f3cbcb6 elementor-section-boxed elementor-section-height-default elementor-section-height-default\" data-id=\"f3cbcb6\" data-element_type=\"section\">\n\t\t\t\t\t\t<div class=\"elementor-container elementor-column-gap-default\">\n\t\t\t\t\t<div class=\"elementor-column elementor-col-100 elementor-top-column elementor-element elementor-element-5a59049\" data-id=\"5a59049\" data-element_type=\"column\">\n\t\t\t<div class=\"elementor-widget-wrap elementor-element-populated\">\n\t\t\t\t\t\t\t\t<div class=\"elementor-element elementor-element-b8f7a02 elementor-widget elementor-widget-heading\" data-id=\"b8f7a02\" data-element_type=\"widget\" data-widget_type=\"heading.default\">\n\t\t\t\t<div class=\"elementor-widget-container\">\n\t\t\t<style>\/*! elementor - v3.11.5 - 14-03-2023 *\/\n.elementor-heading-title{padding:0;margin:0;line-height:1}.elementor-widget-heading .elementor-heading-title[class*=elementor-size-]>a{color:inherit;font-size:inherit;line-height:inherit}.elementor-widget-heading .elementor-heading-title.elementor-size-small{font-size:15px}.elementor-widget-heading .elementor-heading-title.elementor-size-medium{font-size:19px}.elementor-widget-heading .elementor-heading-title.elementor-size-large{font-size:29px}.elementor-widget-heading .elementor-heading-title.elementor-size-xl{font-size:39px}.elementor-widget-heading .elementor-heading-title.elementor-size-xxl{font-size:59px}<\/style><h2 class=\"elementor-heading-title elementor-size-default\">Rechtlicher Hinweis<\/h2>\t\t<\/div>\n\t\t\t\t<\/div>\n\t\t\t\t<div class=\"elementor-element elementor-element-eb26a81 elementor-widget elementor-widget-text-editor\" data-id=\"eb26a81\" data-element_type=\"widget\" data-widget_type=\"text-editor.default\">\n\t\t\t\t<div class=\"elementor-widget-container\">\n\t\t\t<style>\/*! elementor - v3.11.5 - 14-03-2023 *\/\n.elementor-widget-text-editor.elementor-drop-cap-view-stacked .elementor-drop-cap{background-color:#818a91;color:#fff}.elementor-widget-text-editor.elementor-drop-cap-view-framed .elementor-drop-cap{color:#818a91;border:3px solid;background-color:transparent}.elementor-widget-text-editor:not(.elementor-drop-cap-view-default) .elementor-drop-cap{margin-top:8px}.elementor-widget-text-editor:not(.elementor-drop-cap-view-default) .elementor-drop-cap-letter{width:1em;height:1em}.elementor-widget-text-editor .elementor-drop-cap{float:left;text-align:center;line-height:1;font-size:50px}.elementor-widget-text-editor .elementor-drop-cap-letter{display:inline-block}<\/style>\t\t\t\t<div class=\"column mcb-column mcb-item-e6eb3cc53 one column_divider\">\n<hr class=\"no_line\" \/>\n<\/div>\n<div class=\"column mcb-column mcb-item-32084c6e7 one-sixth column_column\">\n<div class=\"column_attr clearfix\"><\/div>\n<\/div>\n<div class=\"column mcb-column mcb-item-0c373ef85 two-third column_column\">\n<div class=\"column_attr clearfix align_justify\">\n<p class=\"big\">D.R.M. S.r.l.\u00a0<strong>(DRM)<\/strong>\u00a0bem\u00fcht sich nach besten Kr\u00e4ften, die Richtigkeit und Vollst\u00e4ndigkeit der \u00fcber diese Website bereitgestellten Informationen zu gew\u00e4hrleisten, \u00fcbernimmt jedoch keine Haftung f\u00fcr etwaige Ungenauigkeiten und Auslassungen.<\/p>\n<p class=\"big\">Folglich \u00fcbernimmt das Unternehmen keine Haftung f\u00fcr Sch\u00e4den jeglicher Art, die sich aus dem Zugriff auf die vorstehend genannte Website und der Nutzung der von ihr bereitgestellten Informationen ergeben k\u00f6nnten.<\/p>\n<p class=\"big\">Dar\u00fcber hinaus kann\u00a0<strong>DRM<\/strong>\u00a0die M\u00f6glichkeit eines ununterbrochenen und st\u00e4ndigen Zugriffs auf die Website oder st\u00e4ndige Links zu anderen (verlinkten) Websites, deren Wahrheitsgehalt und Aktualit\u00e4t sie selbstverst\u00e4ndlich nicht garantiert, nicht gew\u00e4hrleisten. Ebenso wenig garantiert sie eine fehlerfreie \u00dcbertragung von Informationen \u00fcber das Internet und\/oder andere Netze, einschlie\u00dflich der elektronischen Post. Auch kann sie die genaue Verarbeitung und Darstellung der Informationen durch die vom Eigent\u00fcmer der Website verwendete Soft- und Hardware gew\u00e4hrleisten.<\/p>\n<p class=\"big\">Schlie\u00dflich kann\u00a0<strong>DRM<\/strong>\u00a0nicht garantieren, dass ihre Website frei von Viren oder anderen Elementen ist, die f\u00fcr die Benutzer sch\u00e4dlich sind, obwohl DRM in diesem Bereich aktiv t\u00e4tig ist.<\/p>\n<\/div>\n<\/div>\n\t\t\t\t\t\t<\/div>\n\t\t\t\t<\/div>\n\t\t\t\t\t<\/div>\n\t\t<\/div>\n\t\t\t\t\t\t\t<\/div>\n\t\t<\/section>\n\t\t\t\t\t\t\t<\/div>\n\t\t","protected":false},"excerpt":{"rendered":"<p>Rechtlicher Hinweis D.R.M. S.r.l.\u00a0(DRM)\u00a0bem\u00fcht sich nach besten Kr\u00e4ften, die Richtigkeit und Vollst\u00e4ndigkeit der \u00fcber diese Website bereitgestellten Informationen zu gew\u00e4hrleisten, \u00fcbernimmt jedoch keine Haftung f\u00fcr etwaige Ungenauigkeiten und Auslassungen. Folglich \u00fcbernimmt das Unternehmen keine Haftung f\u00fcr Sch\u00e4den jeglicher Art, die sich aus dem Zugriff auf die vorstehend genannte Website und der Nutzung der von ihr &hellip;<\/p>\n<p class=\"read-more\"> <a class=\"\" href=\"https:\/\/www.drmsrl.it\/de\/rechtlicher-hinweis\/\"> <span class=\"screen-reader-text\">Rechtlicher Hinweis<\/span> Weiterlesen &raquo;<\/a><\/p>\n","protected":false},"author":1,"featured_media":0,"parent":0,"menu_order":0,"comment_status":"closed","ping_status":"closed","template":"","meta":{"site-sidebar-layout":"no-sidebar","site-content-layout":"page-builder","ast-global-header-display":"","ast-main-header-display":"","ast-hfb-above-header-display":"","ast-hfb-below-header-display":"","ast-hfb-mobile-header-display":"","site-post-title":"disabled","ast-breadcrumbs-content":"","ast-featured-img":"disabled","footer-sml-layout":"","theme-transparent-header-meta":"","adv-header-id-meta":"","stick-header-meta":"","header-above-stick-meta":"","header-main-stick-meta":"","header-below-stick-meta":"","footnotes":""},"class_list":["post-1118","page","type-page","status-publish","hentry"],"acf":[],"yoast_head":"<!-- This site is optimized with the Yoast SEO plugin v19.6.1 - https:\/\/yoast.com\/wordpress\/plugins\/seo\/ -->\n<title>Rechtlicher Hinweis - DRM SRL<\/title>\n<meta name=\"robots\" content=\"index, follow, max-snippet:-1, max-image-preview:large, max-video-preview:-1\" \/>\n<link rel=\"canonical\" href=\"https:\/\/www.drmsrl.it\/de\/rechtlicher-hinweis\/\" \/>\n<meta property=\"og:locale\" content=\"de_DE\" \/>\n<meta property=\"og:type\" content=\"article\" \/>\n<meta property=\"og:title\" content=\"Rechtlicher Hinweis - DRM SRL\" \/>\n<meta property=\"og:description\" content=\"Rechtlicher Hinweis D.R.M. S.r.l.\u00a0(DRM)\u00a0bem\u00fcht sich nach besten Kr\u00e4ften, die Richtigkeit und Vollst\u00e4ndigkeit der \u00fcber diese Website bereitgestellten Informationen zu gew\u00e4hrleisten, \u00fcbernimmt jedoch keine Haftung f\u00fcr etwaige Ungenauigkeiten und Auslassungen. Folglich \u00fcbernimmt das Unternehmen keine Haftung f\u00fcr Sch\u00e4den jeglicher Art, die sich aus dem Zugriff auf die vorstehend genannte Website und der Nutzung der von ihr &hellip; Rechtlicher Hinweis Weiterlesen &raquo;\" \/>\n<meta property=\"og:url\" content=\"https:\/\/www.drmsrl.it\/de\/rechtlicher-hinweis\/\" \/>\n<meta property=\"og:site_name\" content=\"DRM SRL\" \/>\n<meta name=\"twitter:card\" content=\"summary_large_image\" \/>\n<meta name=\"twitter:label1\" content=\"Gesch\u00e4tzte Lesezeit\" \/>\n\t<meta name=\"twitter:data1\" content=\"1\u00a0Minute\" \/>\n<script type=\"application\/ld+json\" class=\"yoast-schema-graph\">{\"@context\":\"https:\/\/schema.org\",\"@graph\":[{\"@type\":\"WebPage\",\"@id\":\"https:\/\/www.drmsrl.it\/de\/rechtlicher-hinweis\/\",\"url\":\"https:\/\/www.drmsrl.it\/de\/rechtlicher-hinweis\/\",\"name\":\"Rechtlicher Hinweis - DRM SRL\",\"isPartOf\":{\"@id\":\"https:\/\/www.drmsrl.it\/#website\"},\"datePublished\":\"2021-12-03T11:48:48+00:00\",\"dateModified\":\"2021-12-03T11:48:48+00:00\",\"breadcrumb\":{\"@id\":\"https:\/\/www.drmsrl.it\/de\/rechtlicher-hinweis\/#breadcrumb\"},\"inLanguage\":\"de\",\"potentialAction\":[{\"@type\":\"ReadAction\",\"target\":[\"https:\/\/www.drmsrl.it\/de\/rechtlicher-hinweis\/\"]}]},{\"@type\":\"BreadcrumbList\",\"@id\":\"https:\/\/www.drmsrl.it\/de\/rechtlicher-hinweis\/#breadcrumb\",\"itemListElement\":[{\"@type\":\"ListItem\",\"position\":1,\"name\":\"Home\",\"item\":\"https:\/\/www.drmsrl.it\/\"},{\"@type\":\"ListItem\",\"position\":2,\"name\":\"Rechtlicher Hinweis\"}]},{\"@type\":\"WebSite\",\"@id\":\"https:\/\/www.drmsrl.it\/#website\",\"url\":\"https:\/\/www.drmsrl.it\/\",\"name\":\"DRM SRL\",\"description\":\"Dalle persone per le persone\",\"publisher\":{\"@id\":\"https:\/\/www.drmsrl.it\/#organization\"},\"potentialAction\":[{\"@type\":\"SearchAction\",\"target\":{\"@type\":\"EntryPoint\",\"urlTemplate\":\"https:\/\/www.drmsrl.it\/?s={search_term_string}\"},\"query-input\":\"required name=search_term_string\"}],\"inLanguage\":\"de\"},{\"@type\":\"Organization\",\"@id\":\"https:\/\/www.drmsrl.it\/#organization\",\"name\":\"DRM SRL\",\"url\":\"https:\/\/www.drmsrl.it\/\",\"sameAs\":[],\"logo\":{\"@type\":\"ImageObject\",\"inLanguage\":\"de\",\"@id\":\"https:\/\/www.drmsrl.it\/#\/schema\/logo\/image\/\",\"url\":\"https:\/\/www.drmsrl.it\/wp-content\/uploads\/2021\/11\/logo-drm.svg\",\"contentUrl\":\"https:\/\/www.drmsrl.it\/wp-content\/uploads\/2021\/11\/logo-drm.svg\",\"width\":72,\"height\":52,\"caption\":\"DRM SRL\"},\"image\":{\"@id\":\"https:\/\/www.drmsrl.it\/#\/schema\/logo\/image\/\"}}]}<\/script>\n<!-- \/ Yoast SEO plugin. -->","yoast_head_json":{"title":"Rechtlicher Hinweis - DRM SRL","robots":{"index":"index","follow":"follow","max-snippet":"max-snippet:-1","max-image-preview":"max-image-preview:large","max-video-preview":"max-video-preview:-1"},"canonical":"https:\/\/www.drmsrl.it\/de\/rechtlicher-hinweis\/","og_locale":"de_DE","og_type":"article","og_title":"Rechtlicher Hinweis - DRM SRL","og_description":"Rechtlicher Hinweis D.R.M. S.r.l.\u00a0(DRM)\u00a0bem\u00fcht sich nach besten Kr\u00e4ften, die Richtigkeit und Vollst\u00e4ndigkeit der \u00fcber diese Website bereitgestellten Informationen zu gew\u00e4hrleisten, \u00fcbernimmt jedoch keine Haftung f\u00fcr etwaige Ungenauigkeiten und Auslassungen. Folglich \u00fcbernimmt das Unternehmen keine Haftung f\u00fcr Sch\u00e4den jeglicher Art, die sich aus dem Zugriff auf die vorstehend genannte Website und der Nutzung der von ihr &hellip; Rechtlicher Hinweis Weiterlesen &raquo;","og_url":"https:\/\/www.drmsrl.it\/de\/rechtlicher-hinweis\/","og_site_name":"DRM SRL","twitter_card":"summary_large_image","twitter_misc":{"Gesch\u00e4tzte Lesezeit":"1\u00a0Minute"},"schema":{"@context":"https:\/\/schema.org","@graph":[{"@type":"WebPage","@id":"https:\/\/www.drmsrl.it\/de\/rechtlicher-hinweis\/","url":"https:\/\/www.drmsrl.it\/de\/rechtlicher-hinweis\/","name":"Rechtlicher Hinweis - DRM SRL","isPartOf":{"@id":"https:\/\/www.drmsrl.it\/#website"},"datePublished":"2021-12-03T11:48:48+00:00","dateModified":"2021-12-03T11:48:48+00:00","breadcrumb":{"@id":"https:\/\/www.drmsrl.it\/de\/rechtlicher-hinweis\/#breadcrumb"},"inLanguage":"de","potentialAction":[{"@type":"ReadAction","target":["https:\/\/www.drmsrl.it\/de\/rechtlicher-hinweis\/"]}]},{"@type":"BreadcrumbList","@id":"https:\/\/www.drmsrl.it\/de\/rechtlicher-hinweis\/#breadcrumb","itemListElement":[{"@type":"ListItem","position":1,"name":"Home","item":"https:\/\/www.drmsrl.it\/"},{"@type":"ListItem","position":2,"name":"Rechtlicher Hinweis"}]},{"@type":"WebSite","@id":"https:\/\/www.drmsrl.it\/#website","url":"https:\/\/www.drmsrl.it\/","name":"DRM SRL","description":"Dalle persone per le persone","publisher":{"@id":"https:\/\/www.drmsrl.it\/#organization"},"potentialAction":[{"@type":"SearchAction","target":{"@type":"EntryPoint","urlTemplate":"https:\/\/www.drmsrl.it\/?s={search_term_string}"},"query-input":"required name=search_term_string"}],"inLanguage":"de"},{"@type":"Organization","@id":"https:\/\/www.drmsrl.it\/#organization","name":"DRM SRL","url":"https:\/\/www.drmsrl.it\/","sameAs":[],"logo":{"@type":"ImageObject","inLanguage":"de","@id":"https:\/\/www.drmsrl.it\/#\/schema\/logo\/image\/","url":"https:\/\/www.drmsrl.it\/wp-content\/uploads\/2021\/11\/logo-drm.svg","contentUrl":"https:\/\/www.drmsrl.it\/wp-content\/uploads\/2021\/11\/logo-drm.svg","width":72,"height":52,"caption":"DRM SRL"},"image":{"@id":"https:\/\/www.drmsrl.it\/#\/schema\/logo\/image\/"}}]}},"_links":{"self":[{"href":"https:\/\/www.drmsrl.it\/de\/wp-json\/wp\/v2\/pages\/1118","targetHints":{"allow":["GET"]}}],"collection":[{"href":"https:\/\/www.drmsrl.it\/de\/wp-json\/wp\/v2\/pages"}],"about":[{"href":"https:\/\/www.drmsrl.it\/de\/wp-json\/wp\/v2\/types\/page"}],"author":[{"embeddable":true,"href":"https:\/\/www.drmsrl.it\/de\/wp-json\/wp\/v2\/users\/1"}],"replies":[{"embeddable":true,"href":"https:\/\/www.drmsrl.it\/de\/wp-json\/wp\/v2\/comments?post=1118"}],"version-history":[{"count":1,"href":"https:\/\/www.drmsrl.it\/de\/wp-json\/wp\/v2\/pages\/1118\/revisions"}],"predecessor-version":[{"id":1119,"href":"https:\/\/www.drmsrl.it\/de\/wp-json\/wp\/v2\/pages\/1118\/revisions\/1119"}],"wp:attachment":[{"href":"https:\/\/www.drmsrl.it\/de\/wp-json\/wp\/v2\/media?parent=1118"}],"curies":[{"name":"wp","href":"https:\/\/api.w.org\/{rel}","templated":true}]}}