{"id":1110,"date":"2021-12-03T12:47:14","date_gmt":"2021-12-03T11:47:14","guid":{"rendered":"http:\/\/drmsrl.it\/informationsblatt-fuer-kunden-und-lieferanten\/"},"modified":"2021-12-03T12:47:14","modified_gmt":"2021-12-03T11:47:14","slug":"informationsblatt-fuer-kunden-und-lieferanten","status":"publish","type":"page","link":"https:\/\/www.drmsrl.it\/de\/informationsblatt-fuer-kunden-und-lieferanten\/","title":{"rendered":"Informationsblatt f\u00fcr Kunden und Lieferanten"},"content":{"rendered":"\t\t<div data-elementor-type=\"wp-page\" data-elementor-id=\"1110\" class=\"elementor elementor-1110 elementor-449\">\n\t\t\t\t\t\t\t\t\t<section class=\"elementor-section elementor-top-section elementor-element elementor-element-b5c5668 elementor-section-boxed elementor-section-height-default elementor-section-height-default\" data-id=\"b5c5668\" data-element_type=\"section\">\n\t\t\t\t\t\t<div class=\"elementor-container elementor-column-gap-default\">\n\t\t\t\t\t<div class=\"elementor-column elementor-col-100 elementor-top-column elementor-element elementor-element-d61c641\" data-id=\"d61c641\" data-element_type=\"column\">\n\t\t\t<div class=\"elementor-widget-wrap elementor-element-populated\">\n\t\t\t\t\t\t\t\t<div class=\"elementor-element elementor-element-e9312d1 elementor-widget elementor-widget-heading\" data-id=\"e9312d1\" data-element_type=\"widget\" data-widget_type=\"heading.default\">\n\t\t\t\t<div class=\"elementor-widget-container\">\n\t\t\t<style>\/*! elementor - v3.11.5 - 14-03-2023 *\/\n.elementor-heading-title{padding:0;margin:0;line-height:1}.elementor-widget-heading .elementor-heading-title[class*=elementor-size-]>a{color:inherit;font-size:inherit;line-height:inherit}.elementor-widget-heading .elementor-heading-title.elementor-size-small{font-size:15px}.elementor-widget-heading .elementor-heading-title.elementor-size-medium{font-size:19px}.elementor-widget-heading .elementor-heading-title.elementor-size-large{font-size:29px}.elementor-widget-heading .elementor-heading-title.elementor-size-xl{font-size:39px}.elementor-widget-heading .elementor-heading-title.elementor-size-xxl{font-size:59px}<\/style><h2 class=\"elementor-heading-title elementor-size-default\">Informationsblatt f\u00fcr Kunden und Lieferanten<\/h2>\t\t<\/div>\n\t\t\t\t<\/div>\n\t\t\t\t<div class=\"elementor-element elementor-element-3872420 elementor-widget elementor-widget-text-editor\" data-id=\"3872420\" data-element_type=\"widget\" data-widget_type=\"text-editor.default\">\n\t\t\t\t<div class=\"elementor-widget-container\">\n\t\t\t<style>\/*! elementor - v3.11.5 - 14-03-2023 *\/\n.elementor-widget-text-editor.elementor-drop-cap-view-stacked .elementor-drop-cap{background-color:#818a91;color:#fff}.elementor-widget-text-editor.elementor-drop-cap-view-framed .elementor-drop-cap{color:#818a91;border:3px solid;background-color:transparent}.elementor-widget-text-editor:not(.elementor-drop-cap-view-default) .elementor-drop-cap{margin-top:8px}.elementor-widget-text-editor:not(.elementor-drop-cap-view-default) .elementor-drop-cap-letter{width:1em;height:1em}.elementor-widget-text-editor .elementor-drop-cap{float:left;text-align:center;line-height:1;font-size:50px}.elementor-widget-text-editor .elementor-drop-cap-letter{display:inline-block}<\/style>\t\t\t\t<div class=\"column mcb-column mcb-item-aca9943ae two-third column_column\">\n<div class=\"column_attr clearfix align_justify\">\n<h3>Datenschutzerkl\u00e4rung gem\u00e4\u00df Artikel 13 der Europ\u00e4ischen Verordnung 2016\/679<\/h3>\n<h3><\/h3>\n<\/div>\n<\/div>\n<div class=\"column mcb-column mcb-item-ed98be1d4 one-sixth column_column\">\n<div class=\"column_attr clearfix\"><\/div>\n<\/div>\n<div class=\"column mcb-column mcb-item-399e5681a one column_divider\">\n<hr class=\"no_line\" \/>\n<\/div>\n<div class=\"column mcb-column mcb-item-e007bf2eb one-sixth column_column\">\n<div class=\"column_attr clearfix\"><\/div>\n<\/div>\n<div class=\"column mcb-column mcb-item-dd2ee1fca two-third column_column\">\n<div class=\"column_attr clearfix align_justify\">\n<p class=\"big\">Sehr geehrter Kunde und Lieferant,<br \/>\ndie Gesellschaft D.R.M. Srl mit Sitz in Poggio Rusco (MN) Via Piva 2, Verantwortlicher der Verarbeitung Ihrer personenbezogenen Daten, informiert Sie gem\u00e4\u00df Art. 13 der EU-Verordnung 2016\/679 bez\u00fcglich der personenbezogenen Daten, die Sie f\u00fcr die Ausf\u00fchrung eines Vertragsverh\u00e4ltnisses und\/oder f\u00fcr vorvertragliche Zwecke wie die Erstellung oder Anforderung eines Kostenvoranschlags zur Verf\u00fcgung gestellt haben, wie folgt.<\/p>\n<p class=\"big\"><strong>Verarbeitete personenbezogene Daten<\/strong><br \/>\nZu diesem Zweck kann D.R.M. Srl Daten folgender Personen verarbeiten:<\/p>\n<ul>\n<li>des gesetzlichen Vertreters;<\/li>\n<li>Ihrer Besch\u00e4ftigten\/internen Kontaktpersonen;<\/li>\n<\/ul>\n<p class=\"big\">D.R.M. Srl kann folgende Daten verarbeiten:<\/p>\n<ul>\n<li>Identifikationsdaten (Name, Adresse, Geburtsort und -datum, Steuernummer und Umsatzsteuer-Identifikationsnummer, physische und telematische Adresse, Festnetz- und Mobiltelefonnummer);<\/li>\n<li>Daten, die sich auf Ihre kommerzielle und berufliche T\u00e4tigkeit beziehen;<\/li>\n<li>Bankdaten;<\/li>\n<li>Buchhaltungs- und Steuerdaten.<\/li>\n<\/ul>\n<p class=\"big\"><strong>Zweck und rechtliche Grundlage der Verarbeitung<\/strong><br \/>\nDie oben genannten personenbezogenen Daten werden f\u00fcr die folgenden Zwecke verarbeitet:<\/p>\n<ul>\n<li>f\u00fcr die Verwaltung des Vertragsverh\u00e4ltnisses und die sich daraus ergebenden administrativen und regulatorischen Erf\u00fcllungsanforderungen;<\/li>\n<li>f\u00fcr die Kommunikation an Dritte und\/oder Empf\u00e4nger (wie z. B. \u00f6ffentliche Beh\u00f6rde, Kreditinstitute, Steuer- und Buchhaltungsberater, Rechtsberater, IT-Techniker) f\u00fcr T\u00e4tigkeiten, die mit der Gesch\u00e4ftsbeziehung zusammenh\u00e4ngen und f\u00fcr diese notwendig sind;<\/li>\n<li>f\u00fcr Marketingaktivit\u00e4ten von Produkten\/Dienstleistungen, die dem verkauften Gegenstand \u00e4hnlich sind.<\/li>\n<\/ul>\n<p class=\"big\">Die Rechtsgrundlagen f\u00fcr die Verarbeitung personenbezogener Daten zu den in den Punkten a-b genannten Zwecken sind in Art. 6 Abs. 1 Buchst. b) und c) der Verordnung enthalten, da die Verarbeitung f\u00fcr die Durchf\u00fchrung vertraglicher und vorvertraglicher T\u00e4tigkeiten sowie zur Erf\u00fcllung gesetzlicher Verpflichtungen erforderlich ist. Die Bereitstellung personenbezogener Daten f\u00fcr diese Zwecke wird als erforderlich erachtet, da die Nichtbereitstellung Ihrer Daten in Bezug auf das Vertragsverh\u00e4ltnis es dem Verantwortlichen nicht erm\u00f6glicht, die korrekte Abwicklung herzustellen und durchzuf\u00fchren.<br \/>\nDie unter Punkt c) beschriebenen Verarbeitungen zu Marketingzwecken beruhen auf der Verfolgung eines berechtigten Interesses des Verantwortlichen der Datenverarbeitung (Art. 6 Abs. 1 Buchst. f) zus\u00e4tzlich zur Erw\u00e4gung 47 der Verordnung), die darin besteht, Beziehungen zu bereits gewonnenen Kunden zu pflegen und aufrechtzuerhalten, indem er sie \u00fcber neue Produkte und Dienstleistungen von DRM informiert. Die Bereitstellung Ihrer personenbezogenen Daten f\u00fcr diese Zwecke erfolgt auf vollkommen freiwilliger Basis und hat keinen Einfluss auf die Nutzung der vertraglichen Dienstleistungen, die betroffene Person kann dar\u00fcber hinaus jederzeit der Zusendung kommerzieller Mitteilungen von DRM widersprechen.<br \/>\nF\u00fcr alle Zwecke werden die Daten in Papier- und computergest\u00fctzter Form verarbeitet.<\/p>\n<p class=\"big\"><strong>Daten\u00fcbermittlung in Drittl\u00e4nder<\/strong><br \/>\nEs ist nicht vorgesehen, Ihre Daten in L\u00e4nder au\u00dferhalb der EU zu \u00fcbermitteln.<\/p>\n<p class=\"big\"><strong>Dauer der Datenspeicherung<\/strong><br \/>\nDie Daten werden so lange aufbewahrt, wie es im Hinblick auf die Zwecke, f\u00fcr die sie erhoben wurden, erforderlich ist, auf jeden Fall aber so lange, wie es die spezifischen gesetzlichen Bestimmungen (insbesondere im Zivilrecht f\u00fcr die Aufbewahrung von Buchhaltungsunterlagen) verlangen. Wenn alle Zwecke, die die Speicherung Ihrer personenbezogenen Daten legitimieren, ersch\u00f6pft sind, wird der Verantwortliche daf\u00fcr sorgen, dass diese gel\u00f6scht oder anonymisiert werden.<\/p>\n<p class=\"big\"><strong>Datenverarbeiter und f\u00fcr die Verarbeitung autorisierte Personen<\/strong><\/p>\n<ul>\n<li><i>Gesch\u00e4ftsf\u00fchrer der Gesellschaft<\/i><\/li>\n<li><i>Mitarbeiter im Verwaltungs- und Handelsbereich;<\/i><\/li>\n<\/ul>\n<p>Dar\u00fcber hinaus werden die Daten den Computergesellschaften, die f\u00fcr die Wartung von Hardware, Software und Webdiensten zust\u00e4ndig sind, dem Buchhaltungs- und Steuerberater, dem Kurier und dem Berater f\u00fcr Datenschutzangelegenheiten bekannt gegeben.&nbsp;<\/p>\n<p class=\"big\"><strong>Weitergabe der Daten<\/strong><br \/>\nDie Daten k\u00f6nnen weitergegeben werden an:<\/p>\n<ul>\n<li>\u00d6ffentliche Referenzstellen;<\/li>\n<li>Kreditinstitute;<\/li>\n<li>Zertifizierungsgesellschaften.<\/li>\n<\/ul>\n<p>Die Weitergabe von Daten an diese Stellen ist f\u00fcr den Abschluss und die Durchf\u00fchrung des Vertrags zwischen den Parteien und zur Verfolgung eines berechtigten Interesses des Verantwortlichen an der ordnungsgem\u00e4\u00dfen Erf\u00fcllung der Pflichten, die sich aus zwingenden und freiwillig angewendeten Normen ergeben, notwendig. Daher ist die betroffene Person verpflichtet, ihre Daten zur Verf\u00fcgung zu stellen, da der f\u00fcr die Verantwortliche ohne diese Daten die sich aus dem Vertragsverh\u00e4ltnis ergebenden Verpflichtungen nicht ordnungsgem\u00e4\u00df erf\u00fcllen kann.&nbsp;<\/p>\n<p class=\"big\"><strong>Datenverbreitung<\/strong><br \/>\nEs werden keine Daten verbreitet.<\/p>\n<p class=\"big\"><strong>Rechte der betroffenen Person<\/strong><br \/>\nDie betroffene Person hat das Recht, vom Verantwortlichen Zugang zu den Daten, Berichtigung und L\u00f6schung der Daten, Einschr\u00e4nkung der Datenverarbeitung zu verlangen sowie das Recht auf \u00dcbertragbarkeit, oder das Recht gegen die Verarbeitung der Daten unter den in den Artikeln 15, 16, 17, 18, 20, 21 der EU-Verordnung 2016\/679 festgelegten Bedingungen Einspruch zu erheben.<br \/>\nDar\u00fcber hinaus hat die betroffene Person das Recht, ihre Einwilligung jederzeit zu widerrufen, unbeschadet der Rechtm\u00e4\u00dfigkeit der Verarbeitung auf Grundlage der vor dem Widerruf erteilten Einwilligung.<br \/>\nSchlie\u00dflich hat die betroffene Person das Recht, bei einer Aufsichtsbeh\u00f6rde Beschwerde einzureichen, wenn sie der Ansicht ist, dass die sie betreffende Verarbeitung gegen die europ\u00e4ische Verordnung verst\u00f6\u00dft.<br \/>\nF\u00fcr weitere Informationen und zum Senden Ihre Anfrage wenden Sie sich bitte schriftlich an den Verantwortlichen unter:\u00a0<a href=\"mailto:info@drmsrl.it\">info@drmsrl.it<\/a><\/p>\n<\/div>\n<\/div>\n\t\t\t\t\t\t<\/div>\n\t\t\t\t<\/div>\n\t\t\t\t\t<\/div>\n\t\t<\/div>\n\t\t\t\t\t\t\t<\/div>\n\t\t<\/section>\n\t\t\t\t\t\t\t<\/div>\n\t\t","protected":false},"excerpt":{"rendered":"<p>Informationsblatt f\u00fcr Kunden und Lieferanten Datenschutzerkl\u00e4rung gem\u00e4\u00df Artikel 13 der Europ\u00e4ischen Verordnung 2016\/679 Sehr geehrter Kunde und Lieferant, die Gesellschaft D.R.M. Srl mit Sitz in Poggio Rusco (MN) Via Piva 2, Verantwortlicher der Verarbeitung Ihrer personenbezogenen Daten, informiert Sie gem\u00e4\u00df Art. 13 der EU-Verordnung 2016\/679 bez\u00fcglich der personenbezogenen Daten, die Sie f\u00fcr die Ausf\u00fchrung eines &hellip;<\/p>\n<p class=\"read-more\"> <a class=\"\" href=\"https:\/\/www.drmsrl.it\/de\/informationsblatt-fuer-kunden-und-lieferanten\/\"> <span class=\"screen-reader-text\">Informationsblatt f\u00fcr Kunden und Lieferanten<\/span> Weiterlesen &raquo;<\/a><\/p>\n","protected":false},"author":1,"featured_media":0,"parent":0,"menu_order":0,"comment_status":"closed","ping_status":"closed","template":"","meta":{"site-sidebar-layout":"no-sidebar","site-content-layout":"page-builder","ast-global-header-display":"","ast-main-header-display":"","ast-hfb-above-header-display":"","ast-hfb-below-header-display":"","ast-hfb-mobile-header-display":"","site-post-title":"disabled","ast-breadcrumbs-content":"","ast-featured-img":"disabled","footer-sml-layout":"","theme-transparent-header-meta":"","adv-header-id-meta":"","stick-header-meta":"","header-above-stick-meta":"","header-main-stick-meta":"","header-below-stick-meta":"","footnotes":""},"class_list":["post-1110","page","type-page","status-publish","hentry"],"acf":[],"yoast_head":"<!-- This site is optimized with the Yoast SEO plugin v19.6.1 - https:\/\/yoast.com\/wordpress\/plugins\/seo\/ -->\n<title>Informationsblatt f\u00fcr Kunden und Lieferanten - DRM SRL<\/title>\n<meta name=\"robots\" content=\"index, follow, max-snippet:-1, max-image-preview:large, max-video-preview:-1\" \/>\n<link rel=\"canonical\" href=\"https:\/\/www.drmsrl.it\/de\/informationsblatt-fuer-kunden-und-lieferanten\/\" \/>\n<meta property=\"og:locale\" content=\"de_DE\" \/>\n<meta property=\"og:type\" content=\"article\" \/>\n<meta property=\"og:title\" content=\"Informationsblatt f\u00fcr Kunden und Lieferanten - DRM SRL\" \/>\n<meta property=\"og:description\" content=\"Informationsblatt f\u00fcr Kunden und Lieferanten Datenschutzerkl\u00e4rung gem\u00e4\u00df Artikel 13 der Europ\u00e4ischen Verordnung 2016\/679 Sehr geehrter Kunde und Lieferant, die Gesellschaft D.R.M. Srl mit Sitz in Poggio Rusco (MN) Via Piva 2, Verantwortlicher der Verarbeitung Ihrer personenbezogenen Daten, informiert Sie gem\u00e4\u00df Art. 13 der EU-Verordnung 2016\/679 bez\u00fcglich der personenbezogenen Daten, die Sie f\u00fcr die Ausf\u00fchrung eines &hellip; Informationsblatt f\u00fcr Kunden und Lieferanten Weiterlesen &raquo;\" \/>\n<meta property=\"og:url\" content=\"https:\/\/www.drmsrl.it\/de\/informationsblatt-fuer-kunden-und-lieferanten\/\" \/>\n<meta property=\"og:site_name\" content=\"DRM SRL\" \/>\n<meta name=\"twitter:card\" content=\"summary_large_image\" \/>\n<meta name=\"twitter:label1\" content=\"Gesch\u00e4tzte Lesezeit\" \/>\n\t<meta name=\"twitter:data1\" content=\"4\u00a0Minuten\" \/>\n<script type=\"application\/ld+json\" class=\"yoast-schema-graph\">{\"@context\":\"https:\/\/schema.org\",\"@graph\":[{\"@type\":\"WebPage\",\"@id\":\"https:\/\/www.drmsrl.it\/de\/informationsblatt-fuer-kunden-und-lieferanten\/\",\"url\":\"https:\/\/www.drmsrl.it\/de\/informationsblatt-fuer-kunden-und-lieferanten\/\",\"name\":\"Informationsblatt f\u00fcr Kunden und Lieferanten - DRM SRL\",\"isPartOf\":{\"@id\":\"https:\/\/www.drmsrl.it\/#website\"},\"datePublished\":\"2021-12-03T11:47:14+00:00\",\"dateModified\":\"2021-12-03T11:47:14+00:00\",\"breadcrumb\":{\"@id\":\"https:\/\/www.drmsrl.it\/de\/informationsblatt-fuer-kunden-und-lieferanten\/#breadcrumb\"},\"inLanguage\":\"de\",\"potentialAction\":[{\"@type\":\"ReadAction\",\"target\":[\"https:\/\/www.drmsrl.it\/de\/informationsblatt-fuer-kunden-und-lieferanten\/\"]}]},{\"@type\":\"BreadcrumbList\",\"@id\":\"https:\/\/www.drmsrl.it\/de\/informationsblatt-fuer-kunden-und-lieferanten\/#breadcrumb\",\"itemListElement\":[{\"@type\":\"ListItem\",\"position\":1,\"name\":\"Home\",\"item\":\"https:\/\/www.drmsrl.it\/\"},{\"@type\":\"ListItem\",\"position\":2,\"name\":\"Informationsblatt f\u00fcr Kunden und Lieferanten\"}]},{\"@type\":\"WebSite\",\"@id\":\"https:\/\/www.drmsrl.it\/#website\",\"url\":\"https:\/\/www.drmsrl.it\/\",\"name\":\"DRM SRL\",\"description\":\"Dalle persone per le persone\",\"publisher\":{\"@id\":\"https:\/\/www.drmsrl.it\/#organization\"},\"potentialAction\":[{\"@type\":\"SearchAction\",\"target\":{\"@type\":\"EntryPoint\",\"urlTemplate\":\"https:\/\/www.drmsrl.it\/?s={search_term_string}\"},\"query-input\":\"required name=search_term_string\"}],\"inLanguage\":\"de\"},{\"@type\":\"Organization\",\"@id\":\"https:\/\/www.drmsrl.it\/#organization\",\"name\":\"DRM SRL\",\"url\":\"https:\/\/www.drmsrl.it\/\",\"sameAs\":[],\"logo\":{\"@type\":\"ImageObject\",\"inLanguage\":\"de\",\"@id\":\"https:\/\/www.drmsrl.it\/#\/schema\/logo\/image\/\",\"url\":\"https:\/\/www.drmsrl.it\/wp-content\/uploads\/2021\/11\/logo-drm.svg\",\"contentUrl\":\"https:\/\/www.drmsrl.it\/wp-content\/uploads\/2021\/11\/logo-drm.svg\",\"width\":72,\"height\":52,\"caption\":\"DRM SRL\"},\"image\":{\"@id\":\"https:\/\/www.drmsrl.it\/#\/schema\/logo\/image\/\"}}]}<\/script>\n<!-- \/ Yoast SEO plugin. -->","yoast_head_json":{"title":"Informationsblatt f\u00fcr Kunden und Lieferanten - DRM SRL","robots":{"index":"index","follow":"follow","max-snippet":"max-snippet:-1","max-image-preview":"max-image-preview:large","max-video-preview":"max-video-preview:-1"},"canonical":"https:\/\/www.drmsrl.it\/de\/informationsblatt-fuer-kunden-und-lieferanten\/","og_locale":"de_DE","og_type":"article","og_title":"Informationsblatt f\u00fcr Kunden und Lieferanten - DRM SRL","og_description":"Informationsblatt f\u00fcr Kunden und Lieferanten Datenschutzerkl\u00e4rung gem\u00e4\u00df Artikel 13 der Europ\u00e4ischen Verordnung 2016\/679 Sehr geehrter Kunde und Lieferant, die Gesellschaft D.R.M. Srl mit Sitz in Poggio Rusco (MN) Via Piva 2, Verantwortlicher der Verarbeitung Ihrer personenbezogenen Daten, informiert Sie gem\u00e4\u00df Art. 13 der EU-Verordnung 2016\/679 bez\u00fcglich der personenbezogenen Daten, die Sie f\u00fcr die Ausf\u00fchrung eines &hellip; Informationsblatt f\u00fcr Kunden und Lieferanten Weiterlesen &raquo;","og_url":"https:\/\/www.drmsrl.it\/de\/informationsblatt-fuer-kunden-und-lieferanten\/","og_site_name":"DRM SRL","twitter_card":"summary_large_image","twitter_misc":{"Gesch\u00e4tzte Lesezeit":"4\u00a0Minuten"},"schema":{"@context":"https:\/\/schema.org","@graph":[{"@type":"WebPage","@id":"https:\/\/www.drmsrl.it\/de\/informationsblatt-fuer-kunden-und-lieferanten\/","url":"https:\/\/www.drmsrl.it\/de\/informationsblatt-fuer-kunden-und-lieferanten\/","name":"Informationsblatt f\u00fcr Kunden und Lieferanten - DRM SRL","isPartOf":{"@id":"https:\/\/www.drmsrl.it\/#website"},"datePublished":"2021-12-03T11:47:14+00:00","dateModified":"2021-12-03T11:47:14+00:00","breadcrumb":{"@id":"https:\/\/www.drmsrl.it\/de\/informationsblatt-fuer-kunden-und-lieferanten\/#breadcrumb"},"inLanguage":"de","potentialAction":[{"@type":"ReadAction","target":["https:\/\/www.drmsrl.it\/de\/informationsblatt-fuer-kunden-und-lieferanten\/"]}]},{"@type":"BreadcrumbList","@id":"https:\/\/www.drmsrl.it\/de\/informationsblatt-fuer-kunden-und-lieferanten\/#breadcrumb","itemListElement":[{"@type":"ListItem","position":1,"name":"Home","item":"https:\/\/www.drmsrl.it\/"},{"@type":"ListItem","position":2,"name":"Informationsblatt f\u00fcr Kunden und Lieferanten"}]},{"@type":"WebSite","@id":"https:\/\/www.drmsrl.it\/#website","url":"https:\/\/www.drmsrl.it\/","name":"DRM SRL","description":"Dalle persone per le persone","publisher":{"@id":"https:\/\/www.drmsrl.it\/#organization"},"potentialAction":[{"@type":"SearchAction","target":{"@type":"EntryPoint","urlTemplate":"https:\/\/www.drmsrl.it\/?s={search_term_string}"},"query-input":"required name=search_term_string"}],"inLanguage":"de"},{"@type":"Organization","@id":"https:\/\/www.drmsrl.it\/#organization","name":"DRM SRL","url":"https:\/\/www.drmsrl.it\/","sameAs":[],"logo":{"@type":"ImageObject","inLanguage":"de","@id":"https:\/\/www.drmsrl.it\/#\/schema\/logo\/image\/","url":"https:\/\/www.drmsrl.it\/wp-content\/uploads\/2021\/11\/logo-drm.svg","contentUrl":"https:\/\/www.drmsrl.it\/wp-content\/uploads\/2021\/11\/logo-drm.svg","width":72,"height":52,"caption":"DRM SRL"},"image":{"@id":"https:\/\/www.drmsrl.it\/#\/schema\/logo\/image\/"}}]}},"_links":{"self":[{"href":"https:\/\/www.drmsrl.it\/de\/wp-json\/wp\/v2\/pages\/1110","targetHints":{"allow":["GET"]}}],"collection":[{"href":"https:\/\/www.drmsrl.it\/de\/wp-json\/wp\/v2\/pages"}],"about":[{"href":"https:\/\/www.drmsrl.it\/de\/wp-json\/wp\/v2\/types\/page"}],"author":[{"embeddable":true,"href":"https:\/\/www.drmsrl.it\/de\/wp-json\/wp\/v2\/users\/1"}],"replies":[{"embeddable":true,"href":"https:\/\/www.drmsrl.it\/de\/wp-json\/wp\/v2\/comments?post=1110"}],"version-history":[{"count":1,"href":"https:\/\/www.drmsrl.it\/de\/wp-json\/wp\/v2\/pages\/1110\/revisions"}],"predecessor-version":[{"id":1111,"href":"https:\/\/www.drmsrl.it\/de\/wp-json\/wp\/v2\/pages\/1110\/revisions\/1111"}],"wp:attachment":[{"href":"https:\/\/www.drmsrl.it\/de\/wp-json\/wp\/v2\/media?parent=1110"}],"curies":[{"name":"wp","href":"https:\/\/api.w.org\/{rel}","templated":true}]}}