{"id":1100,"date":"2021-12-03T12:44:52","date_gmt":"2021-12-03T11:44:52","guid":{"rendered":"http:\/\/drmsrl.it\/cookie-richtlinie\/"},"modified":"2022-10-18T10:38:35","modified_gmt":"2022-10-18T08:38:35","slug":"cookie-richtlinie","status":"publish","type":"page","link":"https:\/\/www.drmsrl.it\/de\/cookie-richtlinie\/","title":{"rendered":"Cookie-Richtlinie"},"content":{"rendered":"\t\t<div data-elementor-type=\"wp-page\" data-elementor-id=\"1100\" class=\"elementor elementor-1100 elementor-447\">\n\t\t\t\t\t\t\t\t\t<section class=\"elementor-section elementor-top-section elementor-element elementor-element-122869e elementor-section-boxed elementor-section-height-default elementor-section-height-default\" data-id=\"122869e\" data-element_type=\"section\">\n\t\t\t\t\t\t<div class=\"elementor-container elementor-column-gap-default\">\n\t\t\t\t\t<div class=\"elementor-column elementor-col-100 elementor-top-column elementor-element elementor-element-f8e315e\" data-id=\"f8e315e\" data-element_type=\"column\">\n\t\t\t<div class=\"elementor-widget-wrap elementor-element-populated\">\n\t\t\t\t\t\t\t\t<div class=\"elementor-element elementor-element-b68536b elementor-widget elementor-widget-heading\" data-id=\"b68536b\" data-element_type=\"widget\" data-widget_type=\"heading.default\">\n\t\t\t\t<div class=\"elementor-widget-container\">\n\t\t\t<style>\/*! elementor - v3.11.5 - 14-03-2023 *\/\n.elementor-heading-title{padding:0;margin:0;line-height:1}.elementor-widget-heading .elementor-heading-title[class*=elementor-size-]>a{color:inherit;font-size:inherit;line-height:inherit}.elementor-widget-heading .elementor-heading-title.elementor-size-small{font-size:15px}.elementor-widget-heading .elementor-heading-title.elementor-size-medium{font-size:19px}.elementor-widget-heading .elementor-heading-title.elementor-size-large{font-size:29px}.elementor-widget-heading .elementor-heading-title.elementor-size-xl{font-size:39px}.elementor-widget-heading .elementor-heading-title.elementor-size-xxl{font-size:59px}<\/style><h2 class=\"elementor-heading-title elementor-size-default\">Cookie-Richtlinie<\/h2>\t\t<\/div>\n\t\t\t\t<\/div>\n\t\t\t\t<div class=\"elementor-element elementor-element-7541be7 elementor-widget elementor-widget-text-editor\" data-id=\"7541be7\" data-element_type=\"widget\" data-widget_type=\"text-editor.default\">\n\t\t\t\t<div class=\"elementor-widget-container\">\n\t\t\t<style>\/*! elementor - v3.11.5 - 14-03-2023 *\/\n.elementor-widget-text-editor.elementor-drop-cap-view-stacked .elementor-drop-cap{background-color:#818a91;color:#fff}.elementor-widget-text-editor.elementor-drop-cap-view-framed .elementor-drop-cap{color:#818a91;border:3px solid;background-color:transparent}.elementor-widget-text-editor:not(.elementor-drop-cap-view-default) .elementor-drop-cap{margin-top:8px}.elementor-widget-text-editor:not(.elementor-drop-cap-view-default) .elementor-drop-cap-letter{width:1em;height:1em}.elementor-widget-text-editor .elementor-drop-cap{float:left;text-align:center;line-height:1;font-size:50px}.elementor-widget-text-editor .elementor-drop-cap-letter{display:inline-block}<\/style>\t\t\t\t<div class=\"column mcb-column mcb-item-8e78ab231 two-third column_column\">\r\n<div class=\"column_attr clearfix align_justify\">\r\n<p lang=\"en-GB\"><span style=\"font-family: Arial, sans-serif;\"><span style=\"font-size: medium;\"><span lang=\"de-DE\">Diese Angabe wird von D.R.M. Srl, der Datenverantwortliche der Website <\/span><\/span><\/span><span style=\"color: #0563c1;\"><u><a href=\"http:\/\/www.drmsrl.it\/\" target=\"_top\"><span style=\"font-family: Arial, sans-serif;\"><span style=\"font-size: medium;\"><span lang=\"de-DE\">www.drmsrl.it<\/span><\/span><\/span><\/a><\/u><\/span><span style=\"font-family: Arial, sans-serif;\"><span style=\"font-size: medium;\"><span lang=\"de-DE\"> unter Beachtung der Europ\u00e4ische Verordnung 2016\/679 und unter Ber\u00fccksichtigung des Cookies und andere Tracking Tools Anleitung von der Beh\u00f6rde von 10 Juni 2021.<\/span><\/span><\/span><\/p>\r\n<p lang=\"de-DE\"><span style=\"font-family: Arial, sans-serif;\"><span style=\"font-size: medium;\">Die Cookie Policy will den Benutzern \u00fcber die Cookies, die angewendet von dieser Webseite sind, und \u00fcber Verwaltungsmodalit\u00e4ten und Deaktivirung eures Browsers informieren. <\/span><\/span><\/p>\r\n<p lang=\"de-DE\"><span style=\"font-family: Arial, sans-serif;\"><span style=\"font-size: medium;\">Wenn diese Webseite nicht alles eure Zweifel antwortet hat oder Ihr habt andere Fragen, schreibt ihr eine E-Mail zu info@drmsrl.it<\/span><\/span><\/p>\r\n<p lang=\"en-GB\"><span style=\"font-family: Arial, sans-serif;\"><span style=\"font-size: medium;\"><span lang=\"de-DE\"><b>Was sind cookies?<\/b><\/span><\/span><\/span><\/p>\r\n<p lang=\"en-GB\"><span style=\"font-family: Arial, sans-serif;\"><span style=\"font-size: medium;\"><span lang=\"de-DE\">Cookies sind kleine\u00a0Textzeichenfolgen, die von den besuchten Websites an den Browser des Benutzers gesendet werden, wo sie gespeichert werden, um bei dem n\u00e4chsten Besuch des gleichen Benutzers auf dieselben Webseiten \u00fcbertragen zu werden.\r\nTheoretisch ist ein Cookie eine Textzeile, die den Namen der Website enth\u00e4lt, aus der das Cookie stammt, die Dauer des Cookies, einen Wert, der sich aus einer vom Computer zuf\u00e4llig generierten Nummer und dem Datum der Befristung zusammensetzt.\r\nUnter &#8220;erster Teil-Cookie&#8221; ist zu verstehen, wenn das Cookie-Cookie vom selben Betreiber der Website installiert wird, w\u00e4hrend es &#8220;Dritte-Cookies&#8221; hei\u00dft, wenn das Cookie von einer anderen Website oder von einem anderen Web-Server als der vom Nutzer besuchten Website gesendet wird. \u00a0<\/span><\/span><\/span><\/p>\r\n<p lang=\"de-DE\"><span style=\"font-family: Arial, sans-serif;\"><span style=\"font-size: medium;\">Cookies k\u00f6nnen unterteilt werden zwischen:<\/span><\/span><\/p>\r\n<p lang=\"de-DE\"><span style=\"font-family: Arial, sans-serif;\"><span style=\"font-size: medium;\">Technische Cookies sind f\u00fcr das ordnungsgem\u00e4\u00dfe Funktionieren der Website von wesentlicher Bedeutung und erm\u00f6glichen dem Nutzer das Surfen und den schnellen Zugriff auf das Internet;\u00a0sie werden normalerweise vom Betreiber der Website installiert;\u00a0Die Rechtsgrundlage f\u00fcr die Verarbeitung personenbezogener Daten im Zusammenhang mit technischen Cookies ist das legitime Interesse des Inhabers, den ordnungsgem\u00e4\u00dfen Betrieb der Website zu gew\u00e4hrleisten, und daher ist es nicht erforderlich, die Zustimmung des Nutzers einzuholen.<\/span><\/span><\/p>\r\n\r\n<ul>\r\n \t<li>\r\n<p lang=\"en-GB\"><span style=\"color: #3d3d3d;\"><span style=\"font-family: Roboto;\"><span lang=\"de-DE\"><b>Analytische Cookies<\/b><\/span><\/span><\/span> <span style=\"font-family: Arial, sans-serif;\"><span style=\"font-size: medium;\"><span lang=\"de-DE\">werden verwendet, um Informationen in aggregierter Form, \u00fcber die Zahl der Nutzer und die Art und Weise, wie diese die Website besuchen, zu sammeln und somit allgemeine Statistiken \u00fcber die Dienstleistung und ihre Nutzung zu erstellen.\u00a0Technischen Cookies gleichgestellt, wenn sie direkt vom Betreiber des Standorts oder von Dritten verwendet werden, wenn geeignete Ma\u00dfnahmen getroffen werden, um die Identifikation analytischer Cookies zu verringern (durch Anonymisierung von IP-Adressen) zusammen mit der Verpflichtung, diese analytischen Cookies nicht mit anderen Datenverarbeitungsger\u00e4ten zu kombinieren oder an Dritte weiterzugeben.<\/span><\/span><\/span><\/p>\r\n<\/li>\r\n \t<li>\r\n<p lang=\"en-GB\"><span style=\"font-family: Arial, sans-serif;\"><span style=\"font-size: medium;\"><span lang=\"de-DE\"><b>Profilierende Cookies<\/b><\/span><\/span><\/span><span style=\"font-family: Arial, sans-serif;\"><span style=\"font-size: medium;\"><span lang=\"de-DE\"> werden verwendet, um die Nutzern zu verfolgen und zukommen w\u00e4hrend dem Surfen im Internet mit dem Ziel Werbungen f\u00fcr gezielte und personalisierte Dienstleistung zu senden. F\u00fcr die Invasivit\u00e4t, Die Europ\u00e4ische Verordnung festlegt die Notwendigkeit einer ausdr\u00fccklichen Zustimmung, als Rechtsgrundlage f\u00fcr die Profilierung. <\/span><\/span><\/span><\/p>\r\n<\/li>\r\n<\/ul>\r\n<p lang=\"de-DE\"><span style=\"font-family: Arial, sans-serif;\"><span style=\"font-size: medium;\"><b>Technische Cookies <\/b><\/span><\/span><\/p>\r\n<p lang=\"de-DE\"><span style=\"font-family: Arial, sans-serif;\"><span style=\"font-size: medium;\">Diese Webseite verwendet technische Cookies, die notwendig sind, um der Benutzer das Surfen zu erm\u00f6glichen und die M\u00f6glichkeit, die Dienstleistungen von der Webseite zu benutzen. <\/span><\/span><\/p>\r\n\r\n<table border=\"1\" width=\"100%\" cellspacing=\"0\" cellpadding=\"11\">\r\n<tbody>\r\n<tr valign=\"TOP\">\r\n<td width=\"27%\">\r\n<p lang=\"it-IT\"><span style=\"font-family: Times New Roman, serif;\"><span style=\"font-size: medium;\"><b>Cookies Name <\/b><\/span><\/span><\/p>\r\n<\/td>\r\n<td width=\"50%\">\r\n<p lang=\"en-GB\"><span style=\"font-family: Times New Roman, serif;\"><span style=\"font-size: medium;\"><span lang=\"it-IT\"><b>W\u00f6fur ist: <\/b><\/span><\/span><\/span><\/p>\r\n<\/td>\r\n<td width=\"23%\">\r\n<p lang=\"en-GB\"><span style=\"font-family: Times New Roman, serif;\"><span style=\"font-size: medium;\"><span lang=\"it-IT\"><b>Ablauf <\/b><\/span><\/span><\/span><\/p>\r\n<\/td>\r\n<\/tr>\r\n<tr valign=\"TOP\">\r\n<td width=\"27%\">\r\n<p lang=\"it-IT\"><span style=\"font-family: Times New Roman, serif;\"><span style=\"font-size: medium;\">wp-wpml_current_language<\/span><\/span><\/p>\r\n<\/td>\r\n<td width=\"50%\">\r\n<p lang=\"de-DE\"><span style=\"font-family: Times New Roman, serif;\"><span style=\"font-size: medium;\">Eingabe in der aktuellen Sprache der Webseite erfassen<\/span><\/span><\/p>\r\n<\/td>\r\n<td width=\"23%\">\r\n<p lang=\"de-DE\"><span style=\"font-family: Times New Roman, serif;\"><span style=\"font-size: medium;\">Am Ende von der Browser-Tagung<\/span><\/span><\/p>\r\n<\/td>\r\n<\/tr>\r\n<tr valign=\"TOP\">\r\n<td width=\"27%\">\r\n<p lang=\"it-IT\"><\/p>\r\n<\/td>\r\n<td width=\"50%\">\r\n<p lang=\"en-GB\"><\/p>\r\n<\/td>\r\n<td width=\"23%\"><\/td>\r\n<\/tr>\r\n<\/tbody>\r\n<\/table>\r\n<p lang=\"de-DE\"><span style=\"font-family: Arial, sans-serif;\"><span style=\"font-size: medium;\"><i>Kein anderes Cookie von Dritten ist gesammelt durch die Webseite <\/i><\/span><\/span><\/p>\r\n<p lang=\"de-DE\"><span style=\"font-family: Arial, sans-serif;\"><span style=\"font-size: medium;\"><b>Profilierende Cookies<\/b><\/span><\/span><\/p>\r\n<p lang=\"en-GB\"><span style=\"font-family: Arial, sans-serif;\"><span style=\"font-size: medium;\"><span lang=\"de-DE\">Diese Webseite benutzt keine profilierenden Cookies<\/span><\/span><\/span><span style=\"font-family: Arial, sans-serif;\"><span style=\"font-size: medium;\"><span lang=\"de-DE\"><b>.<\/b><\/span><\/span><\/span><\/p>\r\n<p lang=\"de-DE\"><span style=\"font-family: Arial, sans-serif;\"><span style=\"font-size: medium;\"><b>Ziel und Rechtslage<\/b><\/span><\/span><\/p>\r\n<p lang=\"en-GB\"><span style=\"font-family: Arial, sans-serif;\"><span style=\"font-size: medium;\"><span lang=\"de-DE\">Technische Cookies basieren auf der Verfolgung des berechtigten Interesses des Eigent\u00fcmers, das darauf abzielt, das Funktionieren der Website zum Zwecke der Effizienz und Sicherheit derselben zu \u00fcberwachen. (art. 6, par. 1, lett. f) del GDPR).<\/span><\/span><\/span><\/p>\r\n<p lang=\"en-GB\"><span style=\"font-family: Arial, sans-serif;\"><span style=\"font-size: medium;\"><span lang=\"de-DE\"><b>Modalit\u00e4t f\u00fcr die Verarbeitung<\/b><\/span><\/span><\/span><\/p>\r\n<p lang=\"de-DE\"><span style=\"font-family: Arial, sans-serif;\"><span style=\"font-size: medium;\">Die Daten werden von hierzu befugtem internem Personal und von Informatikunternehmen verwaltet, die f\u00fcr die Pflege und Wartung der Website verantwortlich sind.\u00a0Daten werden nicht verbreitet.<\/span><\/span><\/p>\r\n<p lang=\"de-DE\"><span style=\"font-family: Arial, sans-serif;\"><span style=\"font-size: medium;\"><b>Wie kann man Cookies deaktivieren?<\/b><\/span><\/span><\/p>\r\n<p lang=\"de-DE\"><span style=\"font-family: Arial, sans-serif;\"><span style=\"font-size: medium;\">Jederzeit kann der Besitzer die Cookie-Funktion \u00fcber seine Browser-Einstellungen deaktivieren: <\/span><\/span><\/p>\r\n<p lang=\"en-GB\"><span style=\"font-family: Arial, sans-serif;\"><span style=\"font-size: medium;\"><u>GOOGLE CROME<\/u><\/span><\/span><\/p>\r\n<p lang=\"en-GB\"><span style=\"font-family: Arial, sans-serif;\"><span style=\"font-size: medium;\">https:\/\/support.google.com\/crome\/answer\/95647?hl=it<\/span><\/span><\/p>\r\n<p lang=\"en-GB\"><span style=\"font-family: Arial, sans-serif;\"><span style=\"font-size: medium;\"><span lang=\"it-IT\"><u>MOZILLA FIREFOX<\/u><\/span><\/span><\/span><\/p>\r\n<p lang=\"it-IT\"><span style=\"font-family: Arial, sans-serif;\"><span style=\"font-size: medium;\">https:\/\/support.mozilla.org\/it\/kb\/protezione-antitracciamento-avanzata-firefox-desktop<\/span><\/span><\/p>\r\n<p lang=\"en-GB\"><span style=\"font-family: Arial, sans-serif;\"><span style=\"font-size: medium;\"><u>APPLE SAFARI<\/u><\/span><\/span><\/p>\r\n<p lang=\"en-GB\"><span style=\"font-family: Arial, sans-serif;\"><span style=\"font-size: medium;\">https:\/\/support.apple.com\/it-it\/HT201265<\/span><\/span><\/p>\r\n<p lang=\"en-GB\"><span style=\"font-family: Arial, sans-serif;\"><span style=\"font-size: medium;\">https:\/\/support.apple.com\/kb\/PH19214<\/span><\/span><\/p>\r\n<p lang=\"en-GB\"><span style=\"font-family: Arial, sans-serif;\"><span style=\"font-size: medium;\"><span lang=\"de-DE\"><u>INTERNET EXPLORER UND MICROSOFT WINDOWS EXPLORER<\/u><\/span><\/span><\/span><\/p>\r\n<p lang=\"de-DE\"><span style=\"font-family: Arial, sans-serif;\"><span style=\"font-size: medium;\">https:\/\/windows.microsoft.com\/it-it\/windows-vista\/block-or-allow-cookies<\/span><\/span><\/p>\r\n<p lang=\"de-DE\"><span style=\"font-family: Arial, sans-serif;\"><span style=\"font-size: medium;\">https:\/\/www.windowsphone.com\/it-it\/how-to\/wp8\/apps\/change-privacy-and-other-browser-settings<\/span><\/span><\/p>\r\n\r\n<\/div>\r\n<\/div>\r\n<div class=\"column mcb-column mcb-item-37ced3e9d two-third column_column\">\r\n<div class=\"column_attr clearfix align_justify\"><\/div>\r\n<\/div>\t\t\t\t\t\t<\/div>\n\t\t\t\t<\/div>\n\t\t\t\t\t<\/div>\n\t\t<\/div>\n\t\t\t\t\t\t\t<\/div>\n\t\t<\/section>\n\t\t\t\t\t\t\t<\/div>\n\t\t","protected":false},"excerpt":{"rendered":"<p>Cookie-Richtlinie Diese Angabe wird von D.R.M. Srl, der Datenverantwortliche der Website www.drmsrl.it unter Beachtung der Europ\u00e4ische Verordnung 2016\/679 und unter Ber\u00fccksichtigung des Cookies und andere Tracking Tools Anleitung von der Beh\u00f6rde von 10 Juni 2021. Die Cookie Policy will den Benutzern \u00fcber die Cookies, die angewendet von dieser Webseite sind, und \u00fcber Verwaltungsmodalit\u00e4ten und Deaktivirung &hellip;<\/p>\n<p class=\"read-more\"> <a class=\"\" href=\"https:\/\/www.drmsrl.it\/de\/cookie-richtlinie\/\"> <span class=\"screen-reader-text\">Cookie-Richtlinie<\/span> Weiterlesen &raquo;<\/a><\/p>\n","protected":false},"author":1,"featured_media":0,"parent":0,"menu_order":0,"comment_status":"closed","ping_status":"closed","template":"","meta":{"site-sidebar-layout":"no-sidebar","site-content-layout":"page-builder","ast-global-header-display":"","ast-main-header-display":"","ast-hfb-above-header-display":"","ast-hfb-below-header-display":"","ast-hfb-mobile-header-display":"","site-post-title":"disabled","ast-breadcrumbs-content":"","ast-featured-img":"disabled","footer-sml-layout":"","theme-transparent-header-meta":"","adv-header-id-meta":"","stick-header-meta":"","header-above-stick-meta":"","header-main-stick-meta":"","header-below-stick-meta":"","footnotes":""},"class_list":["post-1100","page","type-page","status-publish","hentry"],"acf":[],"yoast_head":"<!-- This site is optimized with the Yoast SEO plugin v19.6.1 - https:\/\/yoast.com\/wordpress\/plugins\/seo\/ -->\n<title>Cookie-Richtlinie - DRM SRL<\/title>\n<meta name=\"robots\" content=\"index, follow, max-snippet:-1, max-image-preview:large, max-video-preview:-1\" \/>\n<link rel=\"canonical\" href=\"https:\/\/www.drmsrl.it\/cookie-policy\/\" \/>\n<meta property=\"og:locale\" content=\"de_DE\" \/>\n<meta property=\"og:type\" content=\"article\" \/>\n<meta property=\"og:title\" content=\"Cookie-Richtlinie - DRM SRL\" \/>\n<meta property=\"og:description\" content=\"Cookie-Richtlinie Diese Angabe wird von D.R.M. Srl, der Datenverantwortliche der Website www.drmsrl.it unter Beachtung der Europ\u00e4ische Verordnung 2016\/679 und unter Ber\u00fccksichtigung des Cookies und andere Tracking Tools Anleitung von der Beh\u00f6rde von 10 Juni 2021. Die Cookie Policy will den Benutzern \u00fcber die Cookies, die angewendet von dieser Webseite sind, und \u00fcber Verwaltungsmodalit\u00e4ten und Deaktivirung &hellip; Cookie-Richtlinie Weiterlesen &raquo;\" \/>\n<meta property=\"og:url\" content=\"https:\/\/www.drmsrl.it\/cookie-policy\/\" \/>\n<meta property=\"og:site_name\" content=\"DRM SRL\" \/>\n<meta property=\"article:modified_time\" content=\"2022-10-18T08:38:35+00:00\" \/>\n<meta name=\"twitter:card\" content=\"summary_large_image\" \/>\n<meta name=\"twitter:label1\" content=\"Gesch\u00e4tzte Lesezeit\" \/>\n\t<meta name=\"twitter:data1\" content=\"3\u00a0Minuten\" \/>\n<script type=\"application\/ld+json\" class=\"yoast-schema-graph\">{\"@context\":\"https:\/\/schema.org\",\"@graph\":[{\"@type\":\"WebPage\",\"@id\":\"https:\/\/www.drmsrl.it\/cookie-policy\/\",\"url\":\"https:\/\/www.drmsrl.it\/cookie-policy\/\",\"name\":\"Cookie-Richtlinie - DRM SRL\",\"isPartOf\":{\"@id\":\"https:\/\/www.drmsrl.it\/#website\"},\"datePublished\":\"2021-12-03T11:44:52+00:00\",\"dateModified\":\"2022-10-18T08:38:35+00:00\",\"breadcrumb\":{\"@id\":\"https:\/\/www.drmsrl.it\/cookie-policy\/#breadcrumb\"},\"inLanguage\":\"de\",\"potentialAction\":[{\"@type\":\"ReadAction\",\"target\":[\"https:\/\/www.drmsrl.it\/cookie-policy\/\"]}]},{\"@type\":\"BreadcrumbList\",\"@id\":\"https:\/\/www.drmsrl.it\/cookie-policy\/#breadcrumb\",\"itemListElement\":[{\"@type\":\"ListItem\",\"position\":1,\"name\":\"Home\",\"item\":\"https:\/\/www.drmsrl.it\/\"},{\"@type\":\"ListItem\",\"position\":2,\"name\":\"Cookie-Richtlinie\"}]},{\"@type\":\"WebSite\",\"@id\":\"https:\/\/www.drmsrl.it\/#website\",\"url\":\"https:\/\/www.drmsrl.it\/\",\"name\":\"DRM SRL\",\"description\":\"Dalle persone per le persone\",\"publisher\":{\"@id\":\"https:\/\/www.drmsrl.it\/#organization\"},\"potentialAction\":[{\"@type\":\"SearchAction\",\"target\":{\"@type\":\"EntryPoint\",\"urlTemplate\":\"https:\/\/www.drmsrl.it\/?s={search_term_string}\"},\"query-input\":\"required name=search_term_string\"}],\"inLanguage\":\"de\"},{\"@type\":\"Organization\",\"@id\":\"https:\/\/www.drmsrl.it\/#organization\",\"name\":\"DRM SRL\",\"url\":\"https:\/\/www.drmsrl.it\/\",\"sameAs\":[],\"logo\":{\"@type\":\"ImageObject\",\"inLanguage\":\"de\",\"@id\":\"https:\/\/www.drmsrl.it\/#\/schema\/logo\/image\/\",\"url\":\"https:\/\/www.drmsrl.it\/wp-content\/uploads\/2021\/11\/logo-drm.svg\",\"contentUrl\":\"https:\/\/www.drmsrl.it\/wp-content\/uploads\/2021\/11\/logo-drm.svg\",\"width\":72,\"height\":52,\"caption\":\"DRM SRL\"},\"image\":{\"@id\":\"https:\/\/www.drmsrl.it\/#\/schema\/logo\/image\/\"}}]}<\/script>\n<!-- \/ Yoast SEO plugin. -->","yoast_head_json":{"title":"Cookie-Richtlinie - DRM SRL","robots":{"index":"index","follow":"follow","max-snippet":"max-snippet:-1","max-image-preview":"max-image-preview:large","max-video-preview":"max-video-preview:-1"},"canonical":"https:\/\/www.drmsrl.it\/cookie-policy\/","og_locale":"de_DE","og_type":"article","og_title":"Cookie-Richtlinie - DRM SRL","og_description":"Cookie-Richtlinie Diese Angabe wird von D.R.M. Srl, der Datenverantwortliche der Website www.drmsrl.it unter Beachtung der Europ\u00e4ische Verordnung 2016\/679 und unter Ber\u00fccksichtigung des Cookies und andere Tracking Tools Anleitung von der Beh\u00f6rde von 10 Juni 2021. Die Cookie Policy will den Benutzern \u00fcber die Cookies, die angewendet von dieser Webseite sind, und \u00fcber Verwaltungsmodalit\u00e4ten und Deaktivirung &hellip; Cookie-Richtlinie Weiterlesen &raquo;","og_url":"https:\/\/www.drmsrl.it\/cookie-policy\/","og_site_name":"DRM SRL","article_modified_time":"2022-10-18T08:38:35+00:00","twitter_card":"summary_large_image","twitter_misc":{"Gesch\u00e4tzte Lesezeit":"3\u00a0Minuten"},"schema":{"@context":"https:\/\/schema.org","@graph":[{"@type":"WebPage","@id":"https:\/\/www.drmsrl.it\/cookie-policy\/","url":"https:\/\/www.drmsrl.it\/cookie-policy\/","name":"Cookie-Richtlinie - DRM SRL","isPartOf":{"@id":"https:\/\/www.drmsrl.it\/#website"},"datePublished":"2021-12-03T11:44:52+00:00","dateModified":"2022-10-18T08:38:35+00:00","breadcrumb":{"@id":"https:\/\/www.drmsrl.it\/cookie-policy\/#breadcrumb"},"inLanguage":"de","potentialAction":[{"@type":"ReadAction","target":["https:\/\/www.drmsrl.it\/cookie-policy\/"]}]},{"@type":"BreadcrumbList","@id":"https:\/\/www.drmsrl.it\/cookie-policy\/#breadcrumb","itemListElement":[{"@type":"ListItem","position":1,"name":"Home","item":"https:\/\/www.drmsrl.it\/"},{"@type":"ListItem","position":2,"name":"Cookie-Richtlinie"}]},{"@type":"WebSite","@id":"https:\/\/www.drmsrl.it\/#website","url":"https:\/\/www.drmsrl.it\/","name":"DRM SRL","description":"Dalle persone per le persone","publisher":{"@id":"https:\/\/www.drmsrl.it\/#organization"},"potentialAction":[{"@type":"SearchAction","target":{"@type":"EntryPoint","urlTemplate":"https:\/\/www.drmsrl.it\/?s={search_term_string}"},"query-input":"required name=search_term_string"}],"inLanguage":"de"},{"@type":"Organization","@id":"https:\/\/www.drmsrl.it\/#organization","name":"DRM SRL","url":"https:\/\/www.drmsrl.it\/","sameAs":[],"logo":{"@type":"ImageObject","inLanguage":"de","@id":"https:\/\/www.drmsrl.it\/#\/schema\/logo\/image\/","url":"https:\/\/www.drmsrl.it\/wp-content\/uploads\/2021\/11\/logo-drm.svg","contentUrl":"https:\/\/www.drmsrl.it\/wp-content\/uploads\/2021\/11\/logo-drm.svg","width":72,"height":52,"caption":"DRM SRL"},"image":{"@id":"https:\/\/www.drmsrl.it\/#\/schema\/logo\/image\/"}}]}},"_links":{"self":[{"href":"https:\/\/www.drmsrl.it\/de\/wp-json\/wp\/v2\/pages\/1100","targetHints":{"allow":["GET"]}}],"collection":[{"href":"https:\/\/www.drmsrl.it\/de\/wp-json\/wp\/v2\/pages"}],"about":[{"href":"https:\/\/www.drmsrl.it\/de\/wp-json\/wp\/v2\/types\/page"}],"author":[{"embeddable":true,"href":"https:\/\/www.drmsrl.it\/de\/wp-json\/wp\/v2\/users\/1"}],"replies":[{"embeddable":true,"href":"https:\/\/www.drmsrl.it\/de\/wp-json\/wp\/v2\/comments?post=1100"}],"version-history":[{"count":3,"href":"https:\/\/www.drmsrl.it\/de\/wp-json\/wp\/v2\/pages\/1100\/revisions"}],"predecessor-version":[{"id":2198,"href":"https:\/\/www.drmsrl.it\/de\/wp-json\/wp\/v2\/pages\/1100\/revisions\/2198"}],"wp:attachment":[{"href":"https:\/\/www.drmsrl.it\/de\/wp-json\/wp\/v2\/media?parent=1100"}],"curies":[{"name":"wp","href":"https:\/\/api.w.org\/{rel}","templated":true}]}}