{"id":1090,"date":"2021-12-03T12:41:52","date_gmt":"2021-12-03T11:41:52","guid":{"rendered":"http:\/\/drmsrl.it\/nutzungsbedingungen\/"},"modified":"2022-02-11T09:20:24","modified_gmt":"2022-02-11T08:20:24","slug":"nutzungsbedingungen","status":"publish","type":"page","link":"https:\/\/www.drmsrl.it\/de\/nutzungsbedingungen\/","title":{"rendered":"Nutzungsbedingungen"},"content":{"rendered":"\t\t<div data-elementor-type=\"wp-page\" data-elementor-id=\"1090\" class=\"elementor elementor-1090 elementor-443\">\n\t\t\t\t\t\t\t\t\t<section class=\"elementor-section elementor-top-section elementor-element elementor-element-359ac1e elementor-section-boxed elementor-section-height-default elementor-section-height-default\" data-id=\"359ac1e\" data-element_type=\"section\">\n\t\t\t\t\t\t<div class=\"elementor-container elementor-column-gap-default\">\n\t\t\t\t\t<div class=\"elementor-column elementor-col-100 elementor-top-column elementor-element elementor-element-fec8624\" data-id=\"fec8624\" data-element_type=\"column\">\n\t\t\t<div class=\"elementor-widget-wrap elementor-element-populated\">\n\t\t\t\t\t\t\t\t<div class=\"elementor-element elementor-element-7de3dd6 elementor-widget elementor-widget-heading\" data-id=\"7de3dd6\" data-element_type=\"widget\" data-widget_type=\"heading.default\">\n\t\t\t\t<div class=\"elementor-widget-container\">\n\t\t\t<style>\/*! elementor - v3.11.5 - 14-03-2023 *\/\n.elementor-heading-title{padding:0;margin:0;line-height:1}.elementor-widget-heading .elementor-heading-title[class*=elementor-size-]>a{color:inherit;font-size:inherit;line-height:inherit}.elementor-widget-heading .elementor-heading-title.elementor-size-small{font-size:15px}.elementor-widget-heading .elementor-heading-title.elementor-size-medium{font-size:19px}.elementor-widget-heading .elementor-heading-title.elementor-size-large{font-size:29px}.elementor-widget-heading .elementor-heading-title.elementor-size-xl{font-size:39px}.elementor-widget-heading .elementor-heading-title.elementor-size-xxl{font-size:59px}<\/style><h2 class=\"elementor-heading-title elementor-size-default\">Nutzungsbedingungen<\/h2>\t\t<\/div>\n\t\t\t\t<\/div>\n\t\t\t\t<div class=\"elementor-element elementor-element-2da5175 elementor-widget elementor-widget-text-editor\" data-id=\"2da5175\" data-element_type=\"widget\" data-widget_type=\"text-editor.default\">\n\t\t\t\t<div class=\"elementor-widget-container\">\n\t\t\t<style>\/*! elementor - v3.11.5 - 14-03-2023 *\/\n.elementor-widget-text-editor.elementor-drop-cap-view-stacked .elementor-drop-cap{background-color:#818a91;color:#fff}.elementor-widget-text-editor.elementor-drop-cap-view-framed .elementor-drop-cap{color:#818a91;border:3px solid;background-color:transparent}.elementor-widget-text-editor:not(.elementor-drop-cap-view-default) .elementor-drop-cap{margin-top:8px}.elementor-widget-text-editor:not(.elementor-drop-cap-view-default) .elementor-drop-cap-letter{width:1em;height:1em}.elementor-widget-text-editor .elementor-drop-cap{float:left;text-align:center;line-height:1;font-size:50px}.elementor-widget-text-editor .elementor-drop-cap-letter{display:inline-block}<\/style>\t\t\t\t<div class=\"column mcb-column mcb-item-3fc18472e two-third column_column\">\n<div class=\"column_attr clearfix align_justify\">\n<h6>Bitte lesen Sie die Nutzungsbedingungen sorgf\u00e4ltig durch, bevor Sie diese Website nutzen.<\/h6>\n<h3><\/h3>\n<h6>Durch die Nutzung dieser Website erkl\u00e4ren Sie sich mit diesen Bedingungen einverstanden. Sind Sie damit nicht einverstanden, greifen Sie bitte nicht auf die Website zu.<\/h6>\n<h4><\/h4>\n<\/div>\n<\/div>\n<div class=\"column mcb-column mcb-item-228674c98 one-sixth column_column\">\n<div class=\"column_attr clearfix\"><\/div>\n<\/div>\n<div class=\"column mcb-column mcb-item-1f1c5e5b1 one column_divider\">\n<hr class=\"no_line\" \/>\n<\/div>\n<div class=\"column mcb-column mcb-item-0903be513 one-sixth column_column\">\n<div class=\"column_attr clearfix\"><\/div>\n<\/div>\n<div class=\"column mcb-column mcb-item-d6c462406 two-third column_column\">\n<div class=\"column_attr clearfix align_justify\">\n<p class=\"big\">D.R.M. S.r.l. (<strong>DRM<\/strong>) beh\u00e4lt sich das Recht vor, nach eigenem Ermessen und jederzeit Teile des Textes der vorliegenden Bedingungen zu \u00e4ndern, umzuformulieren, hinzuzuf\u00fcgen oder zu l\u00f6schen. Der Benutzer ist in jedem Fall verpflichtet, die beim Zugriff auf die Website ver\u00f6ffentlichten Bestimmungen und Bedingungen einzuhalten.<\/p>\n<p class=\"big\">Alle auf dieser Website ver\u00f6ffentlichten Materialien, wie z. B. Dokumente, Abbildungen, Grafiken, Videos usw., sind durch die Urheber- und Eigentumsrechte von\u00a0<strong>DRM<\/strong>\u00a0oder anderen Unternehmen der Gruppe gesch\u00fctzt, die wiederum durch die geltenden nationalen und EU-Gesetze \u00fcber geistiges Eigentum gesch\u00fctzt werden.<\/p>\n<p class=\"big\">Es ist verboten, von der Website\u00a0<strong><a href=\"https:\/\/www.drmsrl.it\/de\/\">www.drmsrl.it<\/a><\/strong>, entnommenes Material zu kopieren, zu \u00fcbersetzen, zu vervielf\u00e4ltigen oder zu ver\u00f6ffentlichen, mit Ausnahme der Berechtigung, eine einzige Kopie herunterzuladen, wobei die Vermerke, die sich auf Urheber- und Eigentumsrechte beziehen, intakt bleiben m\u00fcssen.<\/p>\n<p class=\"big\">Die Verwendung von Markenzeichen, Logos und Handelsnamen, die auf dieser Website ersichtlich sind, ohne das Einverst\u00e4ndnis des Unternehmens, dem sie geh\u00f6ren, ist ausdr\u00fccklich verboten.<\/p>\n<p class=\"big\">Die Reproduktion der ver\u00f6ffentlichten Illustrationen und Artikel sowie deren \u00dcbersetzung, egal mit welchen Mitteln &#8211; analogen oder digitalen &#8211; ist verboten und darf nicht ohne ausdr\u00fcckliche schriftliche Genehmigung des Herausgebers erfolgen.<\/p>\n<p class=\"big\">Das Kopieren ist nur f\u00fcr den pers\u00f6nlichen Zweck gestattet. Zitate f\u00fcr Rezensionen, Kritik, Chroniken oder Studien sind erlaubt, sofern sie mit Angabe der\u00a0<strong>DRM<\/strong>-Quelle, einschlie\u00dflich der telematischen Adresse\u00a0<strong><a href=\"https:\/\/www.drmsrl.it\/de\/\">www.drmsrl.it<\/a><\/strong>, und dem Namen des Autors des Artikels, falls vorhanden, versehen sind.<\/p>\n<p class=\"big\">Links von anderen Seiten sind erlaubt und willkommen.<\/p>\n<p class=\"big\"><strong>DRM<\/strong>\u00a0beh\u00e4lt sich das Recht vor, die Texte in anderen Ver\u00f6ffentlichungen der Unternehmensgruppe zu reproduzieren.<\/p>\n<p class=\"big\"><strong>DRM<\/strong>\u00a0kann nicht f\u00fcr Sch\u00e4den oder Viren, egal welcher Art, zur Haftung gezogen werden, die am Computer oder an einem anderen Eigentum des Benutzers aufgrund des Zugriffs auf die Website, der Navigation auf derselben, der Nutzung des darin enthaltenen Materials oder des Herunterladens von Videos, Audiodateien, Texten, Bildern, Softwares und auf der Website enthaltenen Informationen entstehen oder \u00fcbernommen werden k\u00f6nnten. Daher haften weder\u00a0<strong>DRM<\/strong>\u00a0noch die anderen Unternehmen der Gruppe, die \u00fcber diese Website verf\u00fcgen, f\u00fcr Sch\u00e4den, Verluste, Beeintr\u00e4chtigungen jeglicher Art, die Dritten durch den Zugriff auf die Website entstehen k\u00f6nnen.<\/p>\n<p class=\"big\">Jede Mitteilungen oder jedes Material, die per E-Mail oder auf anderem Wege an diese Website gesendet werden, werden als nicht vertraulich und nicht durch geistige Eigentumsrechte gesch\u00fctzt betrachtet. Alles, was der Benutzer, z. B. per E-Mail, an die Website sendet, geht in das Eigentum von\u00a0<strong>DRM<\/strong>\u00a0und der anderen Unternehmen der Gruppe \u00fcber, die es daher f\u00fcr jeden legitimen Zweck verwenden werden k\u00f6nnen.\u00a0<strong>DRM<\/strong>\u00a0steht es auch frei, jede Idee, jedes Konzept, Know-how oder technisches Wissen, das in den von den Benutzern an die Website gesendeten Mitteilungen enthalten ist, f\u00fcr jeglichen Zweck zu verwenden, einschlie\u00dflich der Entwicklung, Herstellung und Vermarktung von Produkten durch die Verwendung eines solchen Materials. Jeder, der Material sendet, garantiert, dass dieses ver\u00f6ffentlicht werden kann, und erkl\u00e4rt dabei,\u00a0<strong>DRM<\/strong>\u00a0gegen jede Handlung Dritter im Zusammenhang mit diesem Material schadlos zu halten.<\/p>\n<p class=\"big\"><strong>DRM<\/strong>\u00a0ist in keiner Weise f\u00fcr den Inhalt anderer Websites verantwortlich, auf die von seiner Website aus \u00fcber \u201eLinks\u201c zugegriffen werden kann, da sie sich jeder Form der Kontrolle durch das Unternehmen selbst entziehen, welches sich auf jeden Fall die Berechtigung vorbeh\u00e4lt, Links zu diesen Websites zu l\u00f6schen.<\/p>\n<p class=\"big\">Die Links sind ausschlie\u00dflich aus praktischen Gr\u00fcnden vorhanden und um dem Leser einen entsprechenden Service zu bieten. Die Verbindung zu anderen Websites erfolgt daher ausschlie\u00dflich auf die eigene Gefahr des Benutzers. Dar\u00fcber hinaus bedeutet das Vorhandensein eines Hypertext-Links zu einer externen Website in keiner Weise die Billigung oder \u00dcbernahme der Verantwortung seitens\u00a0<strong>DRM<\/strong>\u00a0f\u00fcr den Inhalt oder die Nutzung dieser Website. Es liegt in der Verantwortung des Benutzers, alle notwendigen Vorkehrungen zu treffen, um sicherzustellen, dass alles, was heruntergeladen und verwendet wird, frei von zerst\u00f6rerischen Elementen wie Viren ist.\u00a0<strong>DRM<\/strong>, und damit der Eigent\u00fcmer, kann in keinem Fall f\u00fcr Sch\u00e4den, ganz oder teilweise, direkt oder indirekt, haftbar gemacht werden, die im Zusammenhang mit der Nutzung dieser Website oder anderer Websites, die \u00fcber einen Hypertext-Link mit ihr verbunden sind, einschlie\u00dflich, aber nicht beschr\u00e4nkt auf Sch\u00e4den wie Gewinn- oder Umsatzverlust, Unterbrechung der Gesch\u00e4fts- oder Berufst\u00e4tigkeit, Verlust von Programmen oder anderer Daten, die sich auf Ihrem Computersystem oder einem anderen System befinden.<\/p>\n<p class=\"big\"><strong>DRM<\/strong>\u00a0garantiert nicht, dass die Nutzung des auf dieser Website enthaltenen Materials in einem anderen Gebiet als Italien legitim ist. Der Zugriff auf die Website von anderen Standorten aus gilt als auf Initiative des Benutzers erfolgend, der die vollst\u00e4ndige Verantwortung f\u00fcr die Einhaltung der lokalen Richtlinie im Rahmen ihrer Anwendung \u00fcbernimmt. Die Software der Website unterliegt dar\u00fcber hinaus den italienischen Exportgesetzen.<\/p>\n<p class=\"big\"><strong>DRM<\/strong>\u00a0bietet dar\u00fcber hinaus keine Garantie f\u00fcr eventuelle St\u00f6rungen der Website, f\u00fcr die Unterbrechung des Dienstes, f\u00fcr die Korrektheit und die Qualit\u00e4t der auf der Website selbst enthaltenen Informationen. Solche Informationen k\u00f6nnen z. B. durch Druckfehler verf\u00e4lscht sein.<\/p>\n<\/div>\n<\/div>\n\t\t\t\t\t\t<\/div>\n\t\t\t\t<\/div>\n\t\t\t\t\t<\/div>\n\t\t<\/div>\n\t\t\t\t\t\t\t<\/div>\n\t\t<\/section>\n\t\t\t\t\t\t\t<\/div>\n\t\t","protected":false},"excerpt":{"rendered":"<p>Nutzungsbedingungen Bitte lesen Sie die Nutzungsbedingungen sorgf\u00e4ltig durch, bevor Sie diese Website nutzen. Durch die Nutzung dieser Website erkl\u00e4ren Sie sich mit diesen Bedingungen einverstanden. Sind Sie damit nicht einverstanden, greifen Sie bitte nicht auf die Website zu. D.R.M. S.r.l. (DRM) beh\u00e4lt sich das Recht vor, nach eigenem Ermessen und jederzeit Teile des Textes der &hellip;<\/p>\n<p class=\"read-more\"> <a class=\"\" href=\"https:\/\/www.drmsrl.it\/de\/nutzungsbedingungen\/\"> <span class=\"screen-reader-text\">Nutzungsbedingungen<\/span> Weiterlesen &raquo;<\/a><\/p>\n","protected":false},"author":1,"featured_media":0,"parent":0,"menu_order":0,"comment_status":"closed","ping_status":"closed","template":"","meta":{"site-sidebar-layout":"no-sidebar","site-content-layout":"page-builder","ast-global-header-display":"","ast-main-header-display":"","ast-hfb-above-header-display":"","ast-hfb-below-header-display":"","ast-hfb-mobile-header-display":"","site-post-title":"disabled","ast-breadcrumbs-content":"","ast-featured-img":"disabled","footer-sml-layout":"","theme-transparent-header-meta":"","adv-header-id-meta":"","stick-header-meta":"","header-above-stick-meta":"","header-main-stick-meta":"","header-below-stick-meta":"","footnotes":""},"class_list":["post-1090","page","type-page","status-publish","hentry"],"acf":[],"yoast_head":"<!-- This site is optimized with the Yoast SEO plugin v19.6.1 - https:\/\/yoast.com\/wordpress\/plugins\/seo\/ -->\n<title>Nutzungsbedingungen - DRM SRL<\/title>\n<meta name=\"description\" content=\"Mit der Nutzung dieser Website stimmen Sie diesen Bedingungen zu. Im Falle der Nichtannahme ist die Website nicht zug\u00e4nglich.\" \/>\n<meta name=\"robots\" content=\"index, follow, max-snippet:-1, max-image-preview:large, max-video-preview:-1\" \/>\n<link rel=\"canonical\" href=\"https:\/\/www.drmsrl.it\/condizioni-duso\/\" \/>\n<meta property=\"og:locale\" content=\"de_DE\" \/>\n<meta property=\"og:type\" content=\"article\" \/>\n<meta property=\"og:title\" content=\"Nutzungsbedingungen - DRM SRL\" \/>\n<meta property=\"og:description\" content=\"Mit der Nutzung dieser Website stimmen Sie diesen Bedingungen zu. Im Falle der Nichtannahme ist die Website nicht zug\u00e4nglich.\" \/>\n<meta property=\"og:url\" content=\"https:\/\/www.drmsrl.it\/condizioni-duso\/\" \/>\n<meta property=\"og:site_name\" content=\"DRM SRL\" \/>\n<meta property=\"article:modified_time\" content=\"2022-02-11T08:20:24+00:00\" \/>\n<meta name=\"twitter:card\" content=\"summary_large_image\" \/>\n<meta name=\"twitter:label1\" content=\"Gesch\u00e4tzte Lesezeit\" \/>\n\t<meta name=\"twitter:data1\" content=\"4\u00a0Minuten\" \/>\n<script type=\"application\/ld+json\" class=\"yoast-schema-graph\">{\"@context\":\"https:\/\/schema.org\",\"@graph\":[{\"@type\":\"WebPage\",\"@id\":\"https:\/\/www.drmsrl.it\/condizioni-duso\/\",\"url\":\"https:\/\/www.drmsrl.it\/condizioni-duso\/\",\"name\":\"Nutzungsbedingungen - DRM SRL\",\"isPartOf\":{\"@id\":\"https:\/\/www.drmsrl.it\/#website\"},\"datePublished\":\"2021-12-03T11:41:52+00:00\",\"dateModified\":\"2022-02-11T08:20:24+00:00\",\"description\":\"Mit der Nutzung dieser Website stimmen Sie diesen Bedingungen zu. Im Falle der Nichtannahme ist die Website nicht zug\u00e4nglich.\",\"breadcrumb\":{\"@id\":\"https:\/\/www.drmsrl.it\/condizioni-duso\/#breadcrumb\"},\"inLanguage\":\"de\",\"potentialAction\":[{\"@type\":\"ReadAction\",\"target\":[\"https:\/\/www.drmsrl.it\/condizioni-duso\/\"]}]},{\"@type\":\"BreadcrumbList\",\"@id\":\"https:\/\/www.drmsrl.it\/condizioni-duso\/#breadcrumb\",\"itemListElement\":[{\"@type\":\"ListItem\",\"position\":1,\"name\":\"Home\",\"item\":\"https:\/\/www.drmsrl.it\/\"},{\"@type\":\"ListItem\",\"position\":2,\"name\":\"Nutzungsbedingungen\"}]},{\"@type\":\"WebSite\",\"@id\":\"https:\/\/www.drmsrl.it\/#website\",\"url\":\"https:\/\/www.drmsrl.it\/\",\"name\":\"DRM SRL\",\"description\":\"Dalle persone per le persone\",\"publisher\":{\"@id\":\"https:\/\/www.drmsrl.it\/#organization\"},\"potentialAction\":[{\"@type\":\"SearchAction\",\"target\":{\"@type\":\"EntryPoint\",\"urlTemplate\":\"https:\/\/www.drmsrl.it\/?s={search_term_string}\"},\"query-input\":\"required name=search_term_string\"}],\"inLanguage\":\"de\"},{\"@type\":\"Organization\",\"@id\":\"https:\/\/www.drmsrl.it\/#organization\",\"name\":\"DRM SRL\",\"url\":\"https:\/\/www.drmsrl.it\/\",\"sameAs\":[],\"logo\":{\"@type\":\"ImageObject\",\"inLanguage\":\"de\",\"@id\":\"https:\/\/www.drmsrl.it\/#\/schema\/logo\/image\/\",\"url\":\"https:\/\/www.drmsrl.it\/wp-content\/uploads\/2021\/11\/logo-drm.svg\",\"contentUrl\":\"https:\/\/www.drmsrl.it\/wp-content\/uploads\/2021\/11\/logo-drm.svg\",\"width\":72,\"height\":52,\"caption\":\"DRM SRL\"},\"image\":{\"@id\":\"https:\/\/www.drmsrl.it\/#\/schema\/logo\/image\/\"}}]}<\/script>\n<!-- \/ Yoast SEO plugin. -->","yoast_head_json":{"title":"Nutzungsbedingungen - DRM SRL","description":"Mit der Nutzung dieser Website stimmen Sie diesen Bedingungen zu. Im Falle der Nichtannahme ist die Website nicht zug\u00e4nglich.","robots":{"index":"index","follow":"follow","max-snippet":"max-snippet:-1","max-image-preview":"max-image-preview:large","max-video-preview":"max-video-preview:-1"},"canonical":"https:\/\/www.drmsrl.it\/condizioni-duso\/","og_locale":"de_DE","og_type":"article","og_title":"Nutzungsbedingungen - DRM SRL","og_description":"Mit der Nutzung dieser Website stimmen Sie diesen Bedingungen zu. Im Falle der Nichtannahme ist die Website nicht zug\u00e4nglich.","og_url":"https:\/\/www.drmsrl.it\/condizioni-duso\/","og_site_name":"DRM SRL","article_modified_time":"2022-02-11T08:20:24+00:00","twitter_card":"summary_large_image","twitter_misc":{"Gesch\u00e4tzte Lesezeit":"4\u00a0Minuten"},"schema":{"@context":"https:\/\/schema.org","@graph":[{"@type":"WebPage","@id":"https:\/\/www.drmsrl.it\/condizioni-duso\/","url":"https:\/\/www.drmsrl.it\/condizioni-duso\/","name":"Nutzungsbedingungen - DRM SRL","isPartOf":{"@id":"https:\/\/www.drmsrl.it\/#website"},"datePublished":"2021-12-03T11:41:52+00:00","dateModified":"2022-02-11T08:20:24+00:00","description":"Mit der Nutzung dieser Website stimmen Sie diesen Bedingungen zu. Im Falle der Nichtannahme ist die Website nicht zug\u00e4nglich.","breadcrumb":{"@id":"https:\/\/www.drmsrl.it\/condizioni-duso\/#breadcrumb"},"inLanguage":"de","potentialAction":[{"@type":"ReadAction","target":["https:\/\/www.drmsrl.it\/condizioni-duso\/"]}]},{"@type":"BreadcrumbList","@id":"https:\/\/www.drmsrl.it\/condizioni-duso\/#breadcrumb","itemListElement":[{"@type":"ListItem","position":1,"name":"Home","item":"https:\/\/www.drmsrl.it\/"},{"@type":"ListItem","position":2,"name":"Nutzungsbedingungen"}]},{"@type":"WebSite","@id":"https:\/\/www.drmsrl.it\/#website","url":"https:\/\/www.drmsrl.it\/","name":"DRM SRL","description":"Dalle persone per le persone","publisher":{"@id":"https:\/\/www.drmsrl.it\/#organization"},"potentialAction":[{"@type":"SearchAction","target":{"@type":"EntryPoint","urlTemplate":"https:\/\/www.drmsrl.it\/?s={search_term_string}"},"query-input":"required name=search_term_string"}],"inLanguage":"de"},{"@type":"Organization","@id":"https:\/\/www.drmsrl.it\/#organization","name":"DRM SRL","url":"https:\/\/www.drmsrl.it\/","sameAs":[],"logo":{"@type":"ImageObject","inLanguage":"de","@id":"https:\/\/www.drmsrl.it\/#\/schema\/logo\/image\/","url":"https:\/\/www.drmsrl.it\/wp-content\/uploads\/2021\/11\/logo-drm.svg","contentUrl":"https:\/\/www.drmsrl.it\/wp-content\/uploads\/2021\/11\/logo-drm.svg","width":72,"height":52,"caption":"DRM SRL"},"image":{"@id":"https:\/\/www.drmsrl.it\/#\/schema\/logo\/image\/"}}]}},"_links":{"self":[{"href":"https:\/\/www.drmsrl.it\/de\/wp-json\/wp\/v2\/pages\/1090","targetHints":{"allow":["GET"]}}],"collection":[{"href":"https:\/\/www.drmsrl.it\/de\/wp-json\/wp\/v2\/pages"}],"about":[{"href":"https:\/\/www.drmsrl.it\/de\/wp-json\/wp\/v2\/types\/page"}],"author":[{"embeddable":true,"href":"https:\/\/www.drmsrl.it\/de\/wp-json\/wp\/v2\/users\/1"}],"replies":[{"embeddable":true,"href":"https:\/\/www.drmsrl.it\/de\/wp-json\/wp\/v2\/comments?post=1090"}],"version-history":[{"count":2,"href":"https:\/\/www.drmsrl.it\/de\/wp-json\/wp\/v2\/pages\/1090\/revisions"}],"predecessor-version":[{"id":1968,"href":"https:\/\/www.drmsrl.it\/de\/wp-json\/wp\/v2\/pages\/1090\/revisions\/1968"}],"wp:attachment":[{"href":"https:\/\/www.drmsrl.it\/de\/wp-json\/wp\/v2\/media?parent=1090"}],"curies":[{"name":"wp","href":"https:\/\/api.w.org\/{rel}","templated":true}]}}